{"id":20038,"date":"2026-01-14T15:48:19","date_gmt":"2026-01-14T15:48:19","guid":{"rendered":"https:\/\/dealeurdesaveurs.com\/?post_type=product&#038;p=20038"},"modified":"2026-03-26T23:09:28","modified_gmt":"2026-03-26T23:09:28","slug":"grapefruitz","status":"publish","type":"product","link":"https:\/\/dealeurdesaveurs.com\/en\/product\/grapefruitz\/","title":{"rendered":"GRAPEFRUITZ &#8211; Fleur CBD Agrume | Enrichi en cannabino\u00efde"},"content":{"rendered":"<h4 data-start=\"681\" data-end=\"699\"><span style=\"color: #ffffff;\">Pr\u00e9sentation<\/span><\/h4>\n<p data-start=\"681\" data-end=\"699\"><span style=\"color: #ffffff;\">La <strong>GrapefruitZ \u2013 Fleur CBD Indoor<\/strong> est une vari\u00e9t\u00e9 de chanvre cultiv\u00e9e en environnement contr\u00f4l\u00e9 afin de garantir stabilit\u00e9, pr\u00e9cision et coh\u00e9rence aromatique.<\/span><\/p>\n<p data-start=\"681\" data-end=\"699\"><span style=\"color: #ffffff;\">S\u00e9lectionn\u00e9e pour la nettet\u00e9 de son profil et la r\u00e9gularit\u00e9 de sa structure, elle s\u2019inscrit dans une approche ma\u00eetris\u00e9e et responsable du CBD.<\/span><\/p>\n<h4 data-start=\"681\" data-end=\"699\"><\/h4>\n<h4 data-start=\"681\" data-end=\"699\"><span style=\"color: #ffffff;\">Profil aromatique<\/span><\/h4>\n<p data-start=\"681\" data-end=\"699\"><span style=\"color: #ffffff;\">La <strong>GrapefruitZ CBD<\/strong> d\u00e9veloppe une signature domin\u00e9e par les agrumes.<\/span><br \/>\n<span style=\"color: #ffffff;\">On retrouve des notes franches de pamplemousse et de zestes d\u2019agrumes m\u00fbrs.<\/span><br \/>\n<span style=\"color: #ffffff;\">L\u2019ensemble reste vif, l\u00e9g\u00e8rement acidul\u00e9, avec une expression directe et lisible.<\/span><\/p>\n<p data-start=\"681\" data-end=\"699\"><span style=\"color: #ffffff;\">Profil aromatique principal : agrumes<\/span><br \/>\n<span style=\"color: #ffffff;\">Signature dominante : pamplemousse<\/span><br \/>\n<span style=\"color: #ffffff;\">Sensation olfactive : fra\u00eeche et nette<\/span><\/p>\n<h4 data-start=\"681\" data-end=\"699\"><\/h4>\n<h4 data-start=\"681\" data-end=\"699\"><span style=\"color: #ffffff;\">Culture Indoor &amp; Structure<\/span><\/h4>\n<p><span style=\"color: #ffffff;\">Cultiv\u00e9e en <strong>indoor<\/strong>, la GrapefruitZ b\u00e9n\u00e9ficie d\u2019un environnement ma\u00eetris\u00e9 (lumi\u00e8re, hygrom\u00e9trie, temp\u00e9rature).<\/span><br \/>\n<span style=\"color: #ffffff;\">Ce mode de culture permet une meilleure r\u00e9gularit\u00e9 visuelle et aromatique.<\/span><\/p>\n<p><span style=\"color: #ffffff;\">Les fleurs pr\u00e9sentent :<\/span><\/p>\n<ul>\n<li><span style=\"color: #ffffff;\">une structure compacte<\/span><\/li>\n<li><span style=\"color: #ffffff;\">une densit\u00e9 homog\u00e8ne<\/span><\/li>\n<li><span style=\"color: #ffffff;\">une manucure soign\u00e9e<\/span><\/li>\n<li><span style=\"color: #ffffff;\">une expression stable d\u2019un lot \u00e0 l\u2019autre<\/span><\/li>\n<\/ul>\n<h4><\/h4>\n<h4><span style=\"color: #ffffff;\">Pour qui ?<\/span><\/h4>\n<p><span style=\"color: #ffffff;\">La <strong>fleur CBD GrapefruitZ indoor<\/strong> s\u2019adresse aux amateurs recherchant :<\/span><\/p>\n<ul>\n<li><span style=\"color: #ffffff;\">une dominante agrume claire<\/span><\/li>\n<li><span style=\"color: #ffffff;\">une lecture aromatique pr\u00e9cise<\/span><\/li>\n<li><span style=\"color: #ffffff;\">une structure compacte<\/span><\/li>\n<li><span style=\"color: #ffffff;\">une culture indoor contr\u00f4l\u00e9e<\/span><\/li>\n<\/ul>\n<p><span style=\"color: #ffffff;\">Une vari\u00e9t\u00e9 pens\u00e9e pour celles et ceux qui privil\u00e9gient la constance et la nettet\u00e9 du profil.<\/span><\/p>\n<h4><\/h4>\n<h4><span style=\"color: #ffffff;\">Caract\u00e9ristiques techniques<\/span><\/h4>\n<ul>\n<li><span style=\"color: #ffffff;\">Type : Fleur CBD<\/span><\/li>\n<li><span style=\"color: #ffffff;\">M\u00e9thode de culture : Indoor<\/span><\/li>\n<li><span style=\"color: #ffffff;\">Profil aromatique : Agrumes \/ Pamplemousse<\/span><\/li>\n<li><span style=\"color: #ffffff;\">Structure : Compacte<\/span><\/li>\n<li><span style=\"color: #ffffff;\">Cat\u00e9gorie : Chanvre Sativa L.<\/span><\/li>\n<\/ul>","protected":false},"excerpt":{"rendered":"<p><span style=\"color: #ffffff;\">Fleur CBD au profil agrum\u00e9 net et expressif, port\u00e9e par des notes fra\u00eeches et l\u00e9g\u00e8rement acidul\u00e9es.<\/span><\/p>\n<p><span style=\"color: #ffffff;\">La Grapefruitz CBD offre une aromatique lisible et structur\u00e9e, associ\u00e9e \u00e0 une intensit\u00e9 ressentie \u00e9quilibr\u00e9e, id\u00e9ale pour les amateurs de profils clairs, pr\u00e9cis et sans lourdeur.<\/span><\/p>","protected":false},"featured_media":29417,"comment_status":"closed","ping_status":"closed","template":"","meta":[],"product_brand":[],"product_cat":[222,296,286],"product_tag":[283,280,274],"class_list":{"0":"post-20038","1":"product","2":"type-product","3":"status-publish","4":"has-post-thumbnail","6":"product_cat-fleurs-cbd","7":"product_cat-fleurs-speciales","8":"product_cat-indoor","9":"product_tag-agrumes","10":"product_tag-enrichi-cannabinoide","11":"product_tag-indoor","13":"first","14":"instock","15":"taxable","16":"shipping-taxable","17":"purchasable","18":"product-type-variable"},"yoast_head":"<!-- This site is optimized with the Yoast SEO plugin v27.5 - https:\/\/yoast.com\/product\/yoast-seo-wordpress\/ -->\n<title>GrapefruitZ | Fleur CBD Indoor Premium - Dealeur de Saveurs<\/title>\n<meta name=\"description\" content=\"GrapefruitZ, fleur CBD indoor \u00e0 dominance agrume. Culture contr\u00f4l\u00e9e, structure dense et profil aromatique vif. Disponible chez Dealeur de Saveurs.\" \/>\n<meta name=\"robots\" content=\"index, follow, max-snippet:-1, max-image-preview:large, max-video-preview:-1\" \/>\n<link rel=\"canonical\" href=\"https:\/\/dealeurdesaveurs.com\/en\/product\/grapefruitz\/\" \/>\n<meta property=\"og:locale\" content=\"en_US\" \/>\n<meta property=\"og:type\" content=\"article\" \/>\n<meta property=\"og:title\" content=\"GrapefruitZ | Fleur CBD Indoor Premium - Dealeur de Saveurs\" \/>\n<meta property=\"og:description\" content=\"GrapefruitZ, fleur CBD indoor \u00e0 dominance agrume. Culture contr\u00f4l\u00e9e, structure dense et profil aromatique vif. Disponible chez Dealeur de Saveurs.\" \/>\n<meta property=\"og:url\" content=\"https:\/\/dealeurdesaveurs.com\/en\/product\/grapefruitz\/\" \/>\n<meta property=\"og:site_name\" content=\"Dealeur de Saveurs\" \/>\n<meta property=\"article:modified_time\" content=\"2026-03-26T23:09:28+00:00\" \/>\n<meta property=\"og:image\" content=\"https:\/\/dealeurdesaveurs.com\/wp-content\/uploads\/2026\/01\/1000012146-1.png\" \/>\n\t<meta property=\"og:image:width\" content=\"720\" \/>\n\t<meta property=\"og:image:height\" content=\"720\" \/>\n\t<meta property=\"og:image:type\" content=\"image\/png\" \/>\n<meta name=\"twitter:card\" content=\"summary_large_image\" \/>\n<meta name=\"twitter:label1\" content=\"Est. reading time\" \/>\n\t<meta name=\"twitter:data1\" content=\"2 minutes\" \/>\n<script type=\"application\/ld+json\" class=\"yoast-schema-graph\">{\"@context\":\"https:\\\/\\\/schema.org\",\"@graph\":[{\"@type\":\"WebPage\",\"@id\":\"https:\\\/\\\/dealeurdesaveurs.com\\\/produit\\\/grapefruitz\\\/\",\"url\":\"https:\\\/\\\/dealeurdesaveurs.com\\\/produit\\\/grapefruitz\\\/\",\"name\":\"GrapefruitZ | Fleur CBD Indoor Premium - Dealeur de Saveurs\",\"isPartOf\":{\"@id\":\"https:\\\/\\\/dealeurdesaveurs.com\\\/#website\"},\"primaryImageOfPage\":{\"@id\":\"https:\\\/\\\/dealeurdesaveurs.com\\\/produit\\\/grapefruitz\\\/#primaryimage\"},\"image\":{\"@id\":\"https:\\\/\\\/dealeurdesaveurs.com\\\/produit\\\/grapefruitz\\\/#primaryimage\"},\"thumbnailUrl\":\"https:\\\/\\\/dealeurdesaveurs.com\\\/wp-content\\\/uploads\\\/2026\\\/01\\\/1000012146-1.png\",\"datePublished\":\"2026-01-14T15:48:19+00:00\",\"dateModified\":\"2026-03-26T23:09:28+00:00\",\"description\":\"GrapefruitZ, fleur CBD indoor \u00e0 dominance agrume. Culture contr\u00f4l\u00e9e, structure dense et profil aromatique vif. Disponible chez Dealeur de Saveurs.\",\"breadcrumb\":{\"@id\":\"https:\\\/\\\/dealeurdesaveurs.com\\\/produit\\\/grapefruitz\\\/#breadcrumb\"},\"inLanguage\":\"en-US\",\"potentialAction\":[{\"@type\":\"ReadAction\",\"target\":[\"https:\\\/\\\/dealeurdesaveurs.com\\\/produit\\\/grapefruitz\\\/\"]}]},{\"@type\":\"ImageObject\",\"inLanguage\":\"en-US\",\"@id\":\"https:\\\/\\\/dealeurdesaveurs.com\\\/produit\\\/grapefruitz\\\/#primaryimage\",\"url\":\"https:\\\/\\\/dealeurdesaveurs.com\\\/wp-content\\\/uploads\\\/2026\\\/01\\\/1000012146-1.png\",\"contentUrl\":\"https:\\\/\\\/dealeurdesaveurs.com\\\/wp-content\\\/uploads\\\/2026\\\/01\\\/1000012146-1.png\",\"width\":720,\"height\":720},{\"@type\":\"BreadcrumbList\",\"@id\":\"https:\\\/\\\/dealeurdesaveurs.com\\\/produit\\\/grapefruitz\\\/#breadcrumb\",\"itemListElement\":[{\"@type\":\"ListItem\",\"position\":1,\"name\":\"Accueil\",\"item\":\"https:\\\/\\\/dealeurdesaveurs.com\\\/\"},{\"@type\":\"ListItem\",\"position\":2,\"name\":\"Produits\",\"item\":\"https:\\\/\\\/dealeurdesaveurs.com\\\/shop\\\/\"},{\"@type\":\"ListItem\",\"position\":3,\"name\":\"GRAPEFRUITZ &#8211; Fleur CBD Agrume | Enrichi en cannabino\u00efde\"}]},{\"@type\":\"WebSite\",\"@id\":\"https:\\\/\\\/dealeurdesaveurs.com\\\/#website\",\"url\":\"https:\\\/\\\/dealeurdesaveurs.com\\\/\",\"name\":\"Dealeurs de Saveurs\",\"description\":\"Fleurs CBD | R\u00e9sines CBD | Huiles CBD | Produits CBD En ligne\",\"publisher\":{\"@id\":\"https:\\\/\\\/dealeurdesaveurs.com\\\/#organization\"},\"potentialAction\":[{\"@type\":\"SearchAction\",\"target\":{\"@type\":\"EntryPoint\",\"urlTemplate\":\"https:\\\/\\\/dealeurdesaveurs.com\\\/?s={search_term_string}\"},\"query-input\":{\"@type\":\"PropertyValueSpecification\",\"valueRequired\":true,\"valueName\":\"search_term_string\"}}],\"inLanguage\":\"en-US\"},{\"@type\":\"Organization\",\"@id\":\"https:\\\/\\\/dealeurdesaveurs.com\\\/#organization\",\"name\":\"Dealeurs de Saveurs\",\"alternateName\":\"DDS\",\"url\":\"https:\\\/\\\/dealeurdesaveurs.com\\\/\",\"logo\":{\"@type\":\"ImageObject\",\"inLanguage\":\"en-US\",\"@id\":\"https:\\\/\\\/dealeurdesaveurs.com\\\/#\\\/schema\\\/logo\\\/image\\\/\",\"url\":\"https:\\\/\\\/dealeurdesaveurs.com\\\/wp-content\\\/uploads\\\/2026\\\/02\\\/1000080641_4ebf3b78bebd9c61b1c47ce765514c09-7_10_2025-1_49_05-PM_20251216_232622_0000.png\",\"contentUrl\":\"https:\\\/\\\/dealeurdesaveurs.com\\\/wp-content\\\/uploads\\\/2026\\\/02\\\/1000080641_4ebf3b78bebd9c61b1c47ce765514c09-7_10_2025-1_49_05-PM_20251216_232622_0000.png\",\"width\":650,\"height\":690,\"caption\":\"Dealeurs de Saveurs\"},\"image\":{\"@id\":\"https:\\\/\\\/dealeurdesaveurs.com\\\/#\\\/schema\\\/logo\\\/image\\\/\"},\"sameAs\":[\"https:\\\/\\\/www.instagram.com\\\/dealeurdesaveurs\"]}]}<\/script>\n<!-- \/ Yoast SEO plugin. -->","yoast_head_json":{"title":"GrapefruitZ | Fleur CBD Indoor Premium - Dealeur de Saveurs","description":"GrapefruitZ, fleur CBD indoor \u00e0 dominance agrume. Culture contr\u00f4l\u00e9e, structure dense et profil aromatique vif. Disponible chez Dealeur de Saveurs.","robots":{"index":"index","follow":"follow","max-snippet":"max-snippet:-1","max-image-preview":"max-image-preview:large","max-video-preview":"max-video-preview:-1"},"canonical":"https:\/\/dealeurdesaveurs.com\/en\/product\/grapefruitz\/","og_locale":"en_US","og_type":"article","og_title":"GrapefruitZ | Fleur CBD Indoor Premium - Dealeur de Saveurs","og_description":"GrapefruitZ, fleur CBD indoor \u00e0 dominance agrume. Culture contr\u00f4l\u00e9e, structure dense et profil aromatique vif. Disponible chez Dealeur de Saveurs.","og_url":"https:\/\/dealeurdesaveurs.com\/en\/product\/grapefruitz\/","og_site_name":"Dealeur de Saveurs","article_modified_time":"2026-03-26T23:09:28+00:00","og_image":[{"width":720,"height":720,"url":"https:\/\/dealeurdesaveurs.com\/wp-content\/uploads\/2026\/01\/1000012146-1.png","type":"image\/png"}],"twitter_card":"summary_large_image","twitter_misc":{"Est. reading time":"2 minutes"},"schema":{"@context":"https:\/\/schema.org","@graph":[{"@type":"WebPage","@id":"https:\/\/dealeurdesaveurs.com\/produit\/grapefruitz\/","url":"https:\/\/dealeurdesaveurs.com\/produit\/grapefruitz\/","name":"GrapefruitZ | Fleur CBD Indoor Premium - Dealeur de Saveurs","isPartOf":{"@id":"https:\/\/dealeurdesaveurs.com\/#website"},"primaryImageOfPage":{"@id":"https:\/\/dealeurdesaveurs.com\/produit\/grapefruitz\/#primaryimage"},"image":{"@id":"https:\/\/dealeurdesaveurs.com\/produit\/grapefruitz\/#primaryimage"},"thumbnailUrl":"https:\/\/dealeurdesaveurs.com\/wp-content\/uploads\/2026\/01\/1000012146-1.png","datePublished":"2026-01-14T15:48:19+00:00","dateModified":"2026-03-26T23:09:28+00:00","description":"GrapefruitZ, fleur CBD indoor \u00e0 dominance agrume. Culture contr\u00f4l\u00e9e, structure dense et profil aromatique vif. Disponible chez Dealeur de Saveurs.","breadcrumb":{"@id":"https:\/\/dealeurdesaveurs.com\/produit\/grapefruitz\/#breadcrumb"},"inLanguage":"en-US","potentialAction":[{"@type":"ReadAction","target":["https:\/\/dealeurdesaveurs.com\/produit\/grapefruitz\/"]}]},{"@type":"ImageObject","inLanguage":"en-US","@id":"https:\/\/dealeurdesaveurs.com\/produit\/grapefruitz\/#primaryimage","url":"https:\/\/dealeurdesaveurs.com\/wp-content\/uploads\/2026\/01\/1000012146-1.png","contentUrl":"https:\/\/dealeurdesaveurs.com\/wp-content\/uploads\/2026\/01\/1000012146-1.png","width":720,"height":720},{"@type":"BreadcrumbList","@id":"https:\/\/dealeurdesaveurs.com\/produit\/grapefruitz\/#breadcrumb","itemListElement":[{"@type":"ListItem","position":1,"name":"Accueil","item":"https:\/\/dealeurdesaveurs.com\/"},{"@type":"ListItem","position":2,"name":"Produits","item":"https:\/\/dealeurdesaveurs.com\/shop\/"},{"@type":"ListItem","position":3,"name":"GRAPEFRUITZ &#8211; Fleur CBD Agrume | Enrichi en cannabino\u00efde"}]},{"@type":"WebSite","@id":"https:\/\/dealeurdesaveurs.com\/#website","url":"https:\/\/dealeurdesaveurs.com\/","name":"Dealeurs de Saveurs","description":"Fleurs CBD | R\u00e9sines CBD | Huiles CBD | Produits CBD En ligne","publisher":{"@id":"https:\/\/dealeurdesaveurs.com\/#organization"},"potentialAction":[{"@type":"SearchAction","target":{"@type":"EntryPoint","urlTemplate":"https:\/\/dealeurdesaveurs.com\/?s={search_term_string}"},"query-input":{"@type":"PropertyValueSpecification","valueRequired":true,"valueName":"search_term_string"}}],"inLanguage":"en-US"},{"@type":"Organization","@id":"https:\/\/dealeurdesaveurs.com\/#organization","name":"Dealeurs de Saveurs","alternateName":"DDS","url":"https:\/\/dealeurdesaveurs.com\/","logo":{"@type":"ImageObject","inLanguage":"en-US","@id":"https:\/\/dealeurdesaveurs.com\/#\/schema\/logo\/image\/","url":"https:\/\/dealeurdesaveurs.com\/wp-content\/uploads\/2026\/02\/1000080641_4ebf3b78bebd9c61b1c47ce765514c09-7_10_2025-1_49_05-PM_20251216_232622_0000.png","contentUrl":"https:\/\/dealeurdesaveurs.com\/wp-content\/uploads\/2026\/02\/1000080641_4ebf3b78bebd9c61b1c47ce765514c09-7_10_2025-1_49_05-PM_20251216_232622_0000.png","width":650,"height":690,"caption":"Dealeurs de Saveurs"},"image":{"@id":"https:\/\/dealeurdesaveurs.com\/#\/schema\/logo\/image\/"},"sameAs":["https:\/\/www.instagram.com\/dealeurdesaveurs"]}]}},"jetpack_sharing_enabled":true,"_links":{"self":[{"href":"https:\/\/dealeurdesaveurs.com\/en\/wp-json\/wp\/v2\/product\/20038","targetHints":{"allow":["GET"]}}],"collection":[{"href":"https:\/\/dealeurdesaveurs.com\/en\/wp-json\/wp\/v2\/product"}],"about":[{"href":"https:\/\/dealeurdesaveurs.com\/en\/wp-json\/wp\/v2\/types\/product"}],"replies":[{"embeddable":true,"href":"https:\/\/dealeurdesaveurs.com\/en\/wp-json\/wp\/v2\/comments?post=20038"}],"version-history":[{"count":22,"href":"https:\/\/dealeurdesaveurs.com\/en\/wp-json\/wp\/v2\/product\/20038\/revisions"}],"predecessor-version":[{"id":29462,"href":"https:\/\/dealeurdesaveurs.com\/en\/wp-json\/wp\/v2\/product\/20038\/revisions\/29462"}],"wp:featuredmedia":[{"embeddable":true,"href":"https:\/\/dealeurdesaveurs.com\/en\/wp-json\/wp\/v2\/media\/29417"}],"wp:attachment":[{"href":"https:\/\/dealeurdesaveurs.com\/en\/wp-json\/wp\/v2\/media?parent=20038"}],"wp:term":[{"taxonomy":"product_brand","embeddable":true,"href":"https:\/\/dealeurdesaveurs.com\/en\/wp-json\/wp\/v2\/product_brand?post=20038"},{"taxonomy":"product_cat","embeddable":true,"href":"https:\/\/dealeurdesaveurs.com\/en\/wp-json\/wp\/v2\/product_cat?post=20038"},{"taxonomy":"product_tag","embeddable":true,"href":"https:\/\/dealeurdesaveurs.com\/en\/wp-json\/wp\/v2\/product_tag?post=20038"}],"curies":[{"name":"wp","href":"https:\/\/api.w.org\/{rel}","templated":true}]}}