{"id":3,"date":"2025-01-22T20:16:04","date_gmt":"2025-01-22T20:16:04","guid":{"rendered":"https:\/\/dealersdesaveurs.deuxbandes.com\/?page_id=3"},"modified":"2026-02-16T23:58:27","modified_gmt":"2026-02-16T23:58:27","slug":"privacy-policy","status":"publish","type":"page","link":"https:\/\/dealeurdesaveurs.com\/fr\/privacy-policy\/","title":{"rendered":"Privacy Policy"},"content":{"rendered":"<div data-elementor-type=\"wp-page\" data-elementor-id=\"3\" class=\"elementor elementor-3\" data-elementor-post-type=\"page\">\n\t\t\t\t<div class=\"wd-negative-gap elementor-element elementor-element-4d967d67 e-flex e-con-boxed e-con e-parent\" data-id=\"4d967d67\" data-element_type=\"container\" data-e-type=\"container\">\n\t\t\t\t\t<div class=\"e-con-inner\">\n\t\t\t\t<div class=\"elementor-element elementor-element-4c0021fe color-scheme-inherit text-left elementor-widget elementor-widget-text-editor\" data-id=\"4c0021fe\" data-element_type=\"widget\" data-e-type=\"widget\" data-widget_type=\"text-editor.default\">\n\t\t\t\t\t\t\t\t\t<h2 class=\"wp-block-heading\" style=\"text-align: left;\"><span style=\"color: #ffffff;\">Qui nous sommes ?<\/span><\/h2><h6 class=\"wp-block-heading\" style=\"text-align: left;\"><span style=\"color: #ffffff;\">Notre site Web est : https:\/\/dealeurdesaveurs.com.<\/span><\/h6><h2 class=\"wp-block-heading\" style=\"text-align: left;\"><span style=\"color: #ffffff;\">Commentaires<\/span><\/h2><h6 class=\"wp-block-heading\" style=\"text-align: left;\"><span style=\"color: #ffffff;\">Lorsque les visiteurs laissent des commentaires sur le site, nous collectons les donn\u00e9es indiqu\u00e9es dans le formulaire de commentaires, ainsi que l\u2019adresse IP du visiteur et la cha\u00eene de l\u2019agent utilisateur du navigateur afin d\u2019aider \u00e0 la d\u00e9tection des spams.<\/span><\/h6><h6 class=\"wp-block-heading\" style=\"text-align: left;\"><span style=\"color: #ffffff;\">Une cha\u00eene anonymis\u00e9e cr\u00e9\u00e9e \u00e0 partir de votre adresse e-mail (\u00e9galement appel\u00e9e hash) peut \u00eatre fournie au service Gravatar pour v\u00e9rifier si vous l\u2019utilisez.<\/span><\/h6><h6 class=\"wp-block-heading\" style=\"text-align: left;\"><span style=\"color: #ffffff;\">La politique de confidentialit\u00e9 du service Gravatar est disponible ici : https:\/\/automattic.com\/privacy\/.<\/span><\/h6><h6 class=\"wp-block-heading\" style=\"text-align: left;\"><span style=\"color: #ffffff;\">Apr\u00e8s l\u2019approbation de votre commentaire, votre photo de profil est visible du public dans le contexte de votre commentaire.<\/span><\/h6><h6>\u00a0<\/h6><h2 class=\"wp-block-heading\" style=\"text-align: left;\"><span style=\"color: #ffffff;\">M\u00e9dias<\/span><\/h2><h6><span style=\"color: #ffffff;\">Si vous t\u00e9l\u00e9chargez des images sur le site web, vous devriez \u00e9viter de t\u00e9l\u00e9charger des images contenant des donn\u00e9es de localisation int\u00e9gr\u00e9es (EXIF GPS).<\/span><\/h6><h6 class=\"wp-block-heading\" style=\"text-align: left;\"><span style=\"color: #ffffff;\">Les visiteurs du site peuvent t\u00e9l\u00e9charger et extraire toutes les donn\u00e9es de localisation des images pr\u00e9sentes sur le site.<\/span><\/h6><h6>\u00a0<\/h6><h2 class=\"wp-block-heading\" style=\"text-align: left;\"><span style=\"color: #ffffff;\">Cookies<\/span><\/h2><h6 class=\"wp-block-heading\" style=\"text-align: left;\"><span style=\"color: #ffffff;\">Si vous laissez un commentaire sur notre site, vous pouvez choisir de sauvegarder votre nom, votre adresse e-mail et votre site web dans des cookies. Cela est fait pour votre commodit\u00e9 afin que vous n\u2019ayez pas \u00e0 remplir vos informations \u00e0 nouveau lorsque vous laisserez un autre commentaire. Ces cookies dureront un an.<\/span><\/h6><h6 class=\"wp-block-heading\" style=\"text-align: left;\"><span style=\"color: #ffffff;\">Si vous visitez notre page de connexion, nous installerons un cookie temporaire pour d\u00e9terminer si votre navigateur accepte les cookies. Ce cookie ne contient aucune donn\u00e9e personnelle et est supprim\u00e9 lorsque vous fermez votre navigateur.<\/span><\/h6><h6 class=\"wp-block-heading\" style=\"text-align: left;\"><span style=\"color: #ffffff;\">Lors de la connexion, nous configurerons \u00e9galement plusieurs cookies pour enregistrer vos informations de connexion et vos pr\u00e9f\u00e9rences d\u2019affichage.<\/span><\/h6><h6 class=\"wp-block-heading\" style=\"text-align: left;\"><span style=\"color: #ffffff;\">Les cookies de connexion durent deux jours, et les cookies des options d\u2019affichage durent un an.<\/span><\/h6><h6 class=\"wp-block-heading\" style=\"text-align: left;\"><span style=\"color: #ffffff;\">Si vous s\u00e9lectionnez &#8220;Se souvenir de moi&#8221;, votre connexion sera maintenue pendant deux semaines.<\/span><\/h6><h6 class=\"wp-block-heading\" style=\"text-align: left;\"><span style=\"color: #ffffff;\">Si vous vous d\u00e9connectez de votre compte, les cookies de connexion seront supprim\u00e9s. Si vous modifiez ou publiez un article, un cookie suppl\u00e9mentaire sera enregistr\u00e9 dans votre navigateur.<\/span><\/h6><h6 class=\"wp-block-heading\" style=\"text-align: left;\"><span style=\"color: #ffffff;\">Ce cookie ne contient aucune donn\u00e9e personnelle et indique simplement l\u2019identifiant de l\u2019article que vous venez de modifier. Il expire apr\u00e8s 1 jour.<\/span><\/h6><h6>\u00a0<\/h6><h2 class=\"wp-block-heading\" style=\"text-align: left;\"><span style=\"color: #ffffff;\">Contenu int\u00e9gr\u00e9 provenant d\u2019autres sites web<\/span><\/h2><h6 class=\"wp-block-heading\" style=\"text-align: left;\"><span style=\"color: #ffffff;\">Les articles de ce site peuvent inclure du contenu int\u00e9gr\u00e9 (par exemple des vid\u00e9os, images, articles, etc.).<\/span><\/h6><h6 class=\"wp-block-heading\" style=\"text-align: left;\"><span style=\"color: #ffffff;\">Le contenu int\u00e9gr\u00e9 provenant d\u2019autres sites se comporte exactement de la m\u00eame mani\u00e8re que si le visiteur avait visit\u00e9 l\u2019autre site web.<\/span><\/h6><h6 class=\"wp-block-heading\" style=\"text-align: left;\"><span style=\"color: #ffffff;\">Ces sites peuvent collecter des donn\u00e9es vous concernant, utiliser des cookies, int\u00e9grer un suivi tiers suppl\u00e9mentaire et surveiller votre interaction avec ce contenu int\u00e9gr\u00e9, y compris suivre votre interaction avec le contenu int\u00e9gr\u00e9 si vous avez un compte et que vous \u00eates connect\u00e9 \u00e0 ce site web.<\/span><\/h6><h4>\u00a0<\/h4><h2 class=\"wp-block-heading\" style=\"text-align: left;\"><span style=\"color: #ffffff;\">Avec qui nous partageons vos donn\u00e9es<\/span><\/h2><h6 class=\"wp-block-heading\" style=\"text-align: left;\"><span style=\"color: #ffffff;\">Si vous demandez une r\u00e9initialisation de mot de passe, votre adresse IP sera incluse dans l\u2019e-mail de r\u00e9initialisation.<\/span><\/h6><h4>\u00a0<\/h4><h2 class=\"wp-block-heading\" style=\"text-align: left;\"><span style=\"color: #ffffff;\">Combien de temps nous conservons vos donn\u00e9es<\/span><\/h2><h6 class=\"wp-block-heading\" style=\"text-align: left;\"><span style=\"color: #ffffff;\">Si vous laissez un commentaire, le commentaire et ses m\u00e9tadonn\u00e9es sont conserv\u00e9s ind\u00e9finiment. Cela nous permet de reconna\u00eetre et d&#8217;approuver automatiquement les commentaires de suivi au lieu de les placer dans une file de mod\u00e9ration.<\/span><\/h6><h6 class=\"wp-block-heading\" style=\"text-align: left;\"><span style=\"color: #ffffff;\">Pour les utilisateurs qui s&#8217;inscrivent sur notre site Web (le cas \u00e9ch\u00e9ant), nous stockons \u00e9galement les informations personnelles qu&#8217;ils fournissent dans leur profil utilisateur.<\/span><\/h6><h6 class=\"wp-block-heading\" style=\"text-align: left;\"><span style=\"color: #ffffff;\">Tous les utilisateurs peuvent voir, modifier ou supprimer leurs informations personnelles \u00e0 tout moment (sauf qu&#8217;ils ne peuvent pas changer leur nom d&#8217;utilisateur).<\/span><\/h6><h6 class=\"wp-block-heading\" style=\"text-align: left;\"><span style=\"color: #ffffff;\">Les administrateurs du site Web peuvent \u00e9galement voir et modifier ces informations.<\/span><\/h6><h2>\u00a0<\/h2><h2 class=\"wp-block-heading\" style=\"text-align: left;\"><span style=\"color: #ffffff;\">Quels droits vous avez sur vos donn\u00e9es<\/span><\/h2><h6 class=\"wp-block-heading\" style=\"text-align: left;\"><span style=\"color: #ffffff;\">Si vous avez un compte sur ce site, ou si vous avez laiss\u00e9 des commentaires, vous pouvez demander \u00e0 recevoir un fichier export\u00e9 des donn\u00e9es personnelles que nous d\u00e9tenons \u00e0 votre sujet, y compris toutes les donn\u00e9es que vous nous avez fournies.<\/span><\/h6><h6 class=\"wp-block-heading\" style=\"text-align: left;\"><span style=\"color: #ffffff;\">Vous pouvez \u00e9galement demander que nous effacions toutes les donn\u00e9es personnelles que nous d\u00e9tenons \u00e0 votre sujet. Cela n&#8217;inclut pas les donn\u00e9es que nous sommes oblig\u00e9s de conserver pour des raisons administratives, l\u00e9gales ou de s\u00e9curit\u00e9.<\/span><\/h6><h4>\u00a0<\/h4><h2 class=\"wp-block-heading\" style=\"text-align: left;\"><span style=\"color: #ffffff;\">O\u00f9 vos donn\u00e9es sont envoy\u00e9es<\/span><\/h2><h6 class=\"wp-block-heading\" style=\"text-align: left;\"><span style=\"color: #ffffff;\">Les commentaires des visiteurs peuvent \u00eatre v\u00e9rifi\u00e9s par un service automatis\u00e9 de d\u00e9tection de spam.<\/span><\/h6>\t\t\t\t\t\t\t\t<\/div>\n\t\t\t\t\t<\/div>\n\t\t\t\t<\/div>\n\t\t\t\t<\/div>","protected":false},"excerpt":{"rendered":"<p>Qui nous sommes ? Notre site Web est : https:\/\/dealeurdesaveurs.com. Commentaires Lorsque les visiteurs laissent des commentaires sur le site,<\/p>","protected":false},"author":2,"featured_media":0,"parent":0,"menu_order":0,"comment_status":"closed","ping_status":"open","template":"","meta":{"_angie_page":false,"footnotes":""},"class_list":["post-3","page","type-page","status-publish","hentry"],"yoast_head":"<!-- This site is optimized with the Yoast SEO plugin v27.3 - https:\/\/yoast.com\/product\/yoast-seo-wordpress\/ -->\n<title>Politique de confidentialit\u00e9 | Dealeur de Saveurs<\/title>\n<meta name=\"description\" content=\"Consultez la politique de confidentialit\u00e9 de Dealeur de Saveurs : collecte, traitement et protection des donn\u00e9es personnelles conform\u00e9ment au RGPD.\" \/>\n<meta name=\"robots\" content=\"index, follow, max-snippet:-1, max-image-preview:large, max-video-preview:-1\" \/>\n<link rel=\"canonical\" href=\"https:\/\/dealeurdesaveurs.com\/fr\/privacy-policy\/\" \/>\n<meta property=\"og:locale\" content=\"fr_FR\" \/>\n<meta property=\"og:type\" content=\"article\" \/>\n<meta property=\"og:title\" content=\"Politique de confidentialit\u00e9 | Dealeur de Saveurs\" \/>\n<meta property=\"og:description\" content=\"Consultez la politique de confidentialit\u00e9 de Dealeur de Saveurs : collecte, traitement et protection des donn\u00e9es personnelles conform\u00e9ment au RGPD.\" \/>\n<meta property=\"og:url\" content=\"https:\/\/dealeurdesaveurs.com\/fr\/privacy-policy\/\" \/>\n<meta property=\"og:site_name\" content=\"Dealeur de Saveurs\" \/>\n<meta property=\"article:modified_time\" content=\"2026-02-16T23:58:27+00:00\" \/>\n<meta name=\"twitter:card\" content=\"summary_large_image\" \/>\n<meta name=\"twitter:label1\" content=\"Dur\u00e9e de lecture estim\u00e9e\" \/>\n\t<meta name=\"twitter:data1\" content=\"4 minutes\" \/>\n<script type=\"application\/ld+json\" class=\"yoast-schema-graph\">{\"@context\":\"https:\\\/\\\/schema.org\",\"@graph\":[{\"@type\":\"WebPage\",\"@id\":\"https:\\\/\\\/dealeurdesaveurs.com\\\/privacy-policy\\\/\",\"url\":\"https:\\\/\\\/dealeurdesaveurs.com\\\/privacy-policy\\\/\",\"name\":\"Politique de confidentialit\u00e9 | Dealeur de Saveurs\",\"isPartOf\":{\"@id\":\"https:\\\/\\\/dealeurdesaveurs.com\\\/#website\"},\"datePublished\":\"2025-01-22T20:16:04+00:00\",\"dateModified\":\"2026-02-16T23:58:27+00:00\",\"description\":\"Consultez la politique de confidentialit\u00e9 de Dealeur de Saveurs : collecte, traitement et protection des donn\u00e9es personnelles conform\u00e9ment au RGPD.\",\"breadcrumb\":{\"@id\":\"https:\\\/\\\/dealeurdesaveurs.com\\\/privacy-policy\\\/#breadcrumb\"},\"inLanguage\":\"fr-FR\",\"potentialAction\":[{\"@type\":\"ReadAction\",\"target\":[\"https:\\\/\\\/dealeurdesaveurs.com\\\/privacy-policy\\\/\"]}]},{\"@type\":\"BreadcrumbList\",\"@id\":\"https:\\\/\\\/dealeurdesaveurs.com\\\/privacy-policy\\\/#breadcrumb\",\"itemListElement\":[{\"@type\":\"ListItem\",\"position\":1,\"name\":\"Accueil\",\"item\":\"https:\\\/\\\/dealeurdesaveurs.com\\\/\"},{\"@type\":\"ListItem\",\"position\":2,\"name\":\"Privacy Policy\"}]},{\"@type\":\"WebSite\",\"@id\":\"https:\\\/\\\/dealeurdesaveurs.com\\\/#website\",\"url\":\"https:\\\/\\\/dealeurdesaveurs.com\\\/\",\"name\":\"Dealeurs de Saveurs\",\"description\":\"Fleurs CBD | R\u00e9sines CBD | Huiles CBD | Produits CBD En ligne\",\"publisher\":{\"@id\":\"https:\\\/\\\/dealeurdesaveurs.com\\\/#organization\"},\"potentialAction\":[{\"@type\":\"SearchAction\",\"target\":{\"@type\":\"EntryPoint\",\"urlTemplate\":\"https:\\\/\\\/dealeurdesaveurs.com\\\/?s={search_term_string}\"},\"query-input\":{\"@type\":\"PropertyValueSpecification\",\"valueRequired\":true,\"valueName\":\"search_term_string\"}}],\"inLanguage\":\"fr-FR\"},{\"@type\":\"Organization\",\"@id\":\"https:\\\/\\\/dealeurdesaveurs.com\\\/#organization\",\"name\":\"Dealeurs de Saveurs\",\"alternateName\":\"DDS\",\"url\":\"https:\\\/\\\/dealeurdesaveurs.com\\\/\",\"logo\":{\"@type\":\"ImageObject\",\"inLanguage\":\"fr-FR\",\"@id\":\"https:\\\/\\\/dealeurdesaveurs.com\\\/#\\\/schema\\\/logo\\\/image\\\/\",\"url\":\"https:\\\/\\\/dealeurdesaveurs.com\\\/wp-content\\\/uploads\\\/2026\\\/02\\\/1000080641_4ebf3b78bebd9c61b1c47ce765514c09-7_10_2025-1_49_05-PM_20251216_232622_0000.png\",\"contentUrl\":\"https:\\\/\\\/dealeurdesaveurs.com\\\/wp-content\\\/uploads\\\/2026\\\/02\\\/1000080641_4ebf3b78bebd9c61b1c47ce765514c09-7_10_2025-1_49_05-PM_20251216_232622_0000.png\",\"width\":650,\"height\":690,\"caption\":\"Dealeurs de Saveurs\"},\"image\":{\"@id\":\"https:\\\/\\\/dealeurdesaveurs.com\\\/#\\\/schema\\\/logo\\\/image\\\/\"},\"sameAs\":[\"https:\\\/\\\/www.instagram.com\\\/dealeurdesaveurs\"]}]}<\/script>\n<!-- \/ Yoast SEO plugin. -->","yoast_head_json":{"title":"Politique de confidentialit\u00e9 | Dealeur de Saveurs","description":"Consultez la politique de confidentialit\u00e9 de Dealeur de Saveurs : collecte, traitement et protection des donn\u00e9es personnelles conform\u00e9ment au RGPD.","robots":{"index":"index","follow":"follow","max-snippet":"max-snippet:-1","max-image-preview":"max-image-preview:large","max-video-preview":"max-video-preview:-1"},"canonical":"https:\/\/dealeurdesaveurs.com\/fr\/privacy-policy\/","og_locale":"fr_FR","og_type":"article","og_title":"Politique de confidentialit\u00e9 | Dealeur de Saveurs","og_description":"Consultez la politique de confidentialit\u00e9 de Dealeur de Saveurs : collecte, traitement et protection des donn\u00e9es personnelles conform\u00e9ment au RGPD.","og_url":"https:\/\/dealeurdesaveurs.com\/fr\/privacy-policy\/","og_site_name":"Dealeur de Saveurs","article_modified_time":"2026-02-16T23:58:27+00:00","twitter_card":"summary_large_image","twitter_misc":{"Dur\u00e9e de lecture estim\u00e9e":"4 minutes"},"schema":{"@context":"https:\/\/schema.org","@graph":[{"@type":"WebPage","@id":"https:\/\/dealeurdesaveurs.com\/privacy-policy\/","url":"https:\/\/dealeurdesaveurs.com\/privacy-policy\/","name":"Politique de confidentialit\u00e9 | Dealeur de Saveurs","isPartOf":{"@id":"https:\/\/dealeurdesaveurs.com\/#website"},"datePublished":"2025-01-22T20:16:04+00:00","dateModified":"2026-02-16T23:58:27+00:00","description":"Consultez la politique de confidentialit\u00e9 de Dealeur de Saveurs : collecte, traitement et protection des donn\u00e9es personnelles conform\u00e9ment au RGPD.","breadcrumb":{"@id":"https:\/\/dealeurdesaveurs.com\/privacy-policy\/#breadcrumb"},"inLanguage":"fr-FR","potentialAction":[{"@type":"ReadAction","target":["https:\/\/dealeurdesaveurs.com\/privacy-policy\/"]}]},{"@type":"BreadcrumbList","@id":"https:\/\/dealeurdesaveurs.com\/privacy-policy\/#breadcrumb","itemListElement":[{"@type":"ListItem","position":1,"name":"Accueil","item":"https:\/\/dealeurdesaveurs.com\/"},{"@type":"ListItem","position":2,"name":"Privacy Policy"}]},{"@type":"WebSite","@id":"https:\/\/dealeurdesaveurs.com\/#website","url":"https:\/\/dealeurdesaveurs.com\/","name":"Dealeurs de Saveurs","description":"Fleurs CBD | R\u00e9sines CBD | Huiles CBD | Produits CBD En ligne","publisher":{"@id":"https:\/\/dealeurdesaveurs.com\/#organization"},"potentialAction":[{"@type":"SearchAction","target":{"@type":"EntryPoint","urlTemplate":"https:\/\/dealeurdesaveurs.com\/?s={search_term_string}"},"query-input":{"@type":"PropertyValueSpecification","valueRequired":true,"valueName":"search_term_string"}}],"inLanguage":"fr-FR"},{"@type":"Organization","@id":"https:\/\/dealeurdesaveurs.com\/#organization","name":"Dealeurs de Saveurs","alternateName":"DDS","url":"https:\/\/dealeurdesaveurs.com\/","logo":{"@type":"ImageObject","inLanguage":"fr-FR","@id":"https:\/\/dealeurdesaveurs.com\/#\/schema\/logo\/image\/","url":"https:\/\/dealeurdesaveurs.com\/wp-content\/uploads\/2026\/02\/1000080641_4ebf3b78bebd9c61b1c47ce765514c09-7_10_2025-1_49_05-PM_20251216_232622_0000.png","contentUrl":"https:\/\/dealeurdesaveurs.com\/wp-content\/uploads\/2026\/02\/1000080641_4ebf3b78bebd9c61b1c47ce765514c09-7_10_2025-1_49_05-PM_20251216_232622_0000.png","width":650,"height":690,"caption":"Dealeurs de Saveurs"},"image":{"@id":"https:\/\/dealeurdesaveurs.com\/#\/schema\/logo\/image\/"},"sameAs":["https:\/\/www.instagram.com\/dealeurdesaveurs"]}]}},"jetpack_sharing_enabled":true,"_links":{"self":[{"href":"https:\/\/dealeurdesaveurs.com\/fr\/wp-json\/wp\/v2\/pages\/3","targetHints":{"allow":["GET"]}}],"collection":[{"href":"https:\/\/dealeurdesaveurs.com\/fr\/wp-json\/wp\/v2\/pages"}],"about":[{"href":"https:\/\/dealeurdesaveurs.com\/fr\/wp-json\/wp\/v2\/types\/page"}],"author":[{"embeddable":true,"href":"https:\/\/dealeurdesaveurs.com\/fr\/wp-json\/wp\/v2\/users\/2"}],"replies":[{"embeddable":true,"href":"https:\/\/dealeurdesaveurs.com\/fr\/wp-json\/wp\/v2\/comments?post=3"}],"version-history":[{"count":24,"href":"https:\/\/dealeurdesaveurs.com\/fr\/wp-json\/wp\/v2\/pages\/3\/revisions"}],"predecessor-version":[{"id":21199,"href":"https:\/\/dealeurdesaveurs.com\/fr\/wp-json\/wp\/v2\/pages\/3\/revisions\/21199"}],"wp:attachment":[{"href":"https:\/\/dealeurdesaveurs.com\/fr\/wp-json\/wp\/v2\/media?parent=3"}],"curies":[{"name":"wp","href":"https:\/\/api.w.org\/{rel}","templated":true}]}}