{"id":18733,"date":"2026-01-02T15:32:13","date_gmt":"2026-01-02T15:32:13","guid":{"rendered":"https:\/\/dealeurdesaveurs.com\/product\/capsule-a-clipser-1g\/"},"modified":"2026-04-28T21:11:53","modified_gmt":"2026-04-28T21:11:53","slug":"capsule-a-clip-1g","status":"publish","type":"product","link":"https:\/\/dealeurdesaveurs.com\/fr\/produit\/capsule-a-clip-1g\/","title":{"rendered":"Capsule de conditionnement 1g (vide)"},"content":{"rendered":"<p><span style=\"color:#ffffff\">Capsule de conditionnement destin\u00e9e au stockage et \u00e0 l\u2019organisation logistique.<\/span><br \/>\n<span style=\"color:#ffffff\">Con\u00e7ue pour un usage technique et professionnel, cette capsule permet le conditionnement unitaire d\u2019objets ou de mati\u00e8res non consommables, dans un cadre de pr\u00e9paration, de tri ou de stockage<\/span>.<br \/>\n<span style=\"color:#ffffff\">Produit ne contenant aucune substance, non destin\u00e9 \u00e0 l\u2019ingestion ni \u00e0 la consommation.<\/span><\/p>\n<ul>\n<li><span style=\"color:#ffffff\">Utilisation :<\/span>\n<p><span style=\"color:#ffffff\">\u2013 stockage technique<\/span><\/p>\n<p><span style=\"color:#ffffff\">\u2013 organisation de petites pi\u00e8ces<\/span><\/p>\n<p><span style=\"color:#ffffff\">\u2013 conditionnement logistique<\/span><\/p>\n<p><span style=\"color:#ffffff\">Produit vendu vide.<\/span><\/li>\n<\/ul>","protected":false},"excerpt":{"rendered":"<p>Capsule de conditionnement <strong>format 1 g<\/strong>, con\u00e7ue pour le <strong>stockage pr\u00e9cis et s\u00e9curis\u00e9<\/strong>, disponible en vente <strong>professionnelle ou en grande quantit\u00e9<\/strong>.<\/p>","protected":false},"featured_media":18855,"comment_status":"closed","ping_status":"closed","template":"","meta":{"_angie_page":false},"product_brand":[],"product_cat":[197,190],"product_tag":[],"class_list":{"0":"post-18733","1":"product","2":"type-product","3":"status-publish","4":"has-post-thumbnail","6":"product_cat-conditionnement","7":"product_cat-consommables","8":"pa_quantity-193","9":"pa_quantity-191","10":"pa_quantity-192","12":"first","13":"instock","14":"purchasable","15":"product-type-variable"},"yoast_head":"<!-- This site is optimized with the Yoast SEO plugin v27.3 - https:\/\/yoast.com\/product\/yoast-seo-wordpress\/ -->\n<title>Capsule de conditionnement 1g | Lots 100 \u00e0 1000 - Dealeur de Saveurs<\/title>\n<meta name=\"description\" content=\"Capsule de conditionnement 1g herm\u00e9tique id\u00e9ale pour fleurs, r\u00e9sines et concentr\u00e9s de chanvre. Disponible en lots de 100 \u00e0 1000 unit\u00e9s.\" \/>\n<meta name=\"robots\" content=\"index, follow, max-snippet:-1, max-image-preview:large, max-video-preview:-1\" \/>\n<link rel=\"canonical\" href=\"https:\/\/dealeurdesaveurs.com\/fr\/produit\/capsule-a-clip-1g\/\" \/>\n<meta property=\"og:locale\" content=\"fr_FR\" \/>\n<meta property=\"og:type\" content=\"article\" \/>\n<meta property=\"og:title\" content=\"Capsule de conditionnement 1g | Lots 100 \u00e0 1000 - Dealeur de Saveurs\" \/>\n<meta property=\"og:description\" content=\"Capsule de conditionnement 1g herm\u00e9tique id\u00e9ale pour fleurs, r\u00e9sines et concentr\u00e9s de chanvre. Disponible en lots de 100 \u00e0 1000 unit\u00e9s.\" \/>\n<meta property=\"og:url\" content=\"https:\/\/dealeurdesaveurs.com\/fr\/produit\/capsule-a-clip-1g\/\" \/>\n<meta property=\"og:site_name\" content=\"Dealeur de Saveurs\" \/>\n<meta property=\"article:modified_time\" content=\"2026-04-28T21:11:53+00:00\" \/>\n<meta property=\"og:image\" content=\"https:\/\/dealeurdesaveurs.com\/wp-content\/uploads\/2026\/01\/20260102_231116_0000.png\" \/>\n\t<meta property=\"og:image:width\" content=\"540\" \/>\n\t<meta property=\"og:image:height\" content=\"541\" \/>\n\t<meta property=\"og:image:type\" content=\"image\/png\" \/>\n<meta name=\"twitter:card\" content=\"summary_large_image\" \/>\n<meta name=\"twitter:label1\" content=\"Dur\u00e9e de lecture estim\u00e9e\" \/>\n\t<meta name=\"twitter:data1\" content=\"1 minute\" \/>\n<script type=\"application\/ld+json\" class=\"yoast-schema-graph\">{\"@context\":\"https:\\\/\\\/schema.org\",\"@graph\":[{\"@type\":\"WebPage\",\"@id\":\"https:\\\/\\\/dealeurdesaveurs.com\\\/produit\\\/capsule-a-clip-1g\\\/\",\"url\":\"https:\\\/\\\/dealeurdesaveurs.com\\\/produit\\\/capsule-a-clip-1g\\\/\",\"name\":\"Capsule de conditionnement 1g | Lots 100 \u00e0 1000 - Dealeur de Saveurs\",\"isPartOf\":{\"@id\":\"https:\\\/\\\/dealeurdesaveurs.com\\\/#website\"},\"primaryImageOfPage\":{\"@id\":\"https:\\\/\\\/dealeurdesaveurs.com\\\/produit\\\/capsule-a-clip-1g\\\/#primaryimage\"},\"image\":{\"@id\":\"https:\\\/\\\/dealeurdesaveurs.com\\\/produit\\\/capsule-a-clip-1g\\\/#primaryimage\"},\"thumbnailUrl\":\"https:\\\/\\\/dealeurdesaveurs.com\\\/wp-content\\\/uploads\\\/2026\\\/01\\\/20260102_231116_0000.png\",\"datePublished\":\"2026-01-02T15:32:13+00:00\",\"dateModified\":\"2026-04-28T21:11:53+00:00\",\"description\":\"Capsule de conditionnement 1g herm\u00e9tique id\u00e9ale pour fleurs, r\u00e9sines et concentr\u00e9s de chanvre. Disponible en lots de 100 \u00e0 1000 unit\u00e9s.\",\"breadcrumb\":{\"@id\":\"https:\\\/\\\/dealeurdesaveurs.com\\\/produit\\\/capsule-a-clip-1g\\\/#breadcrumb\"},\"inLanguage\":\"fr-FR\",\"potentialAction\":[{\"@type\":\"ReadAction\",\"target\":[\"https:\\\/\\\/dealeurdesaveurs.com\\\/produit\\\/capsule-a-clip-1g\\\/\"]}]},{\"@type\":\"ImageObject\",\"inLanguage\":\"fr-FR\",\"@id\":\"https:\\\/\\\/dealeurdesaveurs.com\\\/produit\\\/capsule-a-clip-1g\\\/#primaryimage\",\"url\":\"https:\\\/\\\/dealeurdesaveurs.com\\\/wp-content\\\/uploads\\\/2026\\\/01\\\/20260102_231116_0000.png\",\"contentUrl\":\"https:\\\/\\\/dealeurdesaveurs.com\\\/wp-content\\\/uploads\\\/2026\\\/01\\\/20260102_231116_0000.png\",\"width\":540,\"height\":541},{\"@type\":\"BreadcrumbList\",\"@id\":\"https:\\\/\\\/dealeurdesaveurs.com\\\/produit\\\/capsule-a-clip-1g\\\/#breadcrumb\",\"itemListElement\":[{\"@type\":\"ListItem\",\"position\":1,\"name\":\"Accueil\",\"item\":\"https:\\\/\\\/dealeurdesaveurs.com\\\/\"},{\"@type\":\"ListItem\",\"position\":2,\"name\":\"Produits\",\"item\":\"https:\\\/\\\/dealeurdesaveurs.com\\\/shop\\\/\"},{\"@type\":\"ListItem\",\"position\":3,\"name\":\"Capsule de conditionnement 1g (vide)\"}]},{\"@type\":\"WebSite\",\"@id\":\"https:\\\/\\\/dealeurdesaveurs.com\\\/#website\",\"url\":\"https:\\\/\\\/dealeurdesaveurs.com\\\/\",\"name\":\"Dealeurs de Saveurs\",\"description\":\"Fleurs CBD | R\u00e9sines CBD | Huiles CBD | Produits CBD En ligne\",\"publisher\":{\"@id\":\"https:\\\/\\\/dealeurdesaveurs.com\\\/#organization\"},\"potentialAction\":[{\"@type\":\"SearchAction\",\"target\":{\"@type\":\"EntryPoint\",\"urlTemplate\":\"https:\\\/\\\/dealeurdesaveurs.com\\\/?s={search_term_string}\"},\"query-input\":{\"@type\":\"PropertyValueSpecification\",\"valueRequired\":true,\"valueName\":\"search_term_string\"}}],\"inLanguage\":\"fr-FR\"},{\"@type\":\"Organization\",\"@id\":\"https:\\\/\\\/dealeurdesaveurs.com\\\/#organization\",\"name\":\"Dealeurs de Saveurs\",\"alternateName\":\"DDS\",\"url\":\"https:\\\/\\\/dealeurdesaveurs.com\\\/\",\"logo\":{\"@type\":\"ImageObject\",\"inLanguage\":\"fr-FR\",\"@id\":\"https:\\\/\\\/dealeurdesaveurs.com\\\/#\\\/schema\\\/logo\\\/image\\\/\",\"url\":\"https:\\\/\\\/dealeurdesaveurs.com\\\/wp-content\\\/uploads\\\/2026\\\/02\\\/1000080641_4ebf3b78bebd9c61b1c47ce765514c09-7_10_2025-1_49_05-PM_20251216_232622_0000.png\",\"contentUrl\":\"https:\\\/\\\/dealeurdesaveurs.com\\\/wp-content\\\/uploads\\\/2026\\\/02\\\/1000080641_4ebf3b78bebd9c61b1c47ce765514c09-7_10_2025-1_49_05-PM_20251216_232622_0000.png\",\"width\":650,\"height\":690,\"caption\":\"Dealeurs de Saveurs\"},\"image\":{\"@id\":\"https:\\\/\\\/dealeurdesaveurs.com\\\/#\\\/schema\\\/logo\\\/image\\\/\"},\"sameAs\":[\"https:\\\/\\\/www.instagram.com\\\/dealeurdesaveurs\"]}]}<\/script>\n<!-- \/ Yoast SEO plugin. -->","yoast_head_json":{"title":"Capsule de conditionnement 1g | Lots 100 \u00e0 1000 - Dealeur de Saveurs","description":"Capsule de conditionnement 1g herm\u00e9tique id\u00e9ale pour fleurs, r\u00e9sines et concentr\u00e9s de chanvre. Disponible en lots de 100 \u00e0 1000 unit\u00e9s.","robots":{"index":"index","follow":"follow","max-snippet":"max-snippet:-1","max-image-preview":"max-image-preview:large","max-video-preview":"max-video-preview:-1"},"canonical":"https:\/\/dealeurdesaveurs.com\/fr\/produit\/capsule-a-clip-1g\/","og_locale":"fr_FR","og_type":"article","og_title":"Capsule de conditionnement 1g | Lots 100 \u00e0 1000 - Dealeur de Saveurs","og_description":"Capsule de conditionnement 1g herm\u00e9tique id\u00e9ale pour fleurs, r\u00e9sines et concentr\u00e9s de chanvre. Disponible en lots de 100 \u00e0 1000 unit\u00e9s.","og_url":"https:\/\/dealeurdesaveurs.com\/fr\/produit\/capsule-a-clip-1g\/","og_site_name":"Dealeur de Saveurs","article_modified_time":"2026-04-28T21:11:53+00:00","og_image":[{"width":540,"height":541,"url":"https:\/\/dealeurdesaveurs.com\/wp-content\/uploads\/2026\/01\/20260102_231116_0000.png","type":"image\/png"}],"twitter_card":"summary_large_image","twitter_misc":{"Dur\u00e9e de lecture estim\u00e9e":"1 minute"},"schema":{"@context":"https:\/\/schema.org","@graph":[{"@type":"WebPage","@id":"https:\/\/dealeurdesaveurs.com\/produit\/capsule-a-clip-1g\/","url":"https:\/\/dealeurdesaveurs.com\/produit\/capsule-a-clip-1g\/","name":"Capsule de conditionnement 1g | Lots 100 \u00e0 1000 - Dealeur de Saveurs","isPartOf":{"@id":"https:\/\/dealeurdesaveurs.com\/#website"},"primaryImageOfPage":{"@id":"https:\/\/dealeurdesaveurs.com\/produit\/capsule-a-clip-1g\/#primaryimage"},"image":{"@id":"https:\/\/dealeurdesaveurs.com\/produit\/capsule-a-clip-1g\/#primaryimage"},"thumbnailUrl":"https:\/\/dealeurdesaveurs.com\/wp-content\/uploads\/2026\/01\/20260102_231116_0000.png","datePublished":"2026-01-02T15:32:13+00:00","dateModified":"2026-04-28T21:11:53+00:00","description":"Capsule de conditionnement 1g herm\u00e9tique id\u00e9ale pour fleurs, r\u00e9sines et concentr\u00e9s de chanvre. Disponible en lots de 100 \u00e0 1000 unit\u00e9s.","breadcrumb":{"@id":"https:\/\/dealeurdesaveurs.com\/produit\/capsule-a-clip-1g\/#breadcrumb"},"inLanguage":"fr-FR","potentialAction":[{"@type":"ReadAction","target":["https:\/\/dealeurdesaveurs.com\/produit\/capsule-a-clip-1g\/"]}]},{"@type":"ImageObject","inLanguage":"fr-FR","@id":"https:\/\/dealeurdesaveurs.com\/produit\/capsule-a-clip-1g\/#primaryimage","url":"https:\/\/dealeurdesaveurs.com\/wp-content\/uploads\/2026\/01\/20260102_231116_0000.png","contentUrl":"https:\/\/dealeurdesaveurs.com\/wp-content\/uploads\/2026\/01\/20260102_231116_0000.png","width":540,"height":541},{"@type":"BreadcrumbList","@id":"https:\/\/dealeurdesaveurs.com\/produit\/capsule-a-clip-1g\/#breadcrumb","itemListElement":[{"@type":"ListItem","position":1,"name":"Accueil","item":"https:\/\/dealeurdesaveurs.com\/"},{"@type":"ListItem","position":2,"name":"Produits","item":"https:\/\/dealeurdesaveurs.com\/shop\/"},{"@type":"ListItem","position":3,"name":"Capsule de conditionnement 1g (vide)"}]},{"@type":"WebSite","@id":"https:\/\/dealeurdesaveurs.com\/#website","url":"https:\/\/dealeurdesaveurs.com\/","name":"Dealeurs de Saveurs","description":"Fleurs CBD | R\u00e9sines CBD | Huiles CBD | Produits CBD En ligne","publisher":{"@id":"https:\/\/dealeurdesaveurs.com\/#organization"},"potentialAction":[{"@type":"SearchAction","target":{"@type":"EntryPoint","urlTemplate":"https:\/\/dealeurdesaveurs.com\/?s={search_term_string}"},"query-input":{"@type":"PropertyValueSpecification","valueRequired":true,"valueName":"search_term_string"}}],"inLanguage":"fr-FR"},{"@type":"Organization","@id":"https:\/\/dealeurdesaveurs.com\/#organization","name":"Dealeurs de Saveurs","alternateName":"DDS","url":"https:\/\/dealeurdesaveurs.com\/","logo":{"@type":"ImageObject","inLanguage":"fr-FR","@id":"https:\/\/dealeurdesaveurs.com\/#\/schema\/logo\/image\/","url":"https:\/\/dealeurdesaveurs.com\/wp-content\/uploads\/2026\/02\/1000080641_4ebf3b78bebd9c61b1c47ce765514c09-7_10_2025-1_49_05-PM_20251216_232622_0000.png","contentUrl":"https:\/\/dealeurdesaveurs.com\/wp-content\/uploads\/2026\/02\/1000080641_4ebf3b78bebd9c61b1c47ce765514c09-7_10_2025-1_49_05-PM_20251216_232622_0000.png","width":650,"height":690,"caption":"Dealeurs de Saveurs"},"image":{"@id":"https:\/\/dealeurdesaveurs.com\/#\/schema\/logo\/image\/"},"sameAs":["https:\/\/www.instagram.com\/dealeurdesaveurs"]}]}},"jetpack_sharing_enabled":true,"_links":{"self":[{"href":"https:\/\/dealeurdesaveurs.com\/fr\/wp-json\/wp\/v2\/product\/18733","targetHints":{"allow":["GET"]}}],"collection":[{"href":"https:\/\/dealeurdesaveurs.com\/fr\/wp-json\/wp\/v2\/product"}],"about":[{"href":"https:\/\/dealeurdesaveurs.com\/fr\/wp-json\/wp\/v2\/types\/product"}],"replies":[{"embeddable":true,"href":"https:\/\/dealeurdesaveurs.com\/fr\/wp-json\/wp\/v2\/comments?post=18733"}],"version-history":[{"count":19,"href":"https:\/\/dealeurdesaveurs.com\/fr\/wp-json\/wp\/v2\/product\/18733\/revisions"}],"predecessor-version":[{"id":29563,"href":"https:\/\/dealeurdesaveurs.com\/fr\/wp-json\/wp\/v2\/product\/18733\/revisions\/29563"}],"wp:featuredmedia":[{"embeddable":true,"href":"https:\/\/dealeurdesaveurs.com\/fr\/wp-json\/wp\/v2\/media\/18855"}],"wp:attachment":[{"href":"https:\/\/dealeurdesaveurs.com\/fr\/wp-json\/wp\/v2\/media?parent=18733"}],"wp:term":[{"taxonomy":"product_brand","embeddable":true,"href":"https:\/\/dealeurdesaveurs.com\/fr\/wp-json\/wp\/v2\/product_brand?post=18733"},{"taxonomy":"product_cat","embeddable":true,"href":"https:\/\/dealeurdesaveurs.com\/fr\/wp-json\/wp\/v2\/product_cat?post=18733"},{"taxonomy":"product_tag","embeddable":true,"href":"https:\/\/dealeurdesaveurs.com\/fr\/wp-json\/wp\/v2\/product_tag?post=18733"}],"curies":[{"name":"wp","href":"https:\/\/api.w.org\/{rel}","templated":true}]}}