{"id":18754,"date":"2026-01-02T15:32:16","date_gmt":"2026-01-02T15:32:16","guid":{"rendered":"https:\/\/dealeurdesaveurs.com\/product\/capsule-conique\/"},"modified":"2026-04-14T23:47:05","modified_gmt":"2026-04-14T23:47:05","slug":"capsule-conique","status":"publish","type":"product","link":"https:\/\/dealeurdesaveurs.com\/fr\/produit\/capsule-conique\/","title":{"rendered":"Capsules de conditionnement conique"},"content":{"rendered":"<p><span style=\"color: #ffffff;\">Les <strong>Capsules de conditionnement conique<\/strong> sont pens\u00e9es pour r\u00e9pondre aux besoins de <strong>pr\u00e9paration, de stockage et de distribution<\/strong>, avec une forme sp\u00e9cifique facilitant l\u2019usage et la manipulation.<\/span><\/p>\n<h3><span style=\"color: #ffffff;\">Forme conique \u2013 pratique et fonctionnelle<\/span><\/h3>\n<p><span style=\"color: #ffffff;\">La forme conique permet :<\/span><\/p>\n<ul>\n<li><span style=\"color: #ffffff;\">une prise en main facile<\/span><\/li>\n<li><span style=\"color: #ffffff;\">un remplissage et un vidage plus simples<\/span><\/li>\n<li><span style=\"color: #ffffff;\">une meilleure gestion de certains formats de produits<\/span><\/li>\n<\/ul>\n<h3><span style=\"color: #ffffff;\">Usage conditionnement<\/span><\/h3>\n<p><span style=\"color: #ffffff;\">Ces capsules sont adapt\u00e9es au :<\/span><\/p>\n<ul>\n<li><span style=\"color: #ffffff;\">stockage temporaire ou longue dur\u00e9e<\/span><\/li>\n<li><span style=\"color: #ffffff;\">conditionnement en s\u00e9rie<\/span><\/li>\n<li><span style=\"color: #ffffff;\">organisation des volumes en boutique ou en r\u00e9serve<\/span><\/li>\n<\/ul>\n<h3><span style=\"color: #ffffff;\">Fermeture s\u00e9curis\u00e9e<\/span><\/h3>\n<p><span style=\"color: #ffffff;\">Con\u00e7ues pour limiter l\u2019exposition \u00e0 l\u2019air et \u00e0 l\u2019humidit\u00e9, elles assurent une conservation stable du contenu, tout en restant simples \u00e0 ouvrir et refermer.<\/span><\/p>\n<h3><span style=\"color: #ffffff;\">Acc\u00e8s vente pro \/ quantit\u00e9<\/span><\/h3>\n<p><span style=\"color: #ffffff;\">Produit destin\u00e9 principalement :<\/span><\/p>\n<ul>\n<li><span style=\"color: #ffffff;\">aux professionnels<\/span><\/li>\n<li><span style=\"color: #ffffff;\">aux buralistes<\/span><\/li>\n<li><span style=\"color: #ffffff;\">aux achats en grande quantit\u00e9<\/span><\/li>\n<\/ul>\n<h3><span style=\"color: #ffffff;\">Caract\u00e9ristiques<\/span><\/h3>\n<p><span style=\"color: #ffffff;\"><strong>Type<\/strong> : Capsules de conditionnement<\/span><\/p>\n<p><span style=\"color: #ffffff;\"><strong>Forme<\/strong> : Conique<\/span><\/p>\n<p><span style=\"color: #ffffff;\"><strong>Usage<\/strong> : Stockage \/ conditionnement<\/span><\/p>\n<p><span style=\"color: #ffffff;\"><strong>Public<\/strong> : Professionnels \/ volumes<\/span><\/p>\n<h3><span style=\"color: #ffffff;\">S\u00e9lection Dealeur de Saveurs<\/span><\/h3>\n<p><span style=\"color: #ffffff;\">Un accessoire <strong>fonctionnel, adapt\u00e9 aux volumes <\/strong>et<strong> orient\u00e9 efficacit\u00e9<\/strong>, pens\u00e9 pour une gestion propre et organis\u00e9e, sans d\u00e9tour.<\/span><\/p>","protected":false},"excerpt":{"rendered":"<p>Capsules de conditionnement <strong>forme conique<\/strong>, con\u00e7ues pour un<strong> stockage propre et fonctionnel<\/strong>, disponibles en<strong> vente professionnelle ou en grande quantit\u00e9<\/strong>.<\/p>","protected":false},"featured_media":19219,"comment_status":"closed","ping_status":"closed","template":"","meta":{"_angie_page":false},"product_brand":[],"product_cat":[197,190],"product_tag":[],"class_list":{"0":"post-18754","1":"product","2":"type-product","3":"status-publish","4":"has-post-thumbnail","6":"product_cat-conditionnement","7":"product_cat-consommables","8":"pa_quantity-193","9":"pa_quantity-191","10":"pa_quantity-192","12":"first","13":"instock","14":"purchasable","15":"product-type-variable"},"yoast_head":"<!-- This site is optimized with the Yoast SEO plugin v27.3 - https:\/\/yoast.com\/product\/yoast-seo-wordpress\/ -->\n<title>Capsules de conditionnement conique - Dealeur de Saveurs<\/title>\n<meta name=\"robots\" content=\"index, follow, max-snippet:-1, max-image-preview:large, max-video-preview:-1\" \/>\n<link rel=\"canonical\" href=\"https:\/\/dealeurdesaveurs.com\/fr\/produit\/capsule-conique\/\" \/>\n<meta property=\"og:locale\" content=\"fr_FR\" \/>\n<meta property=\"og:type\" content=\"article\" \/>\n<meta property=\"og:title\" content=\"Capsules de conditionnement conique - Dealeur de Saveurs\" \/>\n<meta property=\"og:description\" content=\"Capsules de conditionnement forme conique, con\u00e7ues pour un stockage propre et fonctionnel, disponibles en vente professionnelle ou en grande quantit\u00e9.\" \/>\n<meta property=\"og:url\" content=\"https:\/\/dealeurdesaveurs.com\/fr\/produit\/capsule-conique\/\" \/>\n<meta property=\"og:site_name\" content=\"Dealeur de Saveurs\" \/>\n<meta property=\"article:modified_time\" content=\"2026-04-14T23:47:05+00:00\" \/>\n<meta property=\"og:image\" content=\"https:\/\/dealeurdesaveurs.com\/wp-content\/uploads\/2026\/01\/1000003912.png\" \/>\n\t<meta property=\"og:image:width\" content=\"450\" \/>\n\t<meta property=\"og:image:height\" content=\"450\" \/>\n\t<meta property=\"og:image:type\" content=\"image\/png\" \/>\n<meta name=\"twitter:card\" content=\"summary_large_image\" \/>\n<meta name=\"twitter:label1\" content=\"Dur\u00e9e de lecture estim\u00e9e\" \/>\n\t<meta name=\"twitter:data1\" content=\"1 minute\" \/>\n<script type=\"application\/ld+json\" class=\"yoast-schema-graph\">{\"@context\":\"https:\\\/\\\/schema.org\",\"@graph\":[{\"@type\":\"WebPage\",\"@id\":\"https:\\\/\\\/dealeurdesaveurs.com\\\/produit\\\/capsule-conique\\\/\",\"url\":\"https:\\\/\\\/dealeurdesaveurs.com\\\/produit\\\/capsule-conique\\\/\",\"name\":\"Capsules de conditionnement conique - Dealeur de Saveurs\",\"isPartOf\":{\"@id\":\"https:\\\/\\\/dealeurdesaveurs.com\\\/#website\"},\"primaryImageOfPage\":{\"@id\":\"https:\\\/\\\/dealeurdesaveurs.com\\\/produit\\\/capsule-conique\\\/#primaryimage\"},\"image\":{\"@id\":\"https:\\\/\\\/dealeurdesaveurs.com\\\/produit\\\/capsule-conique\\\/#primaryimage\"},\"thumbnailUrl\":\"https:\\\/\\\/dealeurdesaveurs.com\\\/wp-content\\\/uploads\\\/2026\\\/01\\\/1000003912.png\",\"datePublished\":\"2026-01-02T15:32:16+00:00\",\"dateModified\":\"2026-04-14T23:47:05+00:00\",\"breadcrumb\":{\"@id\":\"https:\\\/\\\/dealeurdesaveurs.com\\\/produit\\\/capsule-conique\\\/#breadcrumb\"},\"inLanguage\":\"fr-FR\",\"potentialAction\":[{\"@type\":\"ReadAction\",\"target\":[\"https:\\\/\\\/dealeurdesaveurs.com\\\/produit\\\/capsule-conique\\\/\"]}]},{\"@type\":\"ImageObject\",\"inLanguage\":\"fr-FR\",\"@id\":\"https:\\\/\\\/dealeurdesaveurs.com\\\/produit\\\/capsule-conique\\\/#primaryimage\",\"url\":\"https:\\\/\\\/dealeurdesaveurs.com\\\/wp-content\\\/uploads\\\/2026\\\/01\\\/1000003912.png\",\"contentUrl\":\"https:\\\/\\\/dealeurdesaveurs.com\\\/wp-content\\\/uploads\\\/2026\\\/01\\\/1000003912.png\",\"width\":450,\"height\":450},{\"@type\":\"BreadcrumbList\",\"@id\":\"https:\\\/\\\/dealeurdesaveurs.com\\\/produit\\\/capsule-conique\\\/#breadcrumb\",\"itemListElement\":[{\"@type\":\"ListItem\",\"position\":1,\"name\":\"Accueil\",\"item\":\"https:\\\/\\\/dealeurdesaveurs.com\\\/\"},{\"@type\":\"ListItem\",\"position\":2,\"name\":\"Produits\",\"item\":\"https:\\\/\\\/dealeurdesaveurs.com\\\/shop\\\/\"},{\"@type\":\"ListItem\",\"position\":3,\"name\":\"Capsules de conditionnement conique\"}]},{\"@type\":\"WebSite\",\"@id\":\"https:\\\/\\\/dealeurdesaveurs.com\\\/#website\",\"url\":\"https:\\\/\\\/dealeurdesaveurs.com\\\/\",\"name\":\"Dealeurs de Saveurs\",\"description\":\"Fleurs CBD | R\u00e9sines CBD | Huiles CBD | Produits CBD En ligne\",\"publisher\":{\"@id\":\"https:\\\/\\\/dealeurdesaveurs.com\\\/#organization\"},\"potentialAction\":[{\"@type\":\"SearchAction\",\"target\":{\"@type\":\"EntryPoint\",\"urlTemplate\":\"https:\\\/\\\/dealeurdesaveurs.com\\\/?s={search_term_string}\"},\"query-input\":{\"@type\":\"PropertyValueSpecification\",\"valueRequired\":true,\"valueName\":\"search_term_string\"}}],\"inLanguage\":\"fr-FR\"},{\"@type\":\"Organization\",\"@id\":\"https:\\\/\\\/dealeurdesaveurs.com\\\/#organization\",\"name\":\"Dealeurs de Saveurs\",\"alternateName\":\"DDS\",\"url\":\"https:\\\/\\\/dealeurdesaveurs.com\\\/\",\"logo\":{\"@type\":\"ImageObject\",\"inLanguage\":\"fr-FR\",\"@id\":\"https:\\\/\\\/dealeurdesaveurs.com\\\/#\\\/schema\\\/logo\\\/image\\\/\",\"url\":\"https:\\\/\\\/dealeurdesaveurs.com\\\/wp-content\\\/uploads\\\/2026\\\/02\\\/1000080641_4ebf3b78bebd9c61b1c47ce765514c09-7_10_2025-1_49_05-PM_20251216_232622_0000.png\",\"contentUrl\":\"https:\\\/\\\/dealeurdesaveurs.com\\\/wp-content\\\/uploads\\\/2026\\\/02\\\/1000080641_4ebf3b78bebd9c61b1c47ce765514c09-7_10_2025-1_49_05-PM_20251216_232622_0000.png\",\"width\":650,\"height\":690,\"caption\":\"Dealeurs de Saveurs\"},\"image\":{\"@id\":\"https:\\\/\\\/dealeurdesaveurs.com\\\/#\\\/schema\\\/logo\\\/image\\\/\"},\"sameAs\":[\"https:\\\/\\\/www.instagram.com\\\/dealeurdesaveurs\"]}]}<\/script>\n<!-- \/ Yoast SEO plugin. -->","yoast_head_json":{"title":"Capsules de conditionnement conique - Dealeur de Saveurs","robots":{"index":"index","follow":"follow","max-snippet":"max-snippet:-1","max-image-preview":"max-image-preview:large","max-video-preview":"max-video-preview:-1"},"canonical":"https:\/\/dealeurdesaveurs.com\/fr\/produit\/capsule-conique\/","og_locale":"fr_FR","og_type":"article","og_title":"Capsules de conditionnement conique - Dealeur de Saveurs","og_description":"Capsules de conditionnement forme conique, con\u00e7ues pour un stockage propre et fonctionnel, disponibles en vente professionnelle ou en grande quantit\u00e9.","og_url":"https:\/\/dealeurdesaveurs.com\/fr\/produit\/capsule-conique\/","og_site_name":"Dealeur de Saveurs","article_modified_time":"2026-04-14T23:47:05+00:00","og_image":[{"width":450,"height":450,"url":"https:\/\/dealeurdesaveurs.com\/wp-content\/uploads\/2026\/01\/1000003912.png","type":"image\/png"}],"twitter_card":"summary_large_image","twitter_misc":{"Dur\u00e9e de lecture estim\u00e9e":"1 minute"},"schema":{"@context":"https:\/\/schema.org","@graph":[{"@type":"WebPage","@id":"https:\/\/dealeurdesaveurs.com\/produit\/capsule-conique\/","url":"https:\/\/dealeurdesaveurs.com\/produit\/capsule-conique\/","name":"Capsules de conditionnement conique - Dealeur de Saveurs","isPartOf":{"@id":"https:\/\/dealeurdesaveurs.com\/#website"},"primaryImageOfPage":{"@id":"https:\/\/dealeurdesaveurs.com\/produit\/capsule-conique\/#primaryimage"},"image":{"@id":"https:\/\/dealeurdesaveurs.com\/produit\/capsule-conique\/#primaryimage"},"thumbnailUrl":"https:\/\/dealeurdesaveurs.com\/wp-content\/uploads\/2026\/01\/1000003912.png","datePublished":"2026-01-02T15:32:16+00:00","dateModified":"2026-04-14T23:47:05+00:00","breadcrumb":{"@id":"https:\/\/dealeurdesaveurs.com\/produit\/capsule-conique\/#breadcrumb"},"inLanguage":"fr-FR","potentialAction":[{"@type":"ReadAction","target":["https:\/\/dealeurdesaveurs.com\/produit\/capsule-conique\/"]}]},{"@type":"ImageObject","inLanguage":"fr-FR","@id":"https:\/\/dealeurdesaveurs.com\/produit\/capsule-conique\/#primaryimage","url":"https:\/\/dealeurdesaveurs.com\/wp-content\/uploads\/2026\/01\/1000003912.png","contentUrl":"https:\/\/dealeurdesaveurs.com\/wp-content\/uploads\/2026\/01\/1000003912.png","width":450,"height":450},{"@type":"BreadcrumbList","@id":"https:\/\/dealeurdesaveurs.com\/produit\/capsule-conique\/#breadcrumb","itemListElement":[{"@type":"ListItem","position":1,"name":"Accueil","item":"https:\/\/dealeurdesaveurs.com\/"},{"@type":"ListItem","position":2,"name":"Produits","item":"https:\/\/dealeurdesaveurs.com\/shop\/"},{"@type":"ListItem","position":3,"name":"Capsules de conditionnement conique"}]},{"@type":"WebSite","@id":"https:\/\/dealeurdesaveurs.com\/#website","url":"https:\/\/dealeurdesaveurs.com\/","name":"Dealeurs de Saveurs","description":"Fleurs CBD | R\u00e9sines CBD | Huiles CBD | Produits CBD En ligne","publisher":{"@id":"https:\/\/dealeurdesaveurs.com\/#organization"},"potentialAction":[{"@type":"SearchAction","target":{"@type":"EntryPoint","urlTemplate":"https:\/\/dealeurdesaveurs.com\/?s={search_term_string}"},"query-input":{"@type":"PropertyValueSpecification","valueRequired":true,"valueName":"search_term_string"}}],"inLanguage":"fr-FR"},{"@type":"Organization","@id":"https:\/\/dealeurdesaveurs.com\/#organization","name":"Dealeurs de Saveurs","alternateName":"DDS","url":"https:\/\/dealeurdesaveurs.com\/","logo":{"@type":"ImageObject","inLanguage":"fr-FR","@id":"https:\/\/dealeurdesaveurs.com\/#\/schema\/logo\/image\/","url":"https:\/\/dealeurdesaveurs.com\/wp-content\/uploads\/2026\/02\/1000080641_4ebf3b78bebd9c61b1c47ce765514c09-7_10_2025-1_49_05-PM_20251216_232622_0000.png","contentUrl":"https:\/\/dealeurdesaveurs.com\/wp-content\/uploads\/2026\/02\/1000080641_4ebf3b78bebd9c61b1c47ce765514c09-7_10_2025-1_49_05-PM_20251216_232622_0000.png","width":650,"height":690,"caption":"Dealeurs de Saveurs"},"image":{"@id":"https:\/\/dealeurdesaveurs.com\/#\/schema\/logo\/image\/"},"sameAs":["https:\/\/www.instagram.com\/dealeurdesaveurs"]}]}},"jetpack_sharing_enabled":true,"_links":{"self":[{"href":"https:\/\/dealeurdesaveurs.com\/fr\/wp-json\/wp\/v2\/product\/18754","targetHints":{"allow":["GET"]}}],"collection":[{"href":"https:\/\/dealeurdesaveurs.com\/fr\/wp-json\/wp\/v2\/product"}],"about":[{"href":"https:\/\/dealeurdesaveurs.com\/fr\/wp-json\/wp\/v2\/types\/product"}],"replies":[{"embeddable":true,"href":"https:\/\/dealeurdesaveurs.com\/fr\/wp-json\/wp\/v2\/comments?post=18754"}],"version-history":[{"count":10,"href":"https:\/\/dealeurdesaveurs.com\/fr\/wp-json\/wp\/v2\/product\/18754\/revisions"}],"predecessor-version":[{"id":21377,"href":"https:\/\/dealeurdesaveurs.com\/fr\/wp-json\/wp\/v2\/product\/18754\/revisions\/21377"}],"wp:featuredmedia":[{"embeddable":true,"href":"https:\/\/dealeurdesaveurs.com\/fr\/wp-json\/wp\/v2\/media\/19219"}],"wp:attachment":[{"href":"https:\/\/dealeurdesaveurs.com\/fr\/wp-json\/wp\/v2\/media?parent=18754"}],"wp:term":[{"taxonomy":"product_brand","embeddable":true,"href":"https:\/\/dealeurdesaveurs.com\/fr\/wp-json\/wp\/v2\/product_brand?post=18754"},{"taxonomy":"product_cat","embeddable":true,"href":"https:\/\/dealeurdesaveurs.com\/fr\/wp-json\/wp\/v2\/product_cat?post=18754"},{"taxonomy":"product_tag","embeddable":true,"href":"https:\/\/dealeurdesaveurs.com\/fr\/wp-json\/wp\/v2\/product_tag?post=18754"}],"curies":[{"name":"wp","href":"https:\/\/api.w.org\/{rel}","templated":true}]}}