{"id":19385,"date":"2026-01-06T11:08:34","date_gmt":"2026-01-06T11:08:34","guid":{"rendered":"https:\/\/dealeurdesaveurs.com\/product\/balance-de-precision-cx-258-500-g-001-g\/"},"modified":"2026-04-09T22:14:21","modified_gmt":"2026-04-09T22:14:21","slug":"balance-de-precision-cx-258-500-g-001-g","status":"publish","type":"product","link":"https:\/\/dealeurdesaveurs.com\/fr\/produit\/balance-de-precision-cx-258-500-g-001-g\/","title":{"rendered":"Balance de pr\u00e9cision CX-258 \u2013 500 g \/ 0,01 g"},"content":{"rendered":"<p><span style=\"color: #ffffff;\">La <strong>balance de pr\u00e9cision CX-258<\/strong> est con\u00e7ue pour offrir une<strong> mesure pr\u00e9cise et stable<\/strong> sur de petites quantit\u00e9s, avec une capacit\u00e9 maximale de <strong>500 g<\/strong> et une r\u00e9solution de <strong>0,01 g<\/strong>.<\/span><\/p>\n<p><span style=\"color: #ffffff;\">Son <strong>plateau en acier inoxydable<\/strong> assure une bonne durabilit\u00e9 et un nettoyage facile. L\u2019<strong>\u00e9cran digital r\u00e9tro\u00e9clair\u00e9<\/strong> permet une lecture claire du poids, m\u00eame en conditions de faible luminosit\u00e9.<\/span><\/p>\n<p><span style=\"color: #ffffff;\">Gr\u00e2ce \u00e0 son<strong> format compact<\/strong>, elle se transporte facilement et s\u2019utilise aussi bien \u00e0 la maison qu\u2019en environnement professionnel. La balance dispose des fonctions essentielles :<strong> tare, arr\u00eat automatique <\/strong>et <strong>s\u00e9lection des unit\u00e9s de mesure<\/strong>.<\/span><\/p>\n<p><span style=\"color: #ffffff;\">Un outil pr\u00e9cis, simple et fiable, sans surplus inutile.<\/span><\/p>\n<h3><span style=\"color: #ffffff;\">Caract\u00e9ristiques<\/span><\/h3>\n<p><span style=\"color: #ffffff;\"><strong>Mod\u00e8le<\/strong> : CX-258<\/span><\/p>\n<p><span style=\"color: #ffffff;\"><strong>Capacit\u00e9<\/strong> <strong>maximale<\/strong> : 500 g<\/span><\/p>\n<p><span style=\"color: #ffffff;\"><strong>Pr\u00e9cision<\/strong> : 0,01 g<\/span><\/p>\n<p><span style=\"color: #ffffff;\"><strong>Plateau<\/strong> : Acier inoxydable<\/span><\/p>\n<p><span style=\"color: #ffffff;\"><strong>Affichage<\/strong> : \u00c9cran digital r\u00e9tro\u00e9clair\u00e9<\/span><\/p>\n<p><span style=\"color: #ffffff;\"><strong>Fonctions<\/strong> : Tare, auto-off, multi-unit\u00e9s<\/span><\/p>\n<p><span style=\"color: #ffffff;\"><strong>Alimentation<\/strong> : Piles (selon mod\u00e8le)<\/span><\/p>\n<p><span style=\"color: #ffffff;\"><strong>Format<\/strong> : Compact et portable<\/span><\/p>\n<h3><span style=\"color: #ffffff;\"><strong>Positionnement<\/strong> Dealeur de Saveurs<\/span><\/h3>\n<p><span style=\"color: #ffffff;\">Une balance s\u00e9lectionn\u00e9e pour sa <strong>pr\u00e9cision r\u00e9elle<\/strong>, sa <strong>fiabilit\u00e9<\/strong> et son <strong>rapport<\/strong> <strong>efficacit\u00e9<\/strong> <strong>\/ simplicit\u00e9<\/strong>, sans exag\u00e9ration.<\/span><\/p>\n<h3><span style=\"color: #ffffff;\">Notes d&#8217;usage<\/span><\/h3>\n<ul>\n<li><span style=\"color: #ffffff;\">Pes\u00e9es fines et r\u00e9p\u00e9tables<\/span><\/li>\n<li><span style=\"color: #ffffff;\">Usage personnel ou\u00a0 semi -professionnel<\/span><\/li>\n<li><span style=\"color: #ffffff;\">\u00c0 utiliser sur surface plane pour une pr\u00e9cision optimale<\/span><\/li>\n<\/ul>","protected":false},"excerpt":{"rendered":"<p>Balance de pr\u00e9cision CX-258, capacit\u00e9 500 g avec une pr\u00e9cision de 0,01 g, fiable et compacte, id\u00e9ale pour les pes\u00e9es fines et r\u00e9guli\u00e8res.<\/p>","protected":false},"featured_media":19384,"comment_status":"open","ping_status":"closed","template":"","meta":{"_angie_page":false},"product_brand":[],"product_cat":[196],"product_tag":[],"class_list":{"0":"post-19385","1":"product","2":"type-product","3":"status-publish","4":"has-post-thumbnail","6":"product_cat-accessoires","8":"first","9":"instock","10":"purchasable","11":"product-type-simple"},"yoast_head":"<!-- This site is optimized with the Yoast SEO plugin v27.3 - https:\/\/yoast.com\/product\/yoast-seo-wordpress\/ -->\n<title>Balance de pr\u00e9cision CX-258 \u2013 500 g \/ 0,01 g - Dealeur de Saveurs<\/title>\n<meta name=\"description\" content=\"Balance \u00e9lectronique CX-258 0.01g jusqu&#039;\u00e0 500g. Design compact et pr\u00e9cision fiable. Disponible chez Dealeur de Saveurs.\" \/>\n<meta name=\"robots\" content=\"index, follow, max-snippet:-1, max-image-preview:large, max-video-preview:-1\" \/>\n<link rel=\"canonical\" href=\"https:\/\/dealeurdesaveurs.com\/fr\/produit\/balance-de-precision-cx-258-500-g-001-g\/\" \/>\n<meta property=\"og:locale\" content=\"fr_FR\" \/>\n<meta property=\"og:type\" content=\"article\" \/>\n<meta property=\"og:title\" content=\"Balance de pr\u00e9cision CX-258 \u2013 500 g \/ 0,01 g - Dealeur de Saveurs\" \/>\n<meta property=\"og:description\" content=\"Balance \u00e9lectronique CX-258 0.01g jusqu&#039;\u00e0 500g. Design compact et pr\u00e9cision fiable. Disponible chez Dealeur de Saveurs.\" \/>\n<meta property=\"og:url\" content=\"https:\/\/dealeurdesaveurs.com\/fr\/produit\/balance-de-precision-cx-258-500-g-001-g\/\" \/>\n<meta property=\"og:site_name\" content=\"Dealeur de Saveurs\" \/>\n<meta property=\"article:modified_time\" content=\"2026-04-09T22:14:21+00:00\" \/>\n<meta property=\"og:image\" content=\"https:\/\/dealeurdesaveurs.com\/wp-content\/uploads\/2026\/01\/1000004018.png\" \/>\n\t<meta property=\"og:image:width\" content=\"530\" \/>\n\t<meta property=\"og:image:height\" content=\"530\" \/>\n\t<meta property=\"og:image:type\" content=\"image\/png\" \/>\n<meta name=\"twitter:card\" content=\"summary_large_image\" \/>\n<meta name=\"twitter:label1\" content=\"Dur\u00e9e de lecture estim\u00e9e\" \/>\n\t<meta name=\"twitter:data1\" content=\"2 minutes\" \/>\n<script type=\"application\/ld+json\" class=\"yoast-schema-graph\">{\"@context\":\"https:\\\/\\\/schema.org\",\"@graph\":[{\"@type\":\"WebPage\",\"@id\":\"https:\\\/\\\/dealeurdesaveurs.com\\\/produit\\\/balance-de-precision-cx-258-500-g-001-g\\\/\",\"url\":\"https:\\\/\\\/dealeurdesaveurs.com\\\/produit\\\/balance-de-precision-cx-258-500-g-001-g\\\/\",\"name\":\"Balance de pr\u00e9cision CX-258 \u2013 500 g \\\/ 0,01 g - Dealeur de Saveurs\",\"isPartOf\":{\"@id\":\"https:\\\/\\\/dealeurdesaveurs.com\\\/#website\"},\"primaryImageOfPage\":{\"@id\":\"https:\\\/\\\/dealeurdesaveurs.com\\\/produit\\\/balance-de-precision-cx-258-500-g-001-g\\\/#primaryimage\"},\"image\":{\"@id\":\"https:\\\/\\\/dealeurdesaveurs.com\\\/produit\\\/balance-de-precision-cx-258-500-g-001-g\\\/#primaryimage\"},\"thumbnailUrl\":\"https:\\\/\\\/dealeurdesaveurs.com\\\/wp-content\\\/uploads\\\/2026\\\/01\\\/1000004018.png\",\"datePublished\":\"2026-01-06T11:08:34+00:00\",\"dateModified\":\"2026-04-09T22:14:21+00:00\",\"description\":\"Balance \u00e9lectronique CX-258 0.01g jusqu'\u00e0 500g. Design compact et pr\u00e9cision fiable. Disponible chez Dealeur de Saveurs.\",\"breadcrumb\":{\"@id\":\"https:\\\/\\\/dealeurdesaveurs.com\\\/produit\\\/balance-de-precision-cx-258-500-g-001-g\\\/#breadcrumb\"},\"inLanguage\":\"fr-FR\",\"potentialAction\":[{\"@type\":\"ReadAction\",\"target\":[\"https:\\\/\\\/dealeurdesaveurs.com\\\/produit\\\/balance-de-precision-cx-258-500-g-001-g\\\/\"]}]},{\"@type\":\"ImageObject\",\"inLanguage\":\"fr-FR\",\"@id\":\"https:\\\/\\\/dealeurdesaveurs.com\\\/produit\\\/balance-de-precision-cx-258-500-g-001-g\\\/#primaryimage\",\"url\":\"https:\\\/\\\/dealeurdesaveurs.com\\\/wp-content\\\/uploads\\\/2026\\\/01\\\/1000004018.png\",\"contentUrl\":\"https:\\\/\\\/dealeurdesaveurs.com\\\/wp-content\\\/uploads\\\/2026\\\/01\\\/1000004018.png\",\"width\":530,\"height\":530},{\"@type\":\"BreadcrumbList\",\"@id\":\"https:\\\/\\\/dealeurdesaveurs.com\\\/produit\\\/balance-de-precision-cx-258-500-g-001-g\\\/#breadcrumb\",\"itemListElement\":[{\"@type\":\"ListItem\",\"position\":1,\"name\":\"Accueil\",\"item\":\"https:\\\/\\\/dealeurdesaveurs.com\\\/\"},{\"@type\":\"ListItem\",\"position\":2,\"name\":\"Produits\",\"item\":\"https:\\\/\\\/dealeurdesaveurs.com\\\/shop\\\/\"},{\"@type\":\"ListItem\",\"position\":3,\"name\":\"Balance de pr\u00e9cision CX-258 \u2013 500 g \\\/ 0,01 g\"}]},{\"@type\":\"WebSite\",\"@id\":\"https:\\\/\\\/dealeurdesaveurs.com\\\/#website\",\"url\":\"https:\\\/\\\/dealeurdesaveurs.com\\\/\",\"name\":\"Dealeurs de Saveurs\",\"description\":\"Fleurs CBD | R\u00e9sines CBD | Huiles CBD | Produits CBD En ligne\",\"publisher\":{\"@id\":\"https:\\\/\\\/dealeurdesaveurs.com\\\/#organization\"},\"potentialAction\":[{\"@type\":\"SearchAction\",\"target\":{\"@type\":\"EntryPoint\",\"urlTemplate\":\"https:\\\/\\\/dealeurdesaveurs.com\\\/?s={search_term_string}\"},\"query-input\":{\"@type\":\"PropertyValueSpecification\",\"valueRequired\":true,\"valueName\":\"search_term_string\"}}],\"inLanguage\":\"fr-FR\"},{\"@type\":\"Organization\",\"@id\":\"https:\\\/\\\/dealeurdesaveurs.com\\\/#organization\",\"name\":\"Dealeurs de Saveurs\",\"alternateName\":\"DDS\",\"url\":\"https:\\\/\\\/dealeurdesaveurs.com\\\/\",\"logo\":{\"@type\":\"ImageObject\",\"inLanguage\":\"fr-FR\",\"@id\":\"https:\\\/\\\/dealeurdesaveurs.com\\\/#\\\/schema\\\/logo\\\/image\\\/\",\"url\":\"https:\\\/\\\/dealeurdesaveurs.com\\\/wp-content\\\/uploads\\\/2026\\\/02\\\/1000080641_4ebf3b78bebd9c61b1c47ce765514c09-7_10_2025-1_49_05-PM_20251216_232622_0000.png\",\"contentUrl\":\"https:\\\/\\\/dealeurdesaveurs.com\\\/wp-content\\\/uploads\\\/2026\\\/02\\\/1000080641_4ebf3b78bebd9c61b1c47ce765514c09-7_10_2025-1_49_05-PM_20251216_232622_0000.png\",\"width\":650,\"height\":690,\"caption\":\"Dealeurs de Saveurs\"},\"image\":{\"@id\":\"https:\\\/\\\/dealeurdesaveurs.com\\\/#\\\/schema\\\/logo\\\/image\\\/\"},\"sameAs\":[\"https:\\\/\\\/www.instagram.com\\\/dealeurdesaveurs\"]}]}<\/script>\n<!-- \/ Yoast SEO plugin. -->","yoast_head_json":{"title":"Balance de pr\u00e9cision CX-258 \u2013 500 g \/ 0,01 g - Dealeur de Saveurs","description":"Balance \u00e9lectronique CX-258 0.01g jusqu'\u00e0 500g. Design compact et pr\u00e9cision fiable. Disponible chez Dealeur de Saveurs.","robots":{"index":"index","follow":"follow","max-snippet":"max-snippet:-1","max-image-preview":"max-image-preview:large","max-video-preview":"max-video-preview:-1"},"canonical":"https:\/\/dealeurdesaveurs.com\/fr\/produit\/balance-de-precision-cx-258-500-g-001-g\/","og_locale":"fr_FR","og_type":"article","og_title":"Balance de pr\u00e9cision CX-258 \u2013 500 g \/ 0,01 g - Dealeur de Saveurs","og_description":"Balance \u00e9lectronique CX-258 0.01g jusqu'\u00e0 500g. Design compact et pr\u00e9cision fiable. Disponible chez Dealeur de Saveurs.","og_url":"https:\/\/dealeurdesaveurs.com\/fr\/produit\/balance-de-precision-cx-258-500-g-001-g\/","og_site_name":"Dealeur de Saveurs","article_modified_time":"2026-04-09T22:14:21+00:00","og_image":[{"width":530,"height":530,"url":"https:\/\/dealeurdesaveurs.com\/wp-content\/uploads\/2026\/01\/1000004018.png","type":"image\/png"}],"twitter_card":"summary_large_image","twitter_misc":{"Dur\u00e9e de lecture estim\u00e9e":"2 minutes"},"schema":{"@context":"https:\/\/schema.org","@graph":[{"@type":"WebPage","@id":"https:\/\/dealeurdesaveurs.com\/produit\/balance-de-precision-cx-258-500-g-001-g\/","url":"https:\/\/dealeurdesaveurs.com\/produit\/balance-de-precision-cx-258-500-g-001-g\/","name":"Balance de pr\u00e9cision CX-258 \u2013 500 g \/ 0,01 g - Dealeur de Saveurs","isPartOf":{"@id":"https:\/\/dealeurdesaveurs.com\/#website"},"primaryImageOfPage":{"@id":"https:\/\/dealeurdesaveurs.com\/produit\/balance-de-precision-cx-258-500-g-001-g\/#primaryimage"},"image":{"@id":"https:\/\/dealeurdesaveurs.com\/produit\/balance-de-precision-cx-258-500-g-001-g\/#primaryimage"},"thumbnailUrl":"https:\/\/dealeurdesaveurs.com\/wp-content\/uploads\/2026\/01\/1000004018.png","datePublished":"2026-01-06T11:08:34+00:00","dateModified":"2026-04-09T22:14:21+00:00","description":"Balance \u00e9lectronique CX-258 0.01g jusqu'\u00e0 500g. Design compact et pr\u00e9cision fiable. Disponible chez Dealeur de Saveurs.","breadcrumb":{"@id":"https:\/\/dealeurdesaveurs.com\/produit\/balance-de-precision-cx-258-500-g-001-g\/#breadcrumb"},"inLanguage":"fr-FR","potentialAction":[{"@type":"ReadAction","target":["https:\/\/dealeurdesaveurs.com\/produit\/balance-de-precision-cx-258-500-g-001-g\/"]}]},{"@type":"ImageObject","inLanguage":"fr-FR","@id":"https:\/\/dealeurdesaveurs.com\/produit\/balance-de-precision-cx-258-500-g-001-g\/#primaryimage","url":"https:\/\/dealeurdesaveurs.com\/wp-content\/uploads\/2026\/01\/1000004018.png","contentUrl":"https:\/\/dealeurdesaveurs.com\/wp-content\/uploads\/2026\/01\/1000004018.png","width":530,"height":530},{"@type":"BreadcrumbList","@id":"https:\/\/dealeurdesaveurs.com\/produit\/balance-de-precision-cx-258-500-g-001-g\/#breadcrumb","itemListElement":[{"@type":"ListItem","position":1,"name":"Accueil","item":"https:\/\/dealeurdesaveurs.com\/"},{"@type":"ListItem","position":2,"name":"Produits","item":"https:\/\/dealeurdesaveurs.com\/shop\/"},{"@type":"ListItem","position":3,"name":"Balance de pr\u00e9cision CX-258 \u2013 500 g \/ 0,01 g"}]},{"@type":"WebSite","@id":"https:\/\/dealeurdesaveurs.com\/#website","url":"https:\/\/dealeurdesaveurs.com\/","name":"Dealeurs de Saveurs","description":"Fleurs CBD | R\u00e9sines CBD | Huiles CBD | Produits CBD En ligne","publisher":{"@id":"https:\/\/dealeurdesaveurs.com\/#organization"},"potentialAction":[{"@type":"SearchAction","target":{"@type":"EntryPoint","urlTemplate":"https:\/\/dealeurdesaveurs.com\/?s={search_term_string}"},"query-input":{"@type":"PropertyValueSpecification","valueRequired":true,"valueName":"search_term_string"}}],"inLanguage":"fr-FR"},{"@type":"Organization","@id":"https:\/\/dealeurdesaveurs.com\/#organization","name":"Dealeurs de Saveurs","alternateName":"DDS","url":"https:\/\/dealeurdesaveurs.com\/","logo":{"@type":"ImageObject","inLanguage":"fr-FR","@id":"https:\/\/dealeurdesaveurs.com\/#\/schema\/logo\/image\/","url":"https:\/\/dealeurdesaveurs.com\/wp-content\/uploads\/2026\/02\/1000080641_4ebf3b78bebd9c61b1c47ce765514c09-7_10_2025-1_49_05-PM_20251216_232622_0000.png","contentUrl":"https:\/\/dealeurdesaveurs.com\/wp-content\/uploads\/2026\/02\/1000080641_4ebf3b78bebd9c61b1c47ce765514c09-7_10_2025-1_49_05-PM_20251216_232622_0000.png","width":650,"height":690,"caption":"Dealeurs de Saveurs"},"image":{"@id":"https:\/\/dealeurdesaveurs.com\/#\/schema\/logo\/image\/"},"sameAs":["https:\/\/www.instagram.com\/dealeurdesaveurs"]}]}},"jetpack_sharing_enabled":true,"_links":{"self":[{"href":"https:\/\/dealeurdesaveurs.com\/fr\/wp-json\/wp\/v2\/product\/19385","targetHints":{"allow":["GET"]}}],"collection":[{"href":"https:\/\/dealeurdesaveurs.com\/fr\/wp-json\/wp\/v2\/product"}],"about":[{"href":"https:\/\/dealeurdesaveurs.com\/fr\/wp-json\/wp\/v2\/types\/product"}],"replies":[{"embeddable":true,"href":"https:\/\/dealeurdesaveurs.com\/fr\/wp-json\/wp\/v2\/comments?post=19385"}],"version-history":[{"count":5,"href":"https:\/\/dealeurdesaveurs.com\/fr\/wp-json\/wp\/v2\/product\/19385\/revisions"}],"predecessor-version":[{"id":20922,"href":"https:\/\/dealeurdesaveurs.com\/fr\/wp-json\/wp\/v2\/product\/19385\/revisions\/20922"}],"wp:featuredmedia":[{"embeddable":true,"href":"https:\/\/dealeurdesaveurs.com\/fr\/wp-json\/wp\/v2\/media\/19384"}],"wp:attachment":[{"href":"https:\/\/dealeurdesaveurs.com\/fr\/wp-json\/wp\/v2\/media?parent=19385"}],"wp:term":[{"taxonomy":"product_brand","embeddable":true,"href":"https:\/\/dealeurdesaveurs.com\/fr\/wp-json\/wp\/v2\/product_brand?post=19385"},{"taxonomy":"product_cat","embeddable":true,"href":"https:\/\/dealeurdesaveurs.com\/fr\/wp-json\/wp\/v2\/product_cat?post=19385"},{"taxonomy":"product_tag","embeddable":true,"href":"https:\/\/dealeurdesaveurs.com\/fr\/wp-json\/wp\/v2\/product_tag?post=19385"}],"curies":[{"name":"wp","href":"https:\/\/api.w.org\/{rel}","templated":true}]}}