{"id":19389,"date":"2026-01-06T11:28:30","date_gmt":"2026-01-06T11:28:30","guid":{"rendered":"https:\/\/dealeurdesaveurs.com\/product\/tee-shirt-dealeur-de-saveurs-col-v\/"},"modified":"2026-01-20T12:03:17","modified_gmt":"2026-01-20T12:03:17","slug":"tee-shirt-dealeur-de-saveurs-col-v","status":"publish","type":"product","link":"https:\/\/dealeurdesaveurs.com\/fr\/produit\/tee-shirt-dealeur-de-saveurs-col-v\/","title":{"rendered":"Tee-shirt Dealeur de Saveurs \u2013 Col V"},"content":{"rendered":"<h3><strong>Design &amp; coupe<\/strong><\/h3>\n<p>Tee-shirt col V \u00e0 la coupe droite et \u00e9pur\u00e9e. Style sobre, sans surcharge visuelle, pens\u00e9 pour un port\u00e9 quotidien discret et coh\u00e9rent avec l\u2019univers Dealeur de Saveurs.<\/p>\n<h3><\/h3>\n<h3>Mati\u00e8re &amp; confort<\/h3>\n<p>Confectionn\u00e9 en coton, mati\u00e8re naturelle appr\u00e9ci\u00e9e pour son confort et sa respirabilit\u00e9. Agr\u00e9able \u00e0 porter au quotidien, avec une tenue adapt\u00e9e \u00e0 un usage r\u00e9gulier.<\/p>\n<h3><\/h3>\n<h3>Conseil de taille<\/h3>\n<p>La coupe taille normalement mais reste ajust\u00e9e.<\/p>\n<p>\ud83d\udc49 Pour un rendu plus confortable ou plus ample, il est recommand\u00e9 de choisir une taille au-dessus de votre taille habituelle.<\/p>\n<h3><\/h3>\n<h3>Usage &amp; positionnement<\/h3>\n<p>Pi\u00e8ce textile simple et fonctionnelle, pens\u00e9e comme une extension naturelle de la marque.<\/p>\n<p>Ni produit de mode \u00e9ph\u00e9m\u00e8re, ni support marketing, mais un v\u00eatement coh\u00e9rent, durable et facile \u00e0 porter.<\/p>","protected":false},"excerpt":{"rendered":"<p>Tee-shirt col V Dealeur de Saveurs, coupe simple et confortable.<\/p>\n<p>Pi\u00e8ce textile sobre, pens\u00e9e pour un usage quotidien.<\/p>","protected":false},"featured_media":19390,"comment_status":"open","ping_status":"closed","template":"","meta":{"_angie_page":false},"product_brand":[],"product_cat":[199],"product_tag":[],"class_list":{"0":"post-19389","1":"product","2":"type-product","3":"status-publish","4":"has-post-thumbnail","6":"product_cat-team-dealeur-de-saveurs","8":"first","9":"instock","10":"taxable","11":"shipping-taxable","12":"purchasable","13":"product-type-simple"},"yoast_head":"<!-- This site is optimized with the Yoast SEO plugin v27.3 - https:\/\/yoast.com\/product\/yoast-seo-wordpress\/ -->\n<title>Tee-shirt Dealeur de Saveurs \u2013 Col V - Dealeur de Saveurs<\/title>\n<meta name=\"robots\" content=\"index, follow, max-snippet:-1, max-image-preview:large, max-video-preview:-1\" \/>\n<link rel=\"canonical\" href=\"https:\/\/dealeurdesaveurs.com\/fr\/produit\/tee-shirt-dealeur-de-saveurs-col-v\/\" \/>\n<meta property=\"og:locale\" content=\"fr_FR\" \/>\n<meta property=\"og:type\" content=\"article\" \/>\n<meta property=\"og:title\" content=\"Tee-shirt Dealeur de Saveurs \u2013 Col V - Dealeur de Saveurs\" \/>\n<meta property=\"og:description\" content=\"Tee-shirt col V Dealeur de Saveurs, coupe simple et confortable.  Pi\u00e8ce textile sobre, pens\u00e9e pour un usage quotidien.\" \/>\n<meta property=\"og:url\" content=\"https:\/\/dealeurdesaveurs.com\/fr\/produit\/tee-shirt-dealeur-de-saveurs-col-v\/\" \/>\n<meta property=\"og:site_name\" content=\"Dealeur de Saveurs\" \/>\n<meta property=\"article:modified_time\" content=\"2026-01-20T12:03:17+00:00\" \/>\n<meta property=\"og:image\" content=\"https:\/\/dealeurdesaveurs.com\/wp-content\/uploads\/2026\/01\/1000004033.png\" \/>\n\t<meta property=\"og:image:width\" content=\"512\" \/>\n\t<meta property=\"og:image:height\" content=\"512\" \/>\n\t<meta property=\"og:image:type\" content=\"image\/png\" \/>\n<meta name=\"twitter:card\" content=\"summary_large_image\" \/>\n<meta name=\"twitter:label1\" content=\"Dur\u00e9e de lecture estim\u00e9e\" \/>\n\t<meta name=\"twitter:data1\" content=\"1 minute\" \/>\n<script type=\"application\/ld+json\" class=\"yoast-schema-graph\">{\"@context\":\"https:\\\/\\\/schema.org\",\"@graph\":[{\"@type\":\"WebPage\",\"@id\":\"https:\\\/\\\/dealeurdesaveurs.com\\\/produit\\\/tee-shirt-dealeur-de-saveurs-col-v\\\/\",\"url\":\"https:\\\/\\\/dealeurdesaveurs.com\\\/produit\\\/tee-shirt-dealeur-de-saveurs-col-v\\\/\",\"name\":\"Tee-shirt Dealeur de Saveurs \u2013 Col V - Dealeur de Saveurs\",\"isPartOf\":{\"@id\":\"https:\\\/\\\/dealeurdesaveurs.com\\\/#website\"},\"primaryImageOfPage\":{\"@id\":\"https:\\\/\\\/dealeurdesaveurs.com\\\/produit\\\/tee-shirt-dealeur-de-saveurs-col-v\\\/#primaryimage\"},\"image\":{\"@id\":\"https:\\\/\\\/dealeurdesaveurs.com\\\/produit\\\/tee-shirt-dealeur-de-saveurs-col-v\\\/#primaryimage\"},\"thumbnailUrl\":\"https:\\\/\\\/dealeurdesaveurs.com\\\/wp-content\\\/uploads\\\/2026\\\/01\\\/1000004033.png\",\"datePublished\":\"2026-01-06T11:28:30+00:00\",\"dateModified\":\"2026-01-20T12:03:17+00:00\",\"breadcrumb\":{\"@id\":\"https:\\\/\\\/dealeurdesaveurs.com\\\/produit\\\/tee-shirt-dealeur-de-saveurs-col-v\\\/#breadcrumb\"},\"inLanguage\":\"fr-FR\",\"potentialAction\":[{\"@type\":\"ReadAction\",\"target\":[\"https:\\\/\\\/dealeurdesaveurs.com\\\/produit\\\/tee-shirt-dealeur-de-saveurs-col-v\\\/\"]}]},{\"@type\":\"ImageObject\",\"inLanguage\":\"fr-FR\",\"@id\":\"https:\\\/\\\/dealeurdesaveurs.com\\\/produit\\\/tee-shirt-dealeur-de-saveurs-col-v\\\/#primaryimage\",\"url\":\"https:\\\/\\\/dealeurdesaveurs.com\\\/wp-content\\\/uploads\\\/2026\\\/01\\\/1000004033.png\",\"contentUrl\":\"https:\\\/\\\/dealeurdesaveurs.com\\\/wp-content\\\/uploads\\\/2026\\\/01\\\/1000004033.png\",\"width\":512,\"height\":512},{\"@type\":\"BreadcrumbList\",\"@id\":\"https:\\\/\\\/dealeurdesaveurs.com\\\/produit\\\/tee-shirt-dealeur-de-saveurs-col-v\\\/#breadcrumb\",\"itemListElement\":[{\"@type\":\"ListItem\",\"position\":1,\"name\":\"Accueil\",\"item\":\"https:\\\/\\\/dealeurdesaveurs.com\\\/\"},{\"@type\":\"ListItem\",\"position\":2,\"name\":\"Produits\",\"item\":\"https:\\\/\\\/dealeurdesaveurs.com\\\/shop\\\/\"},{\"@type\":\"ListItem\",\"position\":3,\"name\":\"Tee-shirt Dealeur de Saveurs \u2013 Col V\"}]},{\"@type\":\"WebSite\",\"@id\":\"https:\\\/\\\/dealeurdesaveurs.com\\\/#website\",\"url\":\"https:\\\/\\\/dealeurdesaveurs.com\\\/\",\"name\":\"Dealeurs de Saveurs\",\"description\":\"Fleurs CBD | R\u00e9sines CBD | Huiles CBD | Produits CBD En ligne\",\"publisher\":{\"@id\":\"https:\\\/\\\/dealeurdesaveurs.com\\\/#organization\"},\"potentialAction\":[{\"@type\":\"SearchAction\",\"target\":{\"@type\":\"EntryPoint\",\"urlTemplate\":\"https:\\\/\\\/dealeurdesaveurs.com\\\/?s={search_term_string}\"},\"query-input\":{\"@type\":\"PropertyValueSpecification\",\"valueRequired\":true,\"valueName\":\"search_term_string\"}}],\"inLanguage\":\"fr-FR\"},{\"@type\":\"Organization\",\"@id\":\"https:\\\/\\\/dealeurdesaveurs.com\\\/#organization\",\"name\":\"Dealeurs de Saveurs\",\"alternateName\":\"DDS\",\"url\":\"https:\\\/\\\/dealeurdesaveurs.com\\\/\",\"logo\":{\"@type\":\"ImageObject\",\"inLanguage\":\"fr-FR\",\"@id\":\"https:\\\/\\\/dealeurdesaveurs.com\\\/#\\\/schema\\\/logo\\\/image\\\/\",\"url\":\"https:\\\/\\\/dealeurdesaveurs.com\\\/wp-content\\\/uploads\\\/2026\\\/02\\\/1000080641_4ebf3b78bebd9c61b1c47ce765514c09-7_10_2025-1_49_05-PM_20251216_232622_0000.png\",\"contentUrl\":\"https:\\\/\\\/dealeurdesaveurs.com\\\/wp-content\\\/uploads\\\/2026\\\/02\\\/1000080641_4ebf3b78bebd9c61b1c47ce765514c09-7_10_2025-1_49_05-PM_20251216_232622_0000.png\",\"width\":650,\"height\":690,\"caption\":\"Dealeurs de Saveurs\"},\"image\":{\"@id\":\"https:\\\/\\\/dealeurdesaveurs.com\\\/#\\\/schema\\\/logo\\\/image\\\/\"},\"sameAs\":[\"https:\\\/\\\/www.instagram.com\\\/dealeurdesaveurs\"]}]}<\/script>\n<!-- \/ Yoast SEO plugin. -->","yoast_head_json":{"title":"Tee-shirt Dealeur de Saveurs \u2013 Col V - Dealeur de Saveurs","robots":{"index":"index","follow":"follow","max-snippet":"max-snippet:-1","max-image-preview":"max-image-preview:large","max-video-preview":"max-video-preview:-1"},"canonical":"https:\/\/dealeurdesaveurs.com\/fr\/produit\/tee-shirt-dealeur-de-saveurs-col-v\/","og_locale":"fr_FR","og_type":"article","og_title":"Tee-shirt Dealeur de Saveurs \u2013 Col V - Dealeur de Saveurs","og_description":"Tee-shirt col V Dealeur de Saveurs, coupe simple et confortable.  Pi\u00e8ce textile sobre, pens\u00e9e pour un usage quotidien.","og_url":"https:\/\/dealeurdesaveurs.com\/fr\/produit\/tee-shirt-dealeur-de-saveurs-col-v\/","og_site_name":"Dealeur de Saveurs","article_modified_time":"2026-01-20T12:03:17+00:00","og_image":[{"width":512,"height":512,"url":"https:\/\/dealeurdesaveurs.com\/wp-content\/uploads\/2026\/01\/1000004033.png","type":"image\/png"}],"twitter_card":"summary_large_image","twitter_misc":{"Dur\u00e9e de lecture estim\u00e9e":"1 minute"},"schema":{"@context":"https:\/\/schema.org","@graph":[{"@type":"WebPage","@id":"https:\/\/dealeurdesaveurs.com\/produit\/tee-shirt-dealeur-de-saveurs-col-v\/","url":"https:\/\/dealeurdesaveurs.com\/produit\/tee-shirt-dealeur-de-saveurs-col-v\/","name":"Tee-shirt Dealeur de Saveurs \u2013 Col V - Dealeur de Saveurs","isPartOf":{"@id":"https:\/\/dealeurdesaveurs.com\/#website"},"primaryImageOfPage":{"@id":"https:\/\/dealeurdesaveurs.com\/produit\/tee-shirt-dealeur-de-saveurs-col-v\/#primaryimage"},"image":{"@id":"https:\/\/dealeurdesaveurs.com\/produit\/tee-shirt-dealeur-de-saveurs-col-v\/#primaryimage"},"thumbnailUrl":"https:\/\/dealeurdesaveurs.com\/wp-content\/uploads\/2026\/01\/1000004033.png","datePublished":"2026-01-06T11:28:30+00:00","dateModified":"2026-01-20T12:03:17+00:00","breadcrumb":{"@id":"https:\/\/dealeurdesaveurs.com\/produit\/tee-shirt-dealeur-de-saveurs-col-v\/#breadcrumb"},"inLanguage":"fr-FR","potentialAction":[{"@type":"ReadAction","target":["https:\/\/dealeurdesaveurs.com\/produit\/tee-shirt-dealeur-de-saveurs-col-v\/"]}]},{"@type":"ImageObject","inLanguage":"fr-FR","@id":"https:\/\/dealeurdesaveurs.com\/produit\/tee-shirt-dealeur-de-saveurs-col-v\/#primaryimage","url":"https:\/\/dealeurdesaveurs.com\/wp-content\/uploads\/2026\/01\/1000004033.png","contentUrl":"https:\/\/dealeurdesaveurs.com\/wp-content\/uploads\/2026\/01\/1000004033.png","width":512,"height":512},{"@type":"BreadcrumbList","@id":"https:\/\/dealeurdesaveurs.com\/produit\/tee-shirt-dealeur-de-saveurs-col-v\/#breadcrumb","itemListElement":[{"@type":"ListItem","position":1,"name":"Accueil","item":"https:\/\/dealeurdesaveurs.com\/"},{"@type":"ListItem","position":2,"name":"Produits","item":"https:\/\/dealeurdesaveurs.com\/shop\/"},{"@type":"ListItem","position":3,"name":"Tee-shirt Dealeur de Saveurs \u2013 Col V"}]},{"@type":"WebSite","@id":"https:\/\/dealeurdesaveurs.com\/#website","url":"https:\/\/dealeurdesaveurs.com\/","name":"Dealeurs de Saveurs","description":"Fleurs CBD | R\u00e9sines CBD | Huiles CBD | Produits CBD En ligne","publisher":{"@id":"https:\/\/dealeurdesaveurs.com\/#organization"},"potentialAction":[{"@type":"SearchAction","target":{"@type":"EntryPoint","urlTemplate":"https:\/\/dealeurdesaveurs.com\/?s={search_term_string}"},"query-input":{"@type":"PropertyValueSpecification","valueRequired":true,"valueName":"search_term_string"}}],"inLanguage":"fr-FR"},{"@type":"Organization","@id":"https:\/\/dealeurdesaveurs.com\/#organization","name":"Dealeurs de Saveurs","alternateName":"DDS","url":"https:\/\/dealeurdesaveurs.com\/","logo":{"@type":"ImageObject","inLanguage":"fr-FR","@id":"https:\/\/dealeurdesaveurs.com\/#\/schema\/logo\/image\/","url":"https:\/\/dealeurdesaveurs.com\/wp-content\/uploads\/2026\/02\/1000080641_4ebf3b78bebd9c61b1c47ce765514c09-7_10_2025-1_49_05-PM_20251216_232622_0000.png","contentUrl":"https:\/\/dealeurdesaveurs.com\/wp-content\/uploads\/2026\/02\/1000080641_4ebf3b78bebd9c61b1c47ce765514c09-7_10_2025-1_49_05-PM_20251216_232622_0000.png","width":650,"height":690,"caption":"Dealeurs de Saveurs"},"image":{"@id":"https:\/\/dealeurdesaveurs.com\/#\/schema\/logo\/image\/"},"sameAs":["https:\/\/www.instagram.com\/dealeurdesaveurs"]}]}},"jetpack_sharing_enabled":true,"_links":{"self":[{"href":"https:\/\/dealeurdesaveurs.com\/fr\/wp-json\/wp\/v2\/product\/19389","targetHints":{"allow":["GET"]}}],"collection":[{"href":"https:\/\/dealeurdesaveurs.com\/fr\/wp-json\/wp\/v2\/product"}],"about":[{"href":"https:\/\/dealeurdesaveurs.com\/fr\/wp-json\/wp\/v2\/types\/product"}],"replies":[{"embeddable":true,"href":"https:\/\/dealeurdesaveurs.com\/fr\/wp-json\/wp\/v2\/comments?post=19389"}],"version-history":[{"count":4,"href":"https:\/\/dealeurdesaveurs.com\/fr\/wp-json\/wp\/v2\/product\/19389\/revisions"}],"predecessor-version":[{"id":20836,"href":"https:\/\/dealeurdesaveurs.com\/fr\/wp-json\/wp\/v2\/product\/19389\/revisions\/20836"}],"wp:featuredmedia":[{"embeddable":true,"href":"https:\/\/dealeurdesaveurs.com\/fr\/wp-json\/wp\/v2\/media\/19390"}],"wp:attachment":[{"href":"https:\/\/dealeurdesaveurs.com\/fr\/wp-json\/wp\/v2\/media?parent=19389"}],"wp:term":[{"taxonomy":"product_brand","embeddable":true,"href":"https:\/\/dealeurdesaveurs.com\/fr\/wp-json\/wp\/v2\/product_brand?post=19389"},{"taxonomy":"product_cat","embeddable":true,"href":"https:\/\/dealeurdesaveurs.com\/fr\/wp-json\/wp\/v2\/product_cat?post=19389"},{"taxonomy":"product_tag","embeddable":true,"href":"https:\/\/dealeurdesaveurs.com\/fr\/wp-json\/wp\/v2\/product_tag?post=19389"}],"curies":[{"name":"wp","href":"https:\/\/api.w.org\/{rel}","templated":true}]}}