{"id":19453,"date":"2026-01-06T14:00:17","date_gmt":"2026-01-06T14:00:17","guid":{"rendered":"https:\/\/dealeurdesaveurs.com\/?post_type=product&#038;p=19453"},"modified":"2026-03-27T12:28:11","modified_gmt":"2026-03-27T12:28:11","slug":"preroll-cbd-feuilles-raw-3","status":"publish","type":"product","link":"https:\/\/dealeurdesaveurs.com\/fr\/produit\/preroll-cbd-feuilles-raw-3\/","title":{"rendered":"Cigare CBD enrichi \u2013 King Palm \u2013 5g"},"content":{"rendered":"<p><span style=\"color: #ffffff;\">Le <strong>Cigare CBD \u2013 STRONG \u2013 Feuille King Palm (5 g)<\/strong> est con\u00e7u pour ceux qui recherchent un <strong>format g\u00e9n\u00e9reux<\/strong>, une <strong>tenue longue<\/strong> et une <strong>intensit\u00e9 affirm\u00e9e<\/strong>, sans compromis sur la qualit\u00e9.<\/span><\/p>\n<p>&nbsp;<\/p>\n<h3><span style=\"color: #ffffff;\">Format XL \u2013 5 g<\/span><\/h3>\n<p><span style=\"color: #ffffff;\">Avec ses 5 grammes, ce cigare offre une combustion lente et r\u00e9guli\u00e8re, id\u00e9ale pour une session prolong\u00e9e. Le volume permet une meilleure stabilit\u00e9 \u00e0 l\u2019allumage et une diffusion progressive.<\/span><\/p>\n<p>&nbsp;<\/p>\n<h3><span style=\"color: #ffffff;\">Feuille King Palm \u2013 100 % naturelle<\/span><\/h3>\n<p><span style=\"color: #ffffff;\">La feuille King Palm, sans tabac ni nicotine, garantit :<\/span><\/p>\n<ul>\n<li><span style=\"color: #ffffff;\">une combustion homog\u00e8ne<\/span><\/li>\n<li><span style=\"color: #ffffff;\">un go\u00fbt neutre, sans alt\u00e9ration aromatique<\/span><\/li>\n<li><span style=\"color: #ffffff;\">une exp\u00e9rience plus propre et plus constante<\/span><\/li>\n<\/ul>\n<p>&nbsp;<\/p>\n<h3><span style=\"color: #ffffff;\"><strong>Profil STRONG<\/strong><\/span><\/h3>\n<p><span style=\"color: #ffffff;\">\u00c9labor\u00e9 \u00e0 partir de fleurs de chanvre s\u00e9lectionn\u00e9es et enrichies en cannabino\u00efdes autoris\u00e9s, ce format d\u00e9livre une <strong>sensation plus marqu\u00e9e<\/strong> que les formats standards, tout en restant conforme \u00e0 la r\u00e9glementation en vigueur.<\/span><\/p>\n<p>&nbsp;<\/p>\n<h3><span style=\"color: #ffffff;\">Fabrication ma\u00eetris\u00e9e<\/span><\/h3>\n<p><span style=\"color: #ffffff;\">Roulage dense et pr\u00e9cis, structure stable, tenue uniforme. Chaque pi\u00e8ce est pens\u00e9e pour offrir une exp\u00e9rience fiable, du d\u00e9but \u00e0 la fin.<\/span><\/p>\n<p>&nbsp;<\/p>\n<h3><span style=\"color: #ffffff;\">Caract\u00e9ristiques<\/span><\/h3>\n<ul>\n<li><span style=\"color: #ffffff;\"><strong>Type :<\/strong> Cigare CBD<\/span><\/li>\n<li><span style=\"color: #ffffff;\"><strong>Poids :<\/strong> 5 g<\/span><\/li>\n<li><span style=\"color: #ffffff;\"><strong>Feuille :<\/strong> King Palm (naturelle, sans tabac)<\/span><\/li>\n<li><span style=\"color: #ffffff;\"><strong>Profil :<\/strong> STRONG<\/span><\/li>\n<li><span style=\"color: #ffffff;\"><strong>Usage :<\/strong> produit \u00e0 fumer \u00e0 base de chanvre<\/span><\/li>\n<li><span style=\"color: #ffffff;\">Sans nicotine<\/span><\/li>\n<li><span style=\"color: #ffffff;\"><strong>THC :<\/strong> conforme \u00e0 la l\u00e9gislation europ\u00e9enne<\/span><\/li>\n<\/ul>\n<p>&nbsp;<\/p>\n<h3><span style=\"color: #ffffff;\">\u00c0 savoir<\/span><\/h3>\n<p><span style=\"color: #ffffff;\">Produit destin\u00e9 \u00e0 un public averti.<\/span><\/p>\n<p><span style=\"color: #ffffff;\">\u00c0 consommer de mani\u00e8re responsable.<\/span><\/p>\n<p>&nbsp;<\/p>\n<h3><span style=\"color: #ffffff;\">S\u00e9lection Dealeur de Saveurs<\/span><\/h3>\n<p><span style=\"color: #ffffff;\">Un format <strong>imposant<\/strong>, <strong>propre<\/strong> et <strong>assum\u00e9<\/strong>, pens\u00e9 pour ceux qui veulent prendre le temps, sans d\u00e9tour ni artifice.<\/span><\/p>","protected":false},"excerpt":{"rendered":"<p><span style=\"color: #ffffff;\">Cigare CBD <strong>grand format 5 g<\/strong>, roul\u00e9 dans une <strong>feuille naturelle King Palm<\/strong>, pour une combustion lente et une exp\u00e9rience <strong>STRONG<\/strong>, stable et ma\u00eetris\u00e9e.<\/span><\/p>","protected":false},"featured_media":19458,"comment_status":"open","ping_status":"closed","template":"","meta":{"_angie_page":false},"product_brand":[],"product_cat":[263,296],"product_tag":[],"class_list":{"0":"post-19453","1":"product","2":"type-product","3":"status-publish","4":"has-post-thumbnail","6":"product_cat-cave-a-cigares-cbd","7":"product_cat-fleurs-speciales","8":"pa_quantity-194","9":"pa_quantity-193","10":"pa_quantity-220","11":"pa_quantity-200","12":"pa_quantity-221","13":"pa_quantity-195","15":"first","16":"instock","17":"taxable","18":"shipping-taxable","19":"purchasable","20":"product-type-variable"},"yoast_head":"<!-- This site is optimized with the Yoast SEO plugin v27.3 - https:\/\/yoast.com\/product\/yoast-seo-wordpress\/ -->\n<title>Cigare CBD enrichi 5g King Palm - Dealeur de Saveurs<\/title>\n<meta name=\"description\" content=\"Cigare CBD enrichi 5g feuille King Palm, compos\u00e9 de fleurs CBD et d&#039;une pr\u00e9paration intensifi\u00e9e en cannabino\u00efdes.\" \/>\n<meta name=\"robots\" content=\"index, follow, max-snippet:-1, max-image-preview:large, max-video-preview:-1\" \/>\n<link rel=\"canonical\" href=\"https:\/\/dealeurdesaveurs.com\/fr\/produit\/preroll-cbd-feuilles-raw-3\/\" \/>\n<meta property=\"og:locale\" content=\"fr_FR\" \/>\n<meta property=\"og:type\" content=\"article\" \/>\n<meta property=\"og:title\" content=\"Cigare CBD enrichi 5g King Palm - Dealeur de Saveurs\" \/>\n<meta property=\"og:description\" content=\"Cigare CBD enrichi 5g feuille King Palm, compos\u00e9 de fleurs CBD et d&#039;une pr\u00e9paration intensifi\u00e9e en cannabino\u00efdes.\" \/>\n<meta property=\"og:url\" content=\"https:\/\/dealeurdesaveurs.com\/fr\/produit\/preroll-cbd-feuilles-raw-3\/\" \/>\n<meta property=\"og:site_name\" content=\"Dealeur de Saveurs\" \/>\n<meta property=\"article:modified_time\" content=\"2026-03-27T12:28:11+00:00\" \/>\n<meta property=\"og:image\" content=\"https:\/\/dealeurdesaveurs.com\/wp-content\/uploads\/2026\/01\/1000004089.png\" \/>\n\t<meta property=\"og:image:width\" content=\"530\" \/>\n\t<meta property=\"og:image:height\" content=\"530\" \/>\n\t<meta property=\"og:image:type\" content=\"image\/png\" \/>\n<meta name=\"twitter:card\" content=\"summary_large_image\" \/>\n<meta name=\"twitter:label1\" content=\"Dur\u00e9e de lecture estim\u00e9e\" \/>\n\t<meta name=\"twitter:data1\" content=\"2 minutes\" \/>\n<script type=\"application\/ld+json\" class=\"yoast-schema-graph\">{\"@context\":\"https:\\\/\\\/schema.org\",\"@graph\":[{\"@type\":\"WebPage\",\"@id\":\"https:\\\/\\\/dealeurdesaveurs.com\\\/produit\\\/preroll-cbd-feuilles-raw-3\\\/\",\"url\":\"https:\\\/\\\/dealeurdesaveurs.com\\\/produit\\\/preroll-cbd-feuilles-raw-3\\\/\",\"name\":\"Cigare CBD enrichi 5g King Palm - Dealeur de Saveurs\",\"isPartOf\":{\"@id\":\"https:\\\/\\\/dealeurdesaveurs.com\\\/#website\"},\"primaryImageOfPage\":{\"@id\":\"https:\\\/\\\/dealeurdesaveurs.com\\\/produit\\\/preroll-cbd-feuilles-raw-3\\\/#primaryimage\"},\"image\":{\"@id\":\"https:\\\/\\\/dealeurdesaveurs.com\\\/produit\\\/preroll-cbd-feuilles-raw-3\\\/#primaryimage\"},\"thumbnailUrl\":\"https:\\\/\\\/dealeurdesaveurs.com\\\/wp-content\\\/uploads\\\/2026\\\/01\\\/1000004089.png\",\"datePublished\":\"2026-01-06T14:00:17+00:00\",\"dateModified\":\"2026-03-27T12:28:11+00:00\",\"description\":\"Cigare CBD enrichi 5g feuille King Palm, compos\u00e9 de fleurs CBD et d'une pr\u00e9paration intensifi\u00e9e en cannabino\u00efdes.\",\"breadcrumb\":{\"@id\":\"https:\\\/\\\/dealeurdesaveurs.com\\\/produit\\\/preroll-cbd-feuilles-raw-3\\\/#breadcrumb\"},\"inLanguage\":\"fr-FR\",\"potentialAction\":[{\"@type\":\"ReadAction\",\"target\":[\"https:\\\/\\\/dealeurdesaveurs.com\\\/produit\\\/preroll-cbd-feuilles-raw-3\\\/\"]}]},{\"@type\":\"ImageObject\",\"inLanguage\":\"fr-FR\",\"@id\":\"https:\\\/\\\/dealeurdesaveurs.com\\\/produit\\\/preroll-cbd-feuilles-raw-3\\\/#primaryimage\",\"url\":\"https:\\\/\\\/dealeurdesaveurs.com\\\/wp-content\\\/uploads\\\/2026\\\/01\\\/1000004089.png\",\"contentUrl\":\"https:\\\/\\\/dealeurdesaveurs.com\\\/wp-content\\\/uploads\\\/2026\\\/01\\\/1000004089.png\",\"width\":530,\"height\":530},{\"@type\":\"BreadcrumbList\",\"@id\":\"https:\\\/\\\/dealeurdesaveurs.com\\\/produit\\\/preroll-cbd-feuilles-raw-3\\\/#breadcrumb\",\"itemListElement\":[{\"@type\":\"ListItem\",\"position\":1,\"name\":\"Accueil\",\"item\":\"https:\\\/\\\/dealeurdesaveurs.com\\\/\"},{\"@type\":\"ListItem\",\"position\":2,\"name\":\"Produits\",\"item\":\"https:\\\/\\\/dealeurdesaveurs.com\\\/shop\\\/\"},{\"@type\":\"ListItem\",\"position\":3,\"name\":\"Cigare CBD enrichi \u2013 King Palm \u2013 5g\"}]},{\"@type\":\"WebSite\",\"@id\":\"https:\\\/\\\/dealeurdesaveurs.com\\\/#website\",\"url\":\"https:\\\/\\\/dealeurdesaveurs.com\\\/\",\"name\":\"Dealeurs de Saveurs\",\"description\":\"Fleurs CBD | R\u00e9sines CBD | Huiles CBD | Produits CBD En ligne\",\"publisher\":{\"@id\":\"https:\\\/\\\/dealeurdesaveurs.com\\\/#organization\"},\"potentialAction\":[{\"@type\":\"SearchAction\",\"target\":{\"@type\":\"EntryPoint\",\"urlTemplate\":\"https:\\\/\\\/dealeurdesaveurs.com\\\/?s={search_term_string}\"},\"query-input\":{\"@type\":\"PropertyValueSpecification\",\"valueRequired\":true,\"valueName\":\"search_term_string\"}}],\"inLanguage\":\"fr-FR\"},{\"@type\":\"Organization\",\"@id\":\"https:\\\/\\\/dealeurdesaveurs.com\\\/#organization\",\"name\":\"Dealeurs de Saveurs\",\"alternateName\":\"DDS\",\"url\":\"https:\\\/\\\/dealeurdesaveurs.com\\\/\",\"logo\":{\"@type\":\"ImageObject\",\"inLanguage\":\"fr-FR\",\"@id\":\"https:\\\/\\\/dealeurdesaveurs.com\\\/#\\\/schema\\\/logo\\\/image\\\/\",\"url\":\"https:\\\/\\\/dealeurdesaveurs.com\\\/wp-content\\\/uploads\\\/2026\\\/02\\\/1000080641_4ebf3b78bebd9c61b1c47ce765514c09-7_10_2025-1_49_05-PM_20251216_232622_0000.png\",\"contentUrl\":\"https:\\\/\\\/dealeurdesaveurs.com\\\/wp-content\\\/uploads\\\/2026\\\/02\\\/1000080641_4ebf3b78bebd9c61b1c47ce765514c09-7_10_2025-1_49_05-PM_20251216_232622_0000.png\",\"width\":650,\"height\":690,\"caption\":\"Dealeurs de Saveurs\"},\"image\":{\"@id\":\"https:\\\/\\\/dealeurdesaveurs.com\\\/#\\\/schema\\\/logo\\\/image\\\/\"},\"sameAs\":[\"https:\\\/\\\/www.instagram.com\\\/dealeurdesaveurs\"]}]}<\/script>\n<!-- \/ Yoast SEO plugin. -->","yoast_head_json":{"title":"Cigare CBD enrichi 5g King Palm - Dealeur de Saveurs","description":"Cigare CBD enrichi 5g feuille King Palm, compos\u00e9 de fleurs CBD et d'une pr\u00e9paration intensifi\u00e9e en cannabino\u00efdes.","robots":{"index":"index","follow":"follow","max-snippet":"max-snippet:-1","max-image-preview":"max-image-preview:large","max-video-preview":"max-video-preview:-1"},"canonical":"https:\/\/dealeurdesaveurs.com\/fr\/produit\/preroll-cbd-feuilles-raw-3\/","og_locale":"fr_FR","og_type":"article","og_title":"Cigare CBD enrichi 5g King Palm - Dealeur de Saveurs","og_description":"Cigare CBD enrichi 5g feuille King Palm, compos\u00e9 de fleurs CBD et d'une pr\u00e9paration intensifi\u00e9e en cannabino\u00efdes.","og_url":"https:\/\/dealeurdesaveurs.com\/fr\/produit\/preroll-cbd-feuilles-raw-3\/","og_site_name":"Dealeur de Saveurs","article_modified_time":"2026-03-27T12:28:11+00:00","og_image":[{"width":530,"height":530,"url":"https:\/\/dealeurdesaveurs.com\/wp-content\/uploads\/2026\/01\/1000004089.png","type":"image\/png"}],"twitter_card":"summary_large_image","twitter_misc":{"Dur\u00e9e de lecture estim\u00e9e":"2 minutes"},"schema":{"@context":"https:\/\/schema.org","@graph":[{"@type":"WebPage","@id":"https:\/\/dealeurdesaveurs.com\/produit\/preroll-cbd-feuilles-raw-3\/","url":"https:\/\/dealeurdesaveurs.com\/produit\/preroll-cbd-feuilles-raw-3\/","name":"Cigare CBD enrichi 5g King Palm - Dealeur de Saveurs","isPartOf":{"@id":"https:\/\/dealeurdesaveurs.com\/#website"},"primaryImageOfPage":{"@id":"https:\/\/dealeurdesaveurs.com\/produit\/preroll-cbd-feuilles-raw-3\/#primaryimage"},"image":{"@id":"https:\/\/dealeurdesaveurs.com\/produit\/preroll-cbd-feuilles-raw-3\/#primaryimage"},"thumbnailUrl":"https:\/\/dealeurdesaveurs.com\/wp-content\/uploads\/2026\/01\/1000004089.png","datePublished":"2026-01-06T14:00:17+00:00","dateModified":"2026-03-27T12:28:11+00:00","description":"Cigare CBD enrichi 5g feuille King Palm, compos\u00e9 de fleurs CBD et d'une pr\u00e9paration intensifi\u00e9e en cannabino\u00efdes.","breadcrumb":{"@id":"https:\/\/dealeurdesaveurs.com\/produit\/preroll-cbd-feuilles-raw-3\/#breadcrumb"},"inLanguage":"fr-FR","potentialAction":[{"@type":"ReadAction","target":["https:\/\/dealeurdesaveurs.com\/produit\/preroll-cbd-feuilles-raw-3\/"]}]},{"@type":"ImageObject","inLanguage":"fr-FR","@id":"https:\/\/dealeurdesaveurs.com\/produit\/preroll-cbd-feuilles-raw-3\/#primaryimage","url":"https:\/\/dealeurdesaveurs.com\/wp-content\/uploads\/2026\/01\/1000004089.png","contentUrl":"https:\/\/dealeurdesaveurs.com\/wp-content\/uploads\/2026\/01\/1000004089.png","width":530,"height":530},{"@type":"BreadcrumbList","@id":"https:\/\/dealeurdesaveurs.com\/produit\/preroll-cbd-feuilles-raw-3\/#breadcrumb","itemListElement":[{"@type":"ListItem","position":1,"name":"Accueil","item":"https:\/\/dealeurdesaveurs.com\/"},{"@type":"ListItem","position":2,"name":"Produits","item":"https:\/\/dealeurdesaveurs.com\/shop\/"},{"@type":"ListItem","position":3,"name":"Cigare CBD enrichi \u2013 King Palm \u2013 5g"}]},{"@type":"WebSite","@id":"https:\/\/dealeurdesaveurs.com\/#website","url":"https:\/\/dealeurdesaveurs.com\/","name":"Dealeurs de Saveurs","description":"Fleurs CBD | R\u00e9sines CBD | Huiles CBD | Produits CBD En ligne","publisher":{"@id":"https:\/\/dealeurdesaveurs.com\/#organization"},"potentialAction":[{"@type":"SearchAction","target":{"@type":"EntryPoint","urlTemplate":"https:\/\/dealeurdesaveurs.com\/?s={search_term_string}"},"query-input":{"@type":"PropertyValueSpecification","valueRequired":true,"valueName":"search_term_string"}}],"inLanguage":"fr-FR"},{"@type":"Organization","@id":"https:\/\/dealeurdesaveurs.com\/#organization","name":"Dealeurs de Saveurs","alternateName":"DDS","url":"https:\/\/dealeurdesaveurs.com\/","logo":{"@type":"ImageObject","inLanguage":"fr-FR","@id":"https:\/\/dealeurdesaveurs.com\/#\/schema\/logo\/image\/","url":"https:\/\/dealeurdesaveurs.com\/wp-content\/uploads\/2026\/02\/1000080641_4ebf3b78bebd9c61b1c47ce765514c09-7_10_2025-1_49_05-PM_20251216_232622_0000.png","contentUrl":"https:\/\/dealeurdesaveurs.com\/wp-content\/uploads\/2026\/02\/1000080641_4ebf3b78bebd9c61b1c47ce765514c09-7_10_2025-1_49_05-PM_20251216_232622_0000.png","width":650,"height":690,"caption":"Dealeurs de Saveurs"},"image":{"@id":"https:\/\/dealeurdesaveurs.com\/#\/schema\/logo\/image\/"},"sameAs":["https:\/\/www.instagram.com\/dealeurdesaveurs"]}]}},"jetpack_sharing_enabled":true,"_links":{"self":[{"href":"https:\/\/dealeurdesaveurs.com\/fr\/wp-json\/wp\/v2\/product\/19453","targetHints":{"allow":["GET"]}}],"collection":[{"href":"https:\/\/dealeurdesaveurs.com\/fr\/wp-json\/wp\/v2\/product"}],"about":[{"href":"https:\/\/dealeurdesaveurs.com\/fr\/wp-json\/wp\/v2\/types\/product"}],"replies":[{"embeddable":true,"href":"https:\/\/dealeurdesaveurs.com\/fr\/wp-json\/wp\/v2\/comments?post=19453"}],"version-history":[{"count":8,"href":"https:\/\/dealeurdesaveurs.com\/fr\/wp-json\/wp\/v2\/product\/19453\/revisions"}],"predecessor-version":[{"id":29470,"href":"https:\/\/dealeurdesaveurs.com\/fr\/wp-json\/wp\/v2\/product\/19453\/revisions\/29470"}],"wp:featuredmedia":[{"embeddable":true,"href":"https:\/\/dealeurdesaveurs.com\/fr\/wp-json\/wp\/v2\/media\/19458"}],"wp:attachment":[{"href":"https:\/\/dealeurdesaveurs.com\/fr\/wp-json\/wp\/v2\/media?parent=19453"}],"wp:term":[{"taxonomy":"product_brand","embeddable":true,"href":"https:\/\/dealeurdesaveurs.com\/fr\/wp-json\/wp\/v2\/product_brand?post=19453"},{"taxonomy":"product_cat","embeddable":true,"href":"https:\/\/dealeurdesaveurs.com\/fr\/wp-json\/wp\/v2\/product_cat?post=19453"},{"taxonomy":"product_tag","embeddable":true,"href":"https:\/\/dealeurdesaveurs.com\/fr\/wp-json\/wp\/v2\/product_tag?post=19453"}],"curies":[{"name":"wp","href":"https:\/\/api.w.org\/{rel}","templated":true}]}}