{"id":19759,"date":"2026-01-08T21:39:17","date_gmt":"2026-01-08T21:39:17","guid":{"rendered":"https:\/\/dealeurdesaveurs.com\/?post_type=product&#038;p=19759"},"modified":"2026-01-24T13:39:47","modified_gmt":"2026-01-24T13:39:47","slug":"briquet-dealeur-de-saveurs-officiel","status":"publish","type":"product","link":"https:\/\/dealeurdesaveurs.com\/fr\/produit\/briquet-dealeur-de-saveurs-officiel\/","title":{"rendered":"Briquet \u00e9lectronique \u2013 Dealeur de Saveurs"},"content":{"rendered":"<h3><span style=\"color: #ffffff;\">Design &amp; finition<\/span><\/h3>\n<p><span style=\"color: #ffffff;\">Briquet \u00e9lectronique \u00e0 la finition noir mat, sobre et discr\u00e8te. Design \u00e9pur\u00e9, sans \u00e9l\u00e9ment superflu, marqu\u00e9 Dealeur de Saveurs. Format compact, facile \u00e0 transporter et \u00e0 utiliser.<\/span><\/p>\n<h3><span style=\"color: #ffffff;\">Fonctionnement<\/span><\/h3>\n<p><span style=\"color: #ffffff;\">Allumage \u00e9lectronique simple et rapide. Flamme stable, utilisation r\u00e9guli\u00e8re et ma\u00eetris\u00e9e. Solution pratique pour un usage r\u00e9p\u00e9t\u00e9, sans contrainte li\u00e9e aux briquets jetables.<\/span><\/p>\n<h3><span style=\"color: #ffffff;\">Usage &amp; durabilit\u00e9<\/span><\/h3>\n<p><span style=\"color: #ffffff;\">Pens\u00e9 pour un usage quotidien. Rechargeable, limitant la consommation de briquets \u00e0 usage unique. Accessoire fonctionnel, fiable et durable dans le temps.<\/span><\/p>\n<h3><span style=\"color: #ffffff;\">Conditions commerciales<\/span><\/h3>\n<p><span style=\"color: #ffffff;\">Produit disponible avec<strong> tarifs d\u00e9gressifs selon la quantit\u00e9<\/strong>, adapt\u00e9s aux besoins particuliers comme professionnels.<\/span><\/p>","protected":false},"excerpt":{"rendered":"<p>Briquet \u00e9lectronique rechargeable, finition noir mat.<\/p>\n<p>Accessoire fiable, pens\u00e9 pour un usage quotidien. Prix d\u00e9gressifs selon quantit\u00e9.<\/p>","protected":false},"featured_media":19765,"comment_status":"open","ping_status":"closed","template":"","meta":{"_angie_page":false},"product_brand":[],"product_cat":[196,190,199],"product_tag":[],"class_list":{"0":"post-19759","1":"product","2":"type-product","3":"status-publish","4":"has-post-thumbnail","6":"product_cat-accessoires","7":"product_cat-consommables","8":"product_cat-team-dealeur-de-saveurs","9":"pa_quantity-194","10":"pa_quantity-220","11":"pa_quantity-200","12":"pa_quantity-221","13":"pa_quantity-195","15":"first","16":"instock","17":"taxable","18":"shipping-taxable","19":"purchasable","20":"product-type-variable"},"yoast_head":"<!-- This site is optimized with the Yoast SEO plugin v27.3 - https:\/\/yoast.com\/product\/yoast-seo-wordpress\/ -->\n<title>Briquet \u00e9lectronique \u2013 Dealeur de Saveurs - Dealeur de Saveurs<\/title>\n<meta name=\"robots\" content=\"index, follow, max-snippet:-1, max-image-preview:large, max-video-preview:-1\" \/>\n<link rel=\"canonical\" href=\"https:\/\/dealeurdesaveurs.com\/fr\/produit\/briquet-dealeur-de-saveurs-officiel\/\" \/>\n<meta property=\"og:locale\" content=\"fr_FR\" \/>\n<meta property=\"og:type\" content=\"article\" \/>\n<meta property=\"og:title\" content=\"Briquet \u00e9lectronique \u2013 Dealeur de Saveurs - Dealeur de Saveurs\" \/>\n<meta property=\"og:description\" content=\"Briquet \u00e9lectronique rechargeable, finition noir mat.  Accessoire fiable, pens\u00e9 pour un usage quotidien. Prix d\u00e9gressifs selon quantit\u00e9.\" \/>\n<meta property=\"og:url\" content=\"https:\/\/dealeurdesaveurs.com\/fr\/produit\/briquet-dealeur-de-saveurs-officiel\/\" \/>\n<meta property=\"og:site_name\" content=\"Dealeur de Saveurs\" \/>\n<meta property=\"article:modified_time\" content=\"2026-01-24T13:39:47+00:00\" \/>\n<meta property=\"og:image\" content=\"https:\/\/dealeurdesaveurs.com\/wp-content\/uploads\/2026\/01\/1000004370-1.png\" \/>\n\t<meta property=\"og:image:width\" content=\"520\" \/>\n\t<meta property=\"og:image:height\" content=\"520\" \/>\n\t<meta property=\"og:image:type\" content=\"image\/png\" \/>\n<meta name=\"twitter:card\" content=\"summary_large_image\" \/>\n<meta name=\"twitter:label1\" content=\"Dur\u00e9e de lecture estim\u00e9e\" \/>\n\t<meta name=\"twitter:data1\" content=\"1 minute\" \/>\n<script type=\"application\/ld+json\" class=\"yoast-schema-graph\">{\"@context\":\"https:\\\/\\\/schema.org\",\"@graph\":[{\"@type\":\"WebPage\",\"@id\":\"https:\\\/\\\/dealeurdesaveurs.com\\\/produit\\\/briquet-dealeur-de-saveurs-officiel\\\/\",\"url\":\"https:\\\/\\\/dealeurdesaveurs.com\\\/produit\\\/briquet-dealeur-de-saveurs-officiel\\\/\",\"name\":\"Briquet \u00e9lectronique \u2013 Dealeur de Saveurs - Dealeur de Saveurs\",\"isPartOf\":{\"@id\":\"https:\\\/\\\/dealeurdesaveurs.com\\\/#website\"},\"primaryImageOfPage\":{\"@id\":\"https:\\\/\\\/dealeurdesaveurs.com\\\/produit\\\/briquet-dealeur-de-saveurs-officiel\\\/#primaryimage\"},\"image\":{\"@id\":\"https:\\\/\\\/dealeurdesaveurs.com\\\/produit\\\/briquet-dealeur-de-saveurs-officiel\\\/#primaryimage\"},\"thumbnailUrl\":\"https:\\\/\\\/dealeurdesaveurs.com\\\/wp-content\\\/uploads\\\/2026\\\/01\\\/1000004370-1.png\",\"datePublished\":\"2026-01-08T21:39:17+00:00\",\"dateModified\":\"2026-01-24T13:39:47+00:00\",\"breadcrumb\":{\"@id\":\"https:\\\/\\\/dealeurdesaveurs.com\\\/produit\\\/briquet-dealeur-de-saveurs-officiel\\\/#breadcrumb\"},\"inLanguage\":\"fr-FR\",\"potentialAction\":[{\"@type\":\"ReadAction\",\"target\":[\"https:\\\/\\\/dealeurdesaveurs.com\\\/produit\\\/briquet-dealeur-de-saveurs-officiel\\\/\"]}]},{\"@type\":\"ImageObject\",\"inLanguage\":\"fr-FR\",\"@id\":\"https:\\\/\\\/dealeurdesaveurs.com\\\/produit\\\/briquet-dealeur-de-saveurs-officiel\\\/#primaryimage\",\"url\":\"https:\\\/\\\/dealeurdesaveurs.com\\\/wp-content\\\/uploads\\\/2026\\\/01\\\/1000004370-1.png\",\"contentUrl\":\"https:\\\/\\\/dealeurdesaveurs.com\\\/wp-content\\\/uploads\\\/2026\\\/01\\\/1000004370-1.png\",\"width\":520,\"height\":520},{\"@type\":\"BreadcrumbList\",\"@id\":\"https:\\\/\\\/dealeurdesaveurs.com\\\/produit\\\/briquet-dealeur-de-saveurs-officiel\\\/#breadcrumb\",\"itemListElement\":[{\"@type\":\"ListItem\",\"position\":1,\"name\":\"Accueil\",\"item\":\"https:\\\/\\\/dealeurdesaveurs.com\\\/\"},{\"@type\":\"ListItem\",\"position\":2,\"name\":\"Produits\",\"item\":\"https:\\\/\\\/dealeurdesaveurs.com\\\/shop\\\/\"},{\"@type\":\"ListItem\",\"position\":3,\"name\":\"Briquet \u00e9lectronique \u2013 Dealeur de Saveurs\"}]},{\"@type\":\"WebSite\",\"@id\":\"https:\\\/\\\/dealeurdesaveurs.com\\\/#website\",\"url\":\"https:\\\/\\\/dealeurdesaveurs.com\\\/\",\"name\":\"Dealeurs de Saveurs\",\"description\":\"Fleurs CBD | R\u00e9sines CBD | Huiles CBD | Produits CBD En ligne\",\"publisher\":{\"@id\":\"https:\\\/\\\/dealeurdesaveurs.com\\\/#organization\"},\"potentialAction\":[{\"@type\":\"SearchAction\",\"target\":{\"@type\":\"EntryPoint\",\"urlTemplate\":\"https:\\\/\\\/dealeurdesaveurs.com\\\/?s={search_term_string}\"},\"query-input\":{\"@type\":\"PropertyValueSpecification\",\"valueRequired\":true,\"valueName\":\"search_term_string\"}}],\"inLanguage\":\"fr-FR\"},{\"@type\":\"Organization\",\"@id\":\"https:\\\/\\\/dealeurdesaveurs.com\\\/#organization\",\"name\":\"Dealeurs de Saveurs\",\"alternateName\":\"DDS\",\"url\":\"https:\\\/\\\/dealeurdesaveurs.com\\\/\",\"logo\":{\"@type\":\"ImageObject\",\"inLanguage\":\"fr-FR\",\"@id\":\"https:\\\/\\\/dealeurdesaveurs.com\\\/#\\\/schema\\\/logo\\\/image\\\/\",\"url\":\"https:\\\/\\\/dealeurdesaveurs.com\\\/wp-content\\\/uploads\\\/2026\\\/02\\\/1000080641_4ebf3b78bebd9c61b1c47ce765514c09-7_10_2025-1_49_05-PM_20251216_232622_0000.png\",\"contentUrl\":\"https:\\\/\\\/dealeurdesaveurs.com\\\/wp-content\\\/uploads\\\/2026\\\/02\\\/1000080641_4ebf3b78bebd9c61b1c47ce765514c09-7_10_2025-1_49_05-PM_20251216_232622_0000.png\",\"width\":650,\"height\":690,\"caption\":\"Dealeurs de Saveurs\"},\"image\":{\"@id\":\"https:\\\/\\\/dealeurdesaveurs.com\\\/#\\\/schema\\\/logo\\\/image\\\/\"},\"sameAs\":[\"https:\\\/\\\/www.instagram.com\\\/dealeurdesaveurs\"]}]}<\/script>\n<!-- \/ Yoast SEO plugin. -->","yoast_head_json":{"title":"Briquet \u00e9lectronique \u2013 Dealeur de Saveurs - Dealeur de Saveurs","robots":{"index":"index","follow":"follow","max-snippet":"max-snippet:-1","max-image-preview":"max-image-preview:large","max-video-preview":"max-video-preview:-1"},"canonical":"https:\/\/dealeurdesaveurs.com\/fr\/produit\/briquet-dealeur-de-saveurs-officiel\/","og_locale":"fr_FR","og_type":"article","og_title":"Briquet \u00e9lectronique \u2013 Dealeur de Saveurs - Dealeur de Saveurs","og_description":"Briquet \u00e9lectronique rechargeable, finition noir mat.  Accessoire fiable, pens\u00e9 pour un usage quotidien. Prix d\u00e9gressifs selon quantit\u00e9.","og_url":"https:\/\/dealeurdesaveurs.com\/fr\/produit\/briquet-dealeur-de-saveurs-officiel\/","og_site_name":"Dealeur de Saveurs","article_modified_time":"2026-01-24T13:39:47+00:00","og_image":[{"width":520,"height":520,"url":"https:\/\/dealeurdesaveurs.com\/wp-content\/uploads\/2026\/01\/1000004370-1.png","type":"image\/png"}],"twitter_card":"summary_large_image","twitter_misc":{"Dur\u00e9e de lecture estim\u00e9e":"1 minute"},"schema":{"@context":"https:\/\/schema.org","@graph":[{"@type":"WebPage","@id":"https:\/\/dealeurdesaveurs.com\/produit\/briquet-dealeur-de-saveurs-officiel\/","url":"https:\/\/dealeurdesaveurs.com\/produit\/briquet-dealeur-de-saveurs-officiel\/","name":"Briquet \u00e9lectronique \u2013 Dealeur de Saveurs - Dealeur de Saveurs","isPartOf":{"@id":"https:\/\/dealeurdesaveurs.com\/#website"},"primaryImageOfPage":{"@id":"https:\/\/dealeurdesaveurs.com\/produit\/briquet-dealeur-de-saveurs-officiel\/#primaryimage"},"image":{"@id":"https:\/\/dealeurdesaveurs.com\/produit\/briquet-dealeur-de-saveurs-officiel\/#primaryimage"},"thumbnailUrl":"https:\/\/dealeurdesaveurs.com\/wp-content\/uploads\/2026\/01\/1000004370-1.png","datePublished":"2026-01-08T21:39:17+00:00","dateModified":"2026-01-24T13:39:47+00:00","breadcrumb":{"@id":"https:\/\/dealeurdesaveurs.com\/produit\/briquet-dealeur-de-saveurs-officiel\/#breadcrumb"},"inLanguage":"fr-FR","potentialAction":[{"@type":"ReadAction","target":["https:\/\/dealeurdesaveurs.com\/produit\/briquet-dealeur-de-saveurs-officiel\/"]}]},{"@type":"ImageObject","inLanguage":"fr-FR","@id":"https:\/\/dealeurdesaveurs.com\/produit\/briquet-dealeur-de-saveurs-officiel\/#primaryimage","url":"https:\/\/dealeurdesaveurs.com\/wp-content\/uploads\/2026\/01\/1000004370-1.png","contentUrl":"https:\/\/dealeurdesaveurs.com\/wp-content\/uploads\/2026\/01\/1000004370-1.png","width":520,"height":520},{"@type":"BreadcrumbList","@id":"https:\/\/dealeurdesaveurs.com\/produit\/briquet-dealeur-de-saveurs-officiel\/#breadcrumb","itemListElement":[{"@type":"ListItem","position":1,"name":"Accueil","item":"https:\/\/dealeurdesaveurs.com\/"},{"@type":"ListItem","position":2,"name":"Produits","item":"https:\/\/dealeurdesaveurs.com\/shop\/"},{"@type":"ListItem","position":3,"name":"Briquet \u00e9lectronique \u2013 Dealeur de Saveurs"}]},{"@type":"WebSite","@id":"https:\/\/dealeurdesaveurs.com\/#website","url":"https:\/\/dealeurdesaveurs.com\/","name":"Dealeurs de Saveurs","description":"Fleurs CBD | R\u00e9sines CBD | Huiles CBD | Produits CBD En ligne","publisher":{"@id":"https:\/\/dealeurdesaveurs.com\/#organization"},"potentialAction":[{"@type":"SearchAction","target":{"@type":"EntryPoint","urlTemplate":"https:\/\/dealeurdesaveurs.com\/?s={search_term_string}"},"query-input":{"@type":"PropertyValueSpecification","valueRequired":true,"valueName":"search_term_string"}}],"inLanguage":"fr-FR"},{"@type":"Organization","@id":"https:\/\/dealeurdesaveurs.com\/#organization","name":"Dealeurs de Saveurs","alternateName":"DDS","url":"https:\/\/dealeurdesaveurs.com\/","logo":{"@type":"ImageObject","inLanguage":"fr-FR","@id":"https:\/\/dealeurdesaveurs.com\/#\/schema\/logo\/image\/","url":"https:\/\/dealeurdesaveurs.com\/wp-content\/uploads\/2026\/02\/1000080641_4ebf3b78bebd9c61b1c47ce765514c09-7_10_2025-1_49_05-PM_20251216_232622_0000.png","contentUrl":"https:\/\/dealeurdesaveurs.com\/wp-content\/uploads\/2026\/02\/1000080641_4ebf3b78bebd9c61b1c47ce765514c09-7_10_2025-1_49_05-PM_20251216_232622_0000.png","width":650,"height":690,"caption":"Dealeurs de Saveurs"},"image":{"@id":"https:\/\/dealeurdesaveurs.com\/#\/schema\/logo\/image\/"},"sameAs":["https:\/\/www.instagram.com\/dealeurdesaveurs"]}]}},"jetpack_sharing_enabled":true,"_links":{"self":[{"href":"https:\/\/dealeurdesaveurs.com\/fr\/wp-json\/wp\/v2\/product\/19759","targetHints":{"allow":["GET"]}}],"collection":[{"href":"https:\/\/dealeurdesaveurs.com\/fr\/wp-json\/wp\/v2\/product"}],"about":[{"href":"https:\/\/dealeurdesaveurs.com\/fr\/wp-json\/wp\/v2\/types\/product"}],"replies":[{"embeddable":true,"href":"https:\/\/dealeurdesaveurs.com\/fr\/wp-json\/wp\/v2\/comments?post=19759"}],"version-history":[{"count":7,"href":"https:\/\/dealeurdesaveurs.com\/fr\/wp-json\/wp\/v2\/product\/19759\/revisions"}],"predecessor-version":[{"id":21384,"href":"https:\/\/dealeurdesaveurs.com\/fr\/wp-json\/wp\/v2\/product\/19759\/revisions\/21384"}],"wp:featuredmedia":[{"embeddable":true,"href":"https:\/\/dealeurdesaveurs.com\/fr\/wp-json\/wp\/v2\/media\/19765"}],"wp:attachment":[{"href":"https:\/\/dealeurdesaveurs.com\/fr\/wp-json\/wp\/v2\/media?parent=19759"}],"wp:term":[{"taxonomy":"product_brand","embeddable":true,"href":"https:\/\/dealeurdesaveurs.com\/fr\/wp-json\/wp\/v2\/product_brand?post=19759"},{"taxonomy":"product_cat","embeddable":true,"href":"https:\/\/dealeurdesaveurs.com\/fr\/wp-json\/wp\/v2\/product_cat?post=19759"},{"taxonomy":"product_tag","embeddable":true,"href":"https:\/\/dealeurdesaveurs.com\/fr\/wp-json\/wp\/v2\/product_tag?post=19759"}],"curies":[{"name":"wp","href":"https:\/\/api.w.org\/{rel}","templated":true}]}}