{"id":20712,"date":"2026-01-20T02:19:35","date_gmt":"2026-01-20T02:19:35","guid":{"rendered":"https:\/\/dealeurdesaveurs.com\/?post_type=product&#038;p=20712"},"modified":"2026-04-08T23:16:26","modified_gmt":"2026-04-08T23:16:26","slug":"crumble-cbd-blue-cheese","status":"publish","type":"product","link":"https:\/\/dealeurdesaveurs.com\/fr\/produit\/crumble-cbd-blue-cheese\/","title":{"rendered":"Crumble CBD \u2013 Blue Cheese"},"content":{"rendered":"<h3 style=\"text-align: left;\"><span style=\"color: #ffffff;\">Aspect &amp; texture<\/span><\/h3>\n<p style=\"text-align: left;\"><span style=\"color: #ffffff;\">Crumble \u00e0 la structure s\u00e8che et friable, facile \u00e0 manipuler. Mati\u00e8re l\u00e9g\u00e8re, non collante, avec une granulom\u00e9trie r\u00e9guli\u00e8re. Aspect caract\u00e9ristique des concentr\u00e9s de type crumble.<\/span><\/p>\n<h3 style=\"text-align: left;\"><span style=\"color: #ffffff;\">Profil aromatique<\/span><\/h3>\n<p style=\"text-align: left;\"><span style=\"color: #ffffff;\">Profil aromatique inspir\u00e9 de la Blue Cheese, obtenu par l\u2019ajout d\u2019un<a style=\"color: #ffffff;\" href=\"https:\/\/terpenorapy.com\/product-category\/terpene-blends\/\"><strong> blend de terp\u00e8nes<\/strong><\/a>.<\/span><\/p>\n<p style=\"text-align: left;\"><span style=\"color: #ffffff;\">Notes cr\u00e9meuses et l\u00e9g\u00e8rement terreuses, accompagn\u00e9es d\u2019une touche v\u00e9g\u00e9tale. Lecture plus marqu\u00e9e qu\u2019un crumble neutre, sans saturation ni lourdeur.<\/span><\/p>\n<h3 style=\"text-align: left;\"><span style=\"color: #ffffff;\"><strong>S\u00e9lection &amp; information<\/strong><\/span><\/h3>\n<p style=\"text-align: left;\"><span style=\"color: #ffffff;\">Produit \u00e0 base de chanvre, concentr\u00e9 en CBD, avec ajout de terp\u00e8nes pour d\u00e9finir le profil aromatique.<\/span><\/p>\n<p style=\"text-align: left;\"><span style=\"color: #ffffff;\">S\u00e9lection Dealeur de Saveurs orient\u00e9e vers la coh\u00e9rence de la mati\u00e8re, la stabilit\u00e9 du produit et la lisibilit\u00e9 de son usage.<\/span><\/p>\n<p style=\"text-align: left;\"><span style=\"color: #ffffff;\">Teneur en THC conforme \u00e0 la r\u00e9glementation en vigueur.<\/span><\/p>","protected":false},"excerpt":{"rendered":"<p style=\"text-align: center;\"><span style=\"color: #ffffff;\">Concentr\u00e9 CBD \u00e0 la texture friable et s\u00e8che, enrichi d\u2019un blend de terp\u00e8nes.<\/span><\/p>\n<p style=\"text-align: center;\"><span style=\"color: #ffffff;\">Profil aromatique inspir\u00e9 de la Blue Cheese, produit technique destin\u00e9 \u00e0 un public averti.<\/span><\/p>","protected":false},"featured_media":29525,"comment_status":"open","ping_status":"closed","template":"","meta":{"_angie_page":false},"product_brand":[],"product_cat":[198,291],"product_tag":[],"class_list":{"0":"post-20712","1":"product","2":"type-product","3":"status-publish","4":"has-post-thumbnail","6":"product_cat-concentres-cbd","7":"product_cat-crumble","9":"first","10":"instock","11":"taxable","12":"shipping-taxable","13":"purchasable","14":"product-type-variable"},"yoast_head":"<!-- This site is optimized with the Yoast SEO plugin v27.3 - https:\/\/yoast.com\/product\/yoast-seo-wordpress\/ -->\n<title>Crumble CBD \u2013 Blue Cheese - Dealeur de Saveurs<\/title>\n<meta name=\"robots\" content=\"index, follow, max-snippet:-1, max-image-preview:large, max-video-preview:-1\" \/>\n<link rel=\"canonical\" href=\"https:\/\/dealeurdesaveurs.com\/fr\/produit\/crumble-cbd-blue-cheese\/\" \/>\n<meta property=\"og:locale\" content=\"fr_FR\" \/>\n<meta property=\"og:type\" content=\"article\" \/>\n<meta property=\"og:title\" content=\"Crumble CBD \u2013 Blue Cheese - Dealeur de Saveurs\" \/>\n<meta property=\"og:description\" content=\"Concentr\u00e9 CBD \u00e0 la texture friable et s\u00e8che, enrichi d\u2019un blend de terp\u00e8nes. Profil aromatique inspir\u00e9 de la Blue Cheese, produit technique destin\u00e9 \u00e0 un public averti.\" \/>\n<meta property=\"og:url\" content=\"https:\/\/dealeurdesaveurs.com\/fr\/produit\/crumble-cbd-blue-cheese\/\" \/>\n<meta property=\"og:site_name\" content=\"Dealeur de Saveurs\" \/>\n<meta property=\"article:modified_time\" content=\"2026-04-08T23:16:26+00:00\" \/>\n<meta property=\"og:image\" content=\"https:\/\/dealeurdesaveurs.com\/wp-content\/uploads\/2026\/01\/1000004067.png\" \/>\n\t<meta property=\"og:image:width\" content=\"530\" \/>\n\t<meta property=\"og:image:height\" content=\"530\" \/>\n\t<meta property=\"og:image:type\" content=\"image\/png\" \/>\n<meta name=\"twitter:card\" content=\"summary_large_image\" \/>\n<meta name=\"twitter:label1\" content=\"Dur\u00e9e de lecture estim\u00e9e\" \/>\n\t<meta name=\"twitter:data1\" content=\"1 minute\" \/>\n<script type=\"application\/ld+json\" class=\"yoast-schema-graph\">{\"@context\":\"https:\\\/\\\/schema.org\",\"@graph\":[{\"@type\":\"WebPage\",\"@id\":\"https:\\\/\\\/dealeurdesaveurs.com\\\/produit\\\/crumble-cbd-blue-cheese\\\/\",\"url\":\"https:\\\/\\\/dealeurdesaveurs.com\\\/produit\\\/crumble-cbd-blue-cheese\\\/\",\"name\":\"Crumble CBD \u2013 Blue Cheese - Dealeur de Saveurs\",\"isPartOf\":{\"@id\":\"https:\\\/\\\/dealeurdesaveurs.com\\\/#website\"},\"primaryImageOfPage\":{\"@id\":\"https:\\\/\\\/dealeurdesaveurs.com\\\/produit\\\/crumble-cbd-blue-cheese\\\/#primaryimage\"},\"image\":{\"@id\":\"https:\\\/\\\/dealeurdesaveurs.com\\\/produit\\\/crumble-cbd-blue-cheese\\\/#primaryimage\"},\"thumbnailUrl\":\"https:\\\/\\\/dealeurdesaveurs.com\\\/wp-content\\\/uploads\\\/2026\\\/01\\\/1000013773.png\",\"datePublished\":\"2026-01-20T02:19:35+00:00\",\"dateModified\":\"2026-04-08T23:16:26+00:00\",\"breadcrumb\":{\"@id\":\"https:\\\/\\\/dealeurdesaveurs.com\\\/produit\\\/crumble-cbd-blue-cheese\\\/#breadcrumb\"},\"inLanguage\":\"fr-FR\",\"potentialAction\":[{\"@type\":\"ReadAction\",\"target\":[\"https:\\\/\\\/dealeurdesaveurs.com\\\/produit\\\/crumble-cbd-blue-cheese\\\/\"]}]},{\"@type\":\"ImageObject\",\"inLanguage\":\"fr-FR\",\"@id\":\"https:\\\/\\\/dealeurdesaveurs.com\\\/produit\\\/crumble-cbd-blue-cheese\\\/#primaryimage\",\"url\":\"https:\\\/\\\/dealeurdesaveurs.com\\\/wp-content\\\/uploads\\\/2026\\\/01\\\/1000013773.png\",\"contentUrl\":\"https:\\\/\\\/dealeurdesaveurs.com\\\/wp-content\\\/uploads\\\/2026\\\/01\\\/1000013773.png\",\"width\":530,\"height\":530},{\"@type\":\"BreadcrumbList\",\"@id\":\"https:\\\/\\\/dealeurdesaveurs.com\\\/produit\\\/crumble-cbd-blue-cheese\\\/#breadcrumb\",\"itemListElement\":[{\"@type\":\"ListItem\",\"position\":1,\"name\":\"Accueil\",\"item\":\"https:\\\/\\\/dealeurdesaveurs.com\\\/\"},{\"@type\":\"ListItem\",\"position\":2,\"name\":\"Produits\",\"item\":\"https:\\\/\\\/dealeurdesaveurs.com\\\/shop\\\/\"},{\"@type\":\"ListItem\",\"position\":3,\"name\":\"Crumble CBD \u2013 Blue Cheese\"}]},{\"@type\":\"WebSite\",\"@id\":\"https:\\\/\\\/dealeurdesaveurs.com\\\/#website\",\"url\":\"https:\\\/\\\/dealeurdesaveurs.com\\\/\",\"name\":\"Dealeurs de Saveurs\",\"description\":\"Fleurs CBD | R\u00e9sines CBD | Huiles CBD | Produits CBD En ligne\",\"publisher\":{\"@id\":\"https:\\\/\\\/dealeurdesaveurs.com\\\/#organization\"},\"potentialAction\":[{\"@type\":\"SearchAction\",\"target\":{\"@type\":\"EntryPoint\",\"urlTemplate\":\"https:\\\/\\\/dealeurdesaveurs.com\\\/?s={search_term_string}\"},\"query-input\":{\"@type\":\"PropertyValueSpecification\",\"valueRequired\":true,\"valueName\":\"search_term_string\"}}],\"inLanguage\":\"fr-FR\"},{\"@type\":\"Organization\",\"@id\":\"https:\\\/\\\/dealeurdesaveurs.com\\\/#organization\",\"name\":\"Dealeurs de Saveurs\",\"alternateName\":\"DDS\",\"url\":\"https:\\\/\\\/dealeurdesaveurs.com\\\/\",\"logo\":{\"@type\":\"ImageObject\",\"inLanguage\":\"fr-FR\",\"@id\":\"https:\\\/\\\/dealeurdesaveurs.com\\\/#\\\/schema\\\/logo\\\/image\\\/\",\"url\":\"https:\\\/\\\/dealeurdesaveurs.com\\\/wp-content\\\/uploads\\\/2026\\\/02\\\/1000080641_4ebf3b78bebd9c61b1c47ce765514c09-7_10_2025-1_49_05-PM_20251216_232622_0000.png\",\"contentUrl\":\"https:\\\/\\\/dealeurdesaveurs.com\\\/wp-content\\\/uploads\\\/2026\\\/02\\\/1000080641_4ebf3b78bebd9c61b1c47ce765514c09-7_10_2025-1_49_05-PM_20251216_232622_0000.png\",\"width\":650,\"height\":690,\"caption\":\"Dealeurs de Saveurs\"},\"image\":{\"@id\":\"https:\\\/\\\/dealeurdesaveurs.com\\\/#\\\/schema\\\/logo\\\/image\\\/\"},\"sameAs\":[\"https:\\\/\\\/www.instagram.com\\\/dealeurdesaveurs\"]}]}<\/script>\n<!-- \/ Yoast SEO plugin. -->","yoast_head_json":{"title":"Crumble CBD \u2013 Blue Cheese - Dealeur de Saveurs","robots":{"index":"index","follow":"follow","max-snippet":"max-snippet:-1","max-image-preview":"max-image-preview:large","max-video-preview":"max-video-preview:-1"},"canonical":"https:\/\/dealeurdesaveurs.com\/fr\/produit\/crumble-cbd-blue-cheese\/","og_locale":"fr_FR","og_type":"article","og_title":"Crumble CBD \u2013 Blue Cheese - Dealeur de Saveurs","og_description":"Concentr\u00e9 CBD \u00e0 la texture friable et s\u00e8che, enrichi d\u2019un blend de terp\u00e8nes. Profil aromatique inspir\u00e9 de la Blue Cheese, produit technique destin\u00e9 \u00e0 un public averti.","og_url":"https:\/\/dealeurdesaveurs.com\/fr\/produit\/crumble-cbd-blue-cheese\/","og_site_name":"Dealeur de Saveurs","article_modified_time":"2026-04-08T23:16:26+00:00","og_image":[{"width":530,"height":530,"url":"https:\/\/dealeurdesaveurs.com\/wp-content\/uploads\/2026\/01\/1000004067.png","type":"image\/png"}],"twitter_card":"summary_large_image","twitter_misc":{"Dur\u00e9e de lecture estim\u00e9e":"1 minute"},"schema":{"@context":"https:\/\/schema.org","@graph":[{"@type":"WebPage","@id":"https:\/\/dealeurdesaveurs.com\/produit\/crumble-cbd-blue-cheese\/","url":"https:\/\/dealeurdesaveurs.com\/produit\/crumble-cbd-blue-cheese\/","name":"Crumble CBD \u2013 Blue Cheese - Dealeur de Saveurs","isPartOf":{"@id":"https:\/\/dealeurdesaveurs.com\/#website"},"primaryImageOfPage":{"@id":"https:\/\/dealeurdesaveurs.com\/produit\/crumble-cbd-blue-cheese\/#primaryimage"},"image":{"@id":"https:\/\/dealeurdesaveurs.com\/produit\/crumble-cbd-blue-cheese\/#primaryimage"},"thumbnailUrl":"https:\/\/dealeurdesaveurs.com\/wp-content\/uploads\/2026\/01\/1000013773.png","datePublished":"2026-01-20T02:19:35+00:00","dateModified":"2026-04-08T23:16:26+00:00","breadcrumb":{"@id":"https:\/\/dealeurdesaveurs.com\/produit\/crumble-cbd-blue-cheese\/#breadcrumb"},"inLanguage":"fr-FR","potentialAction":[{"@type":"ReadAction","target":["https:\/\/dealeurdesaveurs.com\/produit\/crumble-cbd-blue-cheese\/"]}]},{"@type":"ImageObject","inLanguage":"fr-FR","@id":"https:\/\/dealeurdesaveurs.com\/produit\/crumble-cbd-blue-cheese\/#primaryimage","url":"https:\/\/dealeurdesaveurs.com\/wp-content\/uploads\/2026\/01\/1000013773.png","contentUrl":"https:\/\/dealeurdesaveurs.com\/wp-content\/uploads\/2026\/01\/1000013773.png","width":530,"height":530},{"@type":"BreadcrumbList","@id":"https:\/\/dealeurdesaveurs.com\/produit\/crumble-cbd-blue-cheese\/#breadcrumb","itemListElement":[{"@type":"ListItem","position":1,"name":"Accueil","item":"https:\/\/dealeurdesaveurs.com\/"},{"@type":"ListItem","position":2,"name":"Produits","item":"https:\/\/dealeurdesaveurs.com\/shop\/"},{"@type":"ListItem","position":3,"name":"Crumble CBD \u2013 Blue Cheese"}]},{"@type":"WebSite","@id":"https:\/\/dealeurdesaveurs.com\/#website","url":"https:\/\/dealeurdesaveurs.com\/","name":"Dealeurs de Saveurs","description":"Fleurs CBD | R\u00e9sines CBD | Huiles CBD | Produits CBD En ligne","publisher":{"@id":"https:\/\/dealeurdesaveurs.com\/#organization"},"potentialAction":[{"@type":"SearchAction","target":{"@type":"EntryPoint","urlTemplate":"https:\/\/dealeurdesaveurs.com\/?s={search_term_string}"},"query-input":{"@type":"PropertyValueSpecification","valueRequired":true,"valueName":"search_term_string"}}],"inLanguage":"fr-FR"},{"@type":"Organization","@id":"https:\/\/dealeurdesaveurs.com\/#organization","name":"Dealeurs de Saveurs","alternateName":"DDS","url":"https:\/\/dealeurdesaveurs.com\/","logo":{"@type":"ImageObject","inLanguage":"fr-FR","@id":"https:\/\/dealeurdesaveurs.com\/#\/schema\/logo\/image\/","url":"https:\/\/dealeurdesaveurs.com\/wp-content\/uploads\/2026\/02\/1000080641_4ebf3b78bebd9c61b1c47ce765514c09-7_10_2025-1_49_05-PM_20251216_232622_0000.png","contentUrl":"https:\/\/dealeurdesaveurs.com\/wp-content\/uploads\/2026\/02\/1000080641_4ebf3b78bebd9c61b1c47ce765514c09-7_10_2025-1_49_05-PM_20251216_232622_0000.png","width":650,"height":690,"caption":"Dealeurs de Saveurs"},"image":{"@id":"https:\/\/dealeurdesaveurs.com\/#\/schema\/logo\/image\/"},"sameAs":["https:\/\/www.instagram.com\/dealeurdesaveurs"]}]}},"jetpack_sharing_enabled":true,"_links":{"self":[{"href":"https:\/\/dealeurdesaveurs.com\/fr\/wp-json\/wp\/v2\/product\/20712","targetHints":{"allow":["GET"]}}],"collection":[{"href":"https:\/\/dealeurdesaveurs.com\/fr\/wp-json\/wp\/v2\/product"}],"about":[{"href":"https:\/\/dealeurdesaveurs.com\/fr\/wp-json\/wp\/v2\/types\/product"}],"replies":[{"embeddable":true,"href":"https:\/\/dealeurdesaveurs.com\/fr\/wp-json\/wp\/v2\/comments?post=20712"}],"version-history":[{"count":6,"href":"https:\/\/dealeurdesaveurs.com\/fr\/wp-json\/wp\/v2\/product\/20712\/revisions"}],"predecessor-version":[{"id":21391,"href":"https:\/\/dealeurdesaveurs.com\/fr\/wp-json\/wp\/v2\/product\/20712\/revisions\/21391"}],"wp:featuredmedia":[{"embeddable":true,"href":"https:\/\/dealeurdesaveurs.com\/fr\/wp-json\/wp\/v2\/media\/29525"}],"wp:attachment":[{"href":"https:\/\/dealeurdesaveurs.com\/fr\/wp-json\/wp\/v2\/media?parent=20712"}],"wp:term":[{"taxonomy":"product_brand","embeddable":true,"href":"https:\/\/dealeurdesaveurs.com\/fr\/wp-json\/wp\/v2\/product_brand?post=20712"},{"taxonomy":"product_cat","embeddable":true,"href":"https:\/\/dealeurdesaveurs.com\/fr\/wp-json\/wp\/v2\/product_cat?post=20712"},{"taxonomy":"product_tag","embeddable":true,"href":"https:\/\/dealeurdesaveurs.com\/fr\/wp-json\/wp\/v2\/product_tag?post=20712"}],"curies":[{"name":"wp","href":"https:\/\/api.w.org\/{rel}","templated":true}]}}