{"id":29106,"date":"2026-03-10T05:00:25","date_gmt":"2026-03-10T05:00:25","guid":{"rendered":"https:\/\/dealeurdesaveurs.com\/?post_type=product&#038;p=29106"},"modified":"2026-03-26T22:46:49","modified_gmt":"2026-03-26T22:46:49","slug":"platinium-oreo","status":"publish","type":"product","link":"https:\/\/dealeurdesaveurs.com\/fr\/produit\/platinium-oreo\/","title":{"rendered":"Platinium Oreo &#8211; Fleur CBD Gourmand | S\u00e9lection"},"content":{"rendered":"<p style=\"text-align: right;\"><span style=\"color: #ffffff;\">Pr\u00e9sentation<\/span><\/p>\n<p><span style=\"color: #ffffff;\">La Platinum Oreo \u2013 Fleur CBD Indoor USA est une fleur issue d\u2019une culture en int\u00e9rieur r\u00e9alis\u00e9e aux \u00c9tats-Unis.<\/span><\/p>\n<p><span style=\"color: #ffffff;\">La culture indoor permet un contr\u00f4le pr\u00e9cis des param\u00e8tres de production et favorise une structure dense des fleurs.<\/span><\/p>\n<p><span style=\"color: #ffffff;\">Cette vari\u00e9t\u00e9 fait partie des fleurs s\u00e9lectionn\u00e9es pour la qualit\u00e9 de leur mati\u00e8re et leur profil aromatique.<\/span><\/p>\n<p><span style=\"color: #ffffff;\">Profil aromatique<\/span><\/p>\n<p><span style=\"color: #ffffff;\">La Platinum Oreo CBD d\u00e9veloppe g\u00e9n\u00e9ralement un profil aromatique structur\u00e9.<\/span><\/p>\n<p><span style=\"color: #ffffff;\">On retrouve souvent :<\/span><\/p>\n<ul>\n<li><span style=\"color: #ffffff;\">Notes cr\u00e9meuses dominantes<\/span><\/li>\n<li><span style=\"color: #ffffff;\">Nuances l\u00e9g\u00e8rement sucr\u00e9es<\/span><\/li>\n<li><span style=\"color: #ffffff;\">Fond bois\u00e9 discret<\/span><\/li>\n<li><span style=\"color: #ffffff;\">Pointe v\u00e9g\u00e9tale naturelle<\/span><\/li>\n<\/ul>\n<p><span style=\"color: #ffffff;\">Une signature aromatique ronde et \u00e9quilibr\u00e9e.<\/span><\/p>\n<p><span style=\"color: #ffffff;\">Culture Indoor &amp; Structure<\/span><\/p>\n<p><span style=\"color: #ffffff;\">La culture indoor permet :<\/span><\/p>\n<ul>\n<li><span style=\"color: #ffffff;\">un contr\u00f4le pr\u00e9cis de l\u2019environnement<\/span><\/li>\n<li><span style=\"color: #ffffff;\">une production homog\u00e8ne<\/span><\/li>\n<li><span style=\"color: #ffffff;\">une structure dense des fleurs<\/span><\/li>\n<li><span style=\"color: #ffffff;\">une stabilit\u00e9 aromatique<\/span><\/li>\n<\/ul>\n<p><span style=\"color: #ffffff;\">La Platinum Oreo CBD indoor pr\u00e9sente ainsi une mati\u00e8re v\u00e9g\u00e9tale riche en trichomes et une structure compacte.<\/span><\/p>\n<p><span style=\"color: #ffffff;\">Pour qui ?<\/span><\/p>\n<p><span style=\"color: #ffffff;\">La Platinum Oreo CBD s\u2019adresse aux amateurs qui recherchent :<\/span><\/p>\n<ul>\n<li><span style=\"color: #ffffff;\">une fleur CBD cultiv\u00e9e en indoor<\/span><\/li>\n<li><span style=\"color: #ffffff;\">un profil aromatique rond et \u00e9quilibr\u00e9<\/span><\/li>\n<li><span style=\"color: #ffffff;\">une structure dense et r\u00e9sineuse<\/span><\/li>\n<li><span style=\"color: #ffffff;\">une vari\u00e9t\u00e9 au caract\u00e8re aromatique marqu\u00e9<\/span><\/li>\n<\/ul>\n<p><span style=\"color: #ffffff;\">Aspect visuel<\/span><\/p>\n<p><span style=\"color: #ffffff;\">Les fleurs pr\u00e9sentent g\u00e9n\u00e9ralement :<\/span><\/p>\n<ul>\n<li><span style=\"color: #ffffff;\">Teinte vert soutenu \u00e0 nuances plus fonc\u00e9es<\/span><\/li>\n<li><span style=\"color: #ffffff;\">Pistils orang\u00e9s<\/span><\/li>\n<li><span style=\"color: #ffffff;\">Structure compacte<\/span><\/li>\n<li><span style=\"color: #ffffff;\">Trichomes visibles selon le lot<\/span><\/li>\n<\/ul>\n<p><span style=\"color: #ffffff;\">Caract\u00e9ristiques techniques<\/span><\/p>\n<p><span style=\"color: #ffffff;\">Type : Fleur CBD<\/span><br \/>\n<span style=\"color: #ffffff;\">Vari\u00e9t\u00e9 : Platinum Oreo<\/span><br \/>\n<span style=\"color: #ffffff;\">Culture : Indoor \u2013 \u00c9tats-Unis<\/span><br \/>\n<span style=\"color: #ffffff;\">Profil aromatique : Cr\u00e9meux \/ Sucr\u00e9 \/ Bois\u00e9<\/span><br \/>\n<span style=\"color: #ffffff;\">Chanvre : Cannabis Sativa L.<\/span><br \/>\n<span style=\"color: #ffffff;\">THC : Conforme \u00e0 la r\u00e9glementation europ\u00e9enne (&lt; 0,3 %)<\/span><\/p>","protected":false},"excerpt":{"rendered":"<p><span style=\"color: #ffffff;\">Platinum Oreo est une fleur CBD cultiv\u00e9e en indoor aux \u00c9tats-Unis, s\u00e9lectionn\u00e9e pour la qualit\u00e9 de sa mati\u00e8re et sa structure dense.<\/span><\/p>","protected":false},"featured_media":29301,"comment_status":"open","ping_status":"closed","template":"","meta":[],"product_brand":[],"product_cat":[222,286],"product_tag":[284,274,293],"class_list":{"0":"post-29106","1":"product","2":"type-product","3":"status-publish","4":"has-post-thumbnail","6":"product_cat-fleurs-cbd","7":"product_cat-indoor","8":"product_tag-gourmand","9":"product_tag-indoor","10":"product_tag-selection","12":"first","13":"instock","14":"taxable","15":"shipping-taxable","16":"purchasable","17":"product-type-variable"},"yoast_head":"<!-- This site is optimized with the Yoast SEO plugin v27.3 - https:\/\/yoast.com\/product\/yoast-seo-wordpress\/ -->\n<title>Platinium Oreo \u2013 Fleur CBD S\u00e9lection | Dealeur de Saveurs<\/title>\n<meta name=\"description\" content=\"Platinium Oreo, fleur CBD s\u00e9lectionn\u00e9e au profil gourmand et \u00e9quilibr\u00e9. Structure dense et signature aromatique caract\u00e9ristique.\" \/>\n<meta name=\"robots\" content=\"index, follow, max-snippet:-1, max-image-preview:large, max-video-preview:-1\" \/>\n<link rel=\"canonical\" href=\"https:\/\/dealeurdesaveurs.com\/fr\/produit\/platinium-oreo\/\" \/>\n<meta property=\"og:locale\" content=\"fr_FR\" \/>\n<meta property=\"og:type\" content=\"article\" \/>\n<meta property=\"og:title\" content=\"Platinium Oreo \u2013 Fleur CBD S\u00e9lection | Dealeur de Saveurs\" \/>\n<meta property=\"og:description\" content=\"Platinium Oreo, fleur CBD s\u00e9lectionn\u00e9e au profil gourmand et \u00e9quilibr\u00e9. Structure dense et signature aromatique caract\u00e9ristique.\" \/>\n<meta property=\"og:url\" content=\"https:\/\/dealeurdesaveurs.com\/fr\/produit\/platinium-oreo\/\" \/>\n<meta property=\"og:site_name\" content=\"Dealeur de Saveurs\" \/>\n<meta property=\"article:modified_time\" content=\"2026-03-26T22:46:49+00:00\" \/>\n<meta property=\"og:image\" content=\"https:\/\/dealeurdesaveurs.com\/wp-content\/uploads\/2026\/03\/1000010619.png\" \/>\n\t<meta property=\"og:image:width\" content=\"1024\" \/>\n\t<meta property=\"og:image:height\" content=\"1024\" \/>\n\t<meta property=\"og:image:type\" content=\"image\/png\" \/>\n<meta name=\"twitter:card\" content=\"summary_large_image\" \/>\n<meta name=\"twitter:label1\" content=\"Dur\u00e9e de lecture estim\u00e9e\" \/>\n\t<meta name=\"twitter:data1\" content=\"2 minutes\" \/>\n<script type=\"application\/ld+json\" class=\"yoast-schema-graph\">{\"@context\":\"https:\\\/\\\/schema.org\",\"@graph\":[{\"@type\":\"WebPage\",\"@id\":\"https:\\\/\\\/dealeurdesaveurs.com\\\/produit\\\/platinium-oreo\\\/\",\"url\":\"https:\\\/\\\/dealeurdesaveurs.com\\\/produit\\\/platinium-oreo\\\/\",\"name\":\"Platinium Oreo \u2013 Fleur CBD S\u00e9lection | Dealeur de Saveurs\",\"isPartOf\":{\"@id\":\"https:\\\/\\\/dealeurdesaveurs.com\\\/#website\"},\"primaryImageOfPage\":{\"@id\":\"https:\\\/\\\/dealeurdesaveurs.com\\\/produit\\\/platinium-oreo\\\/#primaryimage\"},\"image\":{\"@id\":\"https:\\\/\\\/dealeurdesaveurs.com\\\/produit\\\/platinium-oreo\\\/#primaryimage\"},\"thumbnailUrl\":\"https:\\\/\\\/dealeurdesaveurs.com\\\/wp-content\\\/uploads\\\/2026\\\/03\\\/1000010619.png\",\"datePublished\":\"2026-03-10T05:00:25+00:00\",\"dateModified\":\"2026-03-26T22:46:49+00:00\",\"description\":\"Platinium Oreo, fleur CBD s\u00e9lectionn\u00e9e au profil gourmand et \u00e9quilibr\u00e9. Structure dense et signature aromatique caract\u00e9ristique.\",\"breadcrumb\":{\"@id\":\"https:\\\/\\\/dealeurdesaveurs.com\\\/produit\\\/platinium-oreo\\\/#breadcrumb\"},\"inLanguage\":\"fr-FR\",\"potentialAction\":[{\"@type\":\"ReadAction\",\"target\":[\"https:\\\/\\\/dealeurdesaveurs.com\\\/produit\\\/platinium-oreo\\\/\"]}]},{\"@type\":\"ImageObject\",\"inLanguage\":\"fr-FR\",\"@id\":\"https:\\\/\\\/dealeurdesaveurs.com\\\/produit\\\/platinium-oreo\\\/#primaryimage\",\"url\":\"https:\\\/\\\/dealeurdesaveurs.com\\\/wp-content\\\/uploads\\\/2026\\\/03\\\/1000010619.png\",\"contentUrl\":\"https:\\\/\\\/dealeurdesaveurs.com\\\/wp-content\\\/uploads\\\/2026\\\/03\\\/1000010619.png\",\"width\":1024,\"height\":1024},{\"@type\":\"BreadcrumbList\",\"@id\":\"https:\\\/\\\/dealeurdesaveurs.com\\\/produit\\\/platinium-oreo\\\/#breadcrumb\",\"itemListElement\":[{\"@type\":\"ListItem\",\"position\":1,\"name\":\"Accueil\",\"item\":\"https:\\\/\\\/dealeurdesaveurs.com\\\/\"},{\"@type\":\"ListItem\",\"position\":2,\"name\":\"Produits\",\"item\":\"https:\\\/\\\/dealeurdesaveurs.com\\\/shop\\\/\"},{\"@type\":\"ListItem\",\"position\":3,\"name\":\"Platinium Oreo &#8211; Fleur CBD Gourmand | S\u00e9lection\"}]},{\"@type\":\"WebSite\",\"@id\":\"https:\\\/\\\/dealeurdesaveurs.com\\\/#website\",\"url\":\"https:\\\/\\\/dealeurdesaveurs.com\\\/\",\"name\":\"Dealeurs de Saveurs\",\"description\":\"Fleurs CBD | R\u00e9sines CBD | Huiles CBD | Produits CBD En ligne\",\"publisher\":{\"@id\":\"https:\\\/\\\/dealeurdesaveurs.com\\\/#organization\"},\"potentialAction\":[{\"@type\":\"SearchAction\",\"target\":{\"@type\":\"EntryPoint\",\"urlTemplate\":\"https:\\\/\\\/dealeurdesaveurs.com\\\/?s={search_term_string}\"},\"query-input\":{\"@type\":\"PropertyValueSpecification\",\"valueRequired\":true,\"valueName\":\"search_term_string\"}}],\"inLanguage\":\"fr-FR\"},{\"@type\":\"Organization\",\"@id\":\"https:\\\/\\\/dealeurdesaveurs.com\\\/#organization\",\"name\":\"Dealeurs de Saveurs\",\"alternateName\":\"DDS\",\"url\":\"https:\\\/\\\/dealeurdesaveurs.com\\\/\",\"logo\":{\"@type\":\"ImageObject\",\"inLanguage\":\"fr-FR\",\"@id\":\"https:\\\/\\\/dealeurdesaveurs.com\\\/#\\\/schema\\\/logo\\\/image\\\/\",\"url\":\"https:\\\/\\\/dealeurdesaveurs.com\\\/wp-content\\\/uploads\\\/2026\\\/02\\\/1000080641_4ebf3b78bebd9c61b1c47ce765514c09-7_10_2025-1_49_05-PM_20251216_232622_0000.png\",\"contentUrl\":\"https:\\\/\\\/dealeurdesaveurs.com\\\/wp-content\\\/uploads\\\/2026\\\/02\\\/1000080641_4ebf3b78bebd9c61b1c47ce765514c09-7_10_2025-1_49_05-PM_20251216_232622_0000.png\",\"width\":650,\"height\":690,\"caption\":\"Dealeurs de Saveurs\"},\"image\":{\"@id\":\"https:\\\/\\\/dealeurdesaveurs.com\\\/#\\\/schema\\\/logo\\\/image\\\/\"},\"sameAs\":[\"https:\\\/\\\/www.instagram.com\\\/dealeurdesaveurs\"]}]}<\/script>\n<!-- \/ Yoast SEO plugin. -->","yoast_head_json":{"title":"Platinium Oreo \u2013 Fleur CBD S\u00e9lection | Dealeur de Saveurs","description":"Platinium Oreo, fleur CBD s\u00e9lectionn\u00e9e au profil gourmand et \u00e9quilibr\u00e9. Structure dense et signature aromatique caract\u00e9ristique.","robots":{"index":"index","follow":"follow","max-snippet":"max-snippet:-1","max-image-preview":"max-image-preview:large","max-video-preview":"max-video-preview:-1"},"canonical":"https:\/\/dealeurdesaveurs.com\/fr\/produit\/platinium-oreo\/","og_locale":"fr_FR","og_type":"article","og_title":"Platinium Oreo \u2013 Fleur CBD S\u00e9lection | Dealeur de Saveurs","og_description":"Platinium Oreo, fleur CBD s\u00e9lectionn\u00e9e au profil gourmand et \u00e9quilibr\u00e9. Structure dense et signature aromatique caract\u00e9ristique.","og_url":"https:\/\/dealeurdesaveurs.com\/fr\/produit\/platinium-oreo\/","og_site_name":"Dealeur de Saveurs","article_modified_time":"2026-03-26T22:46:49+00:00","og_image":[{"width":1024,"height":1024,"url":"https:\/\/dealeurdesaveurs.com\/wp-content\/uploads\/2026\/03\/1000010619.png","type":"image\/png"}],"twitter_card":"summary_large_image","twitter_misc":{"Dur\u00e9e de lecture estim\u00e9e":"2 minutes"},"schema":{"@context":"https:\/\/schema.org","@graph":[{"@type":"WebPage","@id":"https:\/\/dealeurdesaveurs.com\/produit\/platinium-oreo\/","url":"https:\/\/dealeurdesaveurs.com\/produit\/platinium-oreo\/","name":"Platinium Oreo \u2013 Fleur CBD S\u00e9lection | Dealeur de Saveurs","isPartOf":{"@id":"https:\/\/dealeurdesaveurs.com\/#website"},"primaryImageOfPage":{"@id":"https:\/\/dealeurdesaveurs.com\/produit\/platinium-oreo\/#primaryimage"},"image":{"@id":"https:\/\/dealeurdesaveurs.com\/produit\/platinium-oreo\/#primaryimage"},"thumbnailUrl":"https:\/\/dealeurdesaveurs.com\/wp-content\/uploads\/2026\/03\/1000010619.png","datePublished":"2026-03-10T05:00:25+00:00","dateModified":"2026-03-26T22:46:49+00:00","description":"Platinium Oreo, fleur CBD s\u00e9lectionn\u00e9e au profil gourmand et \u00e9quilibr\u00e9. Structure dense et signature aromatique caract\u00e9ristique.","breadcrumb":{"@id":"https:\/\/dealeurdesaveurs.com\/produit\/platinium-oreo\/#breadcrumb"},"inLanguage":"fr-FR","potentialAction":[{"@type":"ReadAction","target":["https:\/\/dealeurdesaveurs.com\/produit\/platinium-oreo\/"]}]},{"@type":"ImageObject","inLanguage":"fr-FR","@id":"https:\/\/dealeurdesaveurs.com\/produit\/platinium-oreo\/#primaryimage","url":"https:\/\/dealeurdesaveurs.com\/wp-content\/uploads\/2026\/03\/1000010619.png","contentUrl":"https:\/\/dealeurdesaveurs.com\/wp-content\/uploads\/2026\/03\/1000010619.png","width":1024,"height":1024},{"@type":"BreadcrumbList","@id":"https:\/\/dealeurdesaveurs.com\/produit\/platinium-oreo\/#breadcrumb","itemListElement":[{"@type":"ListItem","position":1,"name":"Accueil","item":"https:\/\/dealeurdesaveurs.com\/"},{"@type":"ListItem","position":2,"name":"Produits","item":"https:\/\/dealeurdesaveurs.com\/shop\/"},{"@type":"ListItem","position":3,"name":"Platinium Oreo &#8211; Fleur CBD Gourmand | S\u00e9lection"}]},{"@type":"WebSite","@id":"https:\/\/dealeurdesaveurs.com\/#website","url":"https:\/\/dealeurdesaveurs.com\/","name":"Dealeurs de Saveurs","description":"Fleurs CBD | R\u00e9sines CBD | Huiles CBD | Produits CBD En ligne","publisher":{"@id":"https:\/\/dealeurdesaveurs.com\/#organization"},"potentialAction":[{"@type":"SearchAction","target":{"@type":"EntryPoint","urlTemplate":"https:\/\/dealeurdesaveurs.com\/?s={search_term_string}"},"query-input":{"@type":"PropertyValueSpecification","valueRequired":true,"valueName":"search_term_string"}}],"inLanguage":"fr-FR"},{"@type":"Organization","@id":"https:\/\/dealeurdesaveurs.com\/#organization","name":"Dealeurs de Saveurs","alternateName":"DDS","url":"https:\/\/dealeurdesaveurs.com\/","logo":{"@type":"ImageObject","inLanguage":"fr-FR","@id":"https:\/\/dealeurdesaveurs.com\/#\/schema\/logo\/image\/","url":"https:\/\/dealeurdesaveurs.com\/wp-content\/uploads\/2026\/02\/1000080641_4ebf3b78bebd9c61b1c47ce765514c09-7_10_2025-1_49_05-PM_20251216_232622_0000.png","contentUrl":"https:\/\/dealeurdesaveurs.com\/wp-content\/uploads\/2026\/02\/1000080641_4ebf3b78bebd9c61b1c47ce765514c09-7_10_2025-1_49_05-PM_20251216_232622_0000.png","width":650,"height":690,"caption":"Dealeurs de Saveurs"},"image":{"@id":"https:\/\/dealeurdesaveurs.com\/#\/schema\/logo\/image\/"},"sameAs":["https:\/\/www.instagram.com\/dealeurdesaveurs"]}]}},"jetpack_sharing_enabled":true,"_links":{"self":[{"href":"https:\/\/dealeurdesaveurs.com\/fr\/wp-json\/wp\/v2\/product\/29106","targetHints":{"allow":["GET"]}}],"collection":[{"href":"https:\/\/dealeurdesaveurs.com\/fr\/wp-json\/wp\/v2\/product"}],"about":[{"href":"https:\/\/dealeurdesaveurs.com\/fr\/wp-json\/wp\/v2\/types\/product"}],"replies":[{"embeddable":true,"href":"https:\/\/dealeurdesaveurs.com\/fr\/wp-json\/wp\/v2\/comments?post=29106"}],"version-history":[{"count":13,"href":"https:\/\/dealeurdesaveurs.com\/fr\/wp-json\/wp\/v2\/product\/29106\/revisions"}],"predecessor-version":[{"id":29427,"href":"https:\/\/dealeurdesaveurs.com\/fr\/wp-json\/wp\/v2\/product\/29106\/revisions\/29427"}],"wp:featuredmedia":[{"embeddable":true,"href":"https:\/\/dealeurdesaveurs.com\/fr\/wp-json\/wp\/v2\/media\/29301"}],"wp:attachment":[{"href":"https:\/\/dealeurdesaveurs.com\/fr\/wp-json\/wp\/v2\/media?parent=29106"}],"wp:term":[{"taxonomy":"product_brand","embeddable":true,"href":"https:\/\/dealeurdesaveurs.com\/fr\/wp-json\/wp\/v2\/product_brand?post=29106"},{"taxonomy":"product_cat","embeddable":true,"href":"https:\/\/dealeurdesaveurs.com\/fr\/wp-json\/wp\/v2\/product_cat?post=29106"},{"taxonomy":"product_tag","embeddable":true,"href":"https:\/\/dealeurdesaveurs.com\/fr\/wp-json\/wp\/v2\/product_tag?post=29106"}],"curies":[{"name":"wp","href":"https:\/\/api.w.org\/{rel}","templated":true}]}}